{"id":2845,"date":"2024-06-07T06:27:35","date_gmt":"2024-06-07T11:27:35","guid":{"rendered":"https:\/trip\/chateau-de-versailles\/"},"modified":"2024-06-07T06:27:35","modified_gmt":"2024-06-07T11:27:35","slug":"chateau-de-versailles","status":"publish","type":"product","link":"https:\/\/muestra.ghistoursandtransfers.com\/fr\/voyage\/chateau-de-versailles\/","title":{"rendered":"Ch\u00e2teau de Versailles"},"content":{"rendered":"<div> Au ch\u00e2teau de Versailles, commencez votre visite en explorant l&rsquo;opulente Galerie des Glaces, o\u00f9 le Trait\u00e9 de Versailles a \u00e9t\u00e9 sign\u00e9. Visitez les luxueuses chambres royales et admirez la splendeur du Hall de la Guerre et du Hall de la Paix. Promenez-vous ensuite dans les magnifiques jardins, con\u00e7us par Andr\u00e9 Le N\u00f4tre, avec ses fontaines, ses sculptures et ses parterres de fleurs. Visitez le Petit Trianon et le Grand Trianon, retraites priv\u00e9es de la royaut\u00e9, et d\u00e9couvrez le pittoresque Hameau de la Reine, une retraite rustique construite pour Marie-Antoinette. Chaque recoin du palais et de ses environs r\u00e9v\u00e8le la richesse et l&rsquo;histoire de la monarchie fran\u00e7aise.     <\/div>\n\n    <div class=\"xs_social_share_widget xs_share_url after_content \t\tmain_content  wslu-style-1 wslu-share-box-shaped wslu-fill-colored wslu-none wslu-share-horizontal wslu-theme-font-no wslu-main_content\">\n\n\t\t\n        <ul>\n\t\t\t        <\/ul>\n    <\/div> \n","protected":false},"excerpt":{"rendered":"<p>Au ch\u00e2teau de Versailles, commencez votre visite en explorant l&rsquo;opulente Galerie des Glaces, o\u00f9 le Trait\u00e9 de Versailles a \u00e9t\u00e9 sign\u00e9. Visitez les luxueuses chambres royales et admirez la splendeur du Hall de la Guerre et du Hall de la Paix. Promenez-vous ensuite dans les magnifiques jardins, con\u00e7us par Andr\u00e9 Le N\u00f4tre, avec ses fontaines, [&hellip;]<\/p>\n","protected":false},"featured_media":1809,"comment_status":"open","ping_status":"closed","template":"","meta":{"_joinchat":[]},"product_brand":[],"product_cat":[362,371],"product_tag":[259,261,263,241,243,244,240,265,258,245,242],"class_list":{"0":"post-2845","1":"product","2":"type-product","3":"status-publish","4":"has-post-thumbnail","6":"product_cat-france-fr","7":"product_cat-versailles-fr","8":"product_tag-anniversaire","9":"product_tag-autres-celebrations","10":"product_tag-centres-commerciaux","11":"product_tag-excursions-dune-journee","12":"product_tag-experiences-sensorielles","13":"product_tag-fetes","14":"product_tag-ils-se-vendent-rapidement","15":"product_tag-louer-des-voitures","16":"product_tag-mariage-et-lune-de-miel","17":"product_tag-transferts","18":"product_tag-visites-nocturnes","20":"first","21":"instock","22":"shipping-taxable","23":"product-type-external"},"_links":{"self":[{"href":"https:\/\/muestra.ghistoursandtransfers.com\/fr\/wp-json\/wp\/v2\/product\/2845","targetHints":{"allow":["GET"]}}],"collection":[{"href":"https:\/\/muestra.ghistoursandtransfers.com\/fr\/wp-json\/wp\/v2\/product"}],"about":[{"href":"https:\/\/muestra.ghistoursandtransfers.com\/fr\/wp-json\/wp\/v2\/types\/product"}],"replies":[{"embeddable":true,"href":"https:\/\/muestra.ghistoursandtransfers.com\/fr\/wp-json\/wp\/v2\/comments?post=2845"}],"version-history":[{"count":0,"href":"https:\/\/muestra.ghistoursandtransfers.com\/fr\/wp-json\/wp\/v2\/product\/2845\/revisions"}],"wp:featuredmedia":[{"embeddable":true,"href":"https:\/\/muestra.ghistoursandtransfers.com\/fr\/wp-json\/wp\/v2\/media\/1809"}],"wp:attachment":[{"href":"https:\/\/muestra.ghistoursandtransfers.com\/fr\/wp-json\/wp\/v2\/media?parent=2845"}],"wp:term":[{"taxonomy":"product_brand","embeddable":true,"href":"https:\/\/muestra.ghistoursandtransfers.com\/fr\/wp-json\/wp\/v2\/product_brand?post=2845"},{"taxonomy":"product_cat","embeddable":true,"href":"https:\/\/muestra.ghistoursandtransfers.com\/fr\/wp-json\/wp\/v2\/product_cat?post=2845"},{"taxonomy":"product_tag","embeddable":true,"href":"https:\/\/muestra.ghistoursandtransfers.com\/fr\/wp-json\/wp\/v2\/product_tag?post=2845"}],"curies":[{"name":"wp","href":"https:\/\/api.w.org\/{rel}","templated":true}]}}