{"id":2844,"date":"2024-06-07T06:55:38","date_gmt":"2024-06-07T11:55:38","guid":{"rendered":"https:\/trip\/mont-saint-michel\/"},"modified":"2024-06-07T06:55:38","modified_gmt":"2024-06-07T11:55:38","slug":"mont-saint-michel","status":"publish","type":"product","link":"https:\/\/muestra.ghistoursandtransfers.com\/fr\/voyage\/mont-saint-michel\/","title":{"rendered":"Mont Saint-Michel"},"content":{"rendered":"<div> Au Mont Saint-Michel, commencez par explorer la majestueuse abbaye m\u00e9di\u00e9vale au sommet du mont, o\u00f9 vous pourrez admirer son impressionnante architecture gothique et profiter d&rsquo;une vue panoramique sur la baie. Promenez-vous dans les rues \u00e9troites et pittoresques de la ville, regorgeant de boutiques, de mus\u00e9es et de restaurants. N&rsquo;oubliez pas de longer les murs et de profiter du spectacle des mar\u00e9es qui entourent l&rsquo;\u00eele et cr\u00e9ent un paysage unique. De plus, visitez l&rsquo;\u00e9glise paroissiale et le mus\u00e9e historique Saint-Pierre pour en apprendre davantage sur l&rsquo;histoire fascinante de ce site embl\u00e9matique. Le Mont Saint-Michel offre une exp\u00e9rience magique charg\u00e9e d&rsquo;histoire dans un cadre incomparable.     <\/div>\n\n    <div class=\"xs_social_share_widget xs_share_url after_content \t\tmain_content  wslu-style-1 wslu-share-box-shaped wslu-fill-colored wslu-none wslu-share-horizontal wslu-theme-font-no wslu-main_content\">\n\n\t\t\n        <ul>\n\t\t\t        <\/ul>\n    <\/div> \n","protected":false},"excerpt":{"rendered":"<p>Au Mont Saint-Michel, commencez par explorer la majestueuse abbaye m\u00e9di\u00e9vale au sommet du mont, o\u00f9 vous pourrez admirer son impressionnante architecture gothique et profiter d&rsquo;une vue panoramique sur la baie. Promenez-vous dans les rues \u00e9troites et pittoresques de la ville, regorgeant de boutiques, de mus\u00e9es et de restaurants. N&rsquo;oubliez pas de longer les murs et [&hellip;]<\/p>\n","protected":false},"featured_media":1815,"comment_status":"open","ping_status":"closed","template":"","meta":{"_joinchat":[]},"product_brand":[],"product_cat":[362,359],"product_tag":[259,261,263,241,244,240,265,258,245,242],"class_list":{"0":"post-2844","1":"product","2":"type-product","3":"status-publish","4":"has-post-thumbnail","6":"product_cat-france-fr","7":"product_cat-normandie","8":"product_tag-anniversaire","9":"product_tag-autres-celebrations","10":"product_tag-centres-commerciaux","11":"product_tag-excursions-dune-journee","12":"product_tag-fetes","13":"product_tag-ils-se-vendent-rapidement","14":"product_tag-louer-des-voitures","15":"product_tag-mariage-et-lune-de-miel","16":"product_tag-transferts","17":"product_tag-visites-nocturnes","19":"first","20":"instock","21":"shipping-taxable","22":"product-type-external"},"_links":{"self":[{"href":"https:\/\/muestra.ghistoursandtransfers.com\/fr\/wp-json\/wp\/v2\/product\/2844","targetHints":{"allow":["GET"]}}],"collection":[{"href":"https:\/\/muestra.ghistoursandtransfers.com\/fr\/wp-json\/wp\/v2\/product"}],"about":[{"href":"https:\/\/muestra.ghistoursandtransfers.com\/fr\/wp-json\/wp\/v2\/types\/product"}],"replies":[{"embeddable":true,"href":"https:\/\/muestra.ghistoursandtransfers.com\/fr\/wp-json\/wp\/v2\/comments?post=2844"}],"version-history":[{"count":0,"href":"https:\/\/muestra.ghistoursandtransfers.com\/fr\/wp-json\/wp\/v2\/product\/2844\/revisions"}],"wp:featuredmedia":[{"embeddable":true,"href":"https:\/\/muestra.ghistoursandtransfers.com\/fr\/wp-json\/wp\/v2\/media\/1815"}],"wp:attachment":[{"href":"https:\/\/muestra.ghistoursandtransfers.com\/fr\/wp-json\/wp\/v2\/media?parent=2844"}],"wp:term":[{"taxonomy":"product_brand","embeddable":true,"href":"https:\/\/muestra.ghistoursandtransfers.com\/fr\/wp-json\/wp\/v2\/product_brand?post=2844"},{"taxonomy":"product_cat","embeddable":true,"href":"https:\/\/muestra.ghistoursandtransfers.com\/fr\/wp-json\/wp\/v2\/product_cat?post=2844"},{"taxonomy":"product_tag","embeddable":true,"href":"https:\/\/muestra.ghistoursandtransfers.com\/fr\/wp-json\/wp\/v2\/product_tag?post=2844"}],"curies":[{"name":"wp","href":"https:\/\/api.w.org\/{rel}","templated":true}]}}