{"id":2843,"date":"2024-06-21T18:59:23","date_gmt":"2024-06-21T23:59:23","guid":{"rendered":"https:\/trip\/moulin-rouge\/"},"modified":"2024-06-21T18:59:23","modified_gmt":"2024-06-21T23:59:23","slug":"moulin-rouge","status":"publish","type":"product","link":"https:\/\/muestra.ghistoursandtransfers.com\/fr\/voyage\/moulin-rouge\/","title":{"rendered":"Moulin-Rouge"},"content":{"rendered":"<p>Le Moulin Rouge \u00e0 Paris, situ\u00e9 dans le quartier de Montmartre, est un c\u00e9l\u00e8bre cabaret ouvert en 1889 par Joseph Oller et Charles Zidler. Vous reconna\u00eetrez son moulin \u00e0 vent rouge caract\u00e9ristique sur le toit, le Moulin Rouge est un symbole de la Belle \u00c9poque et de la vie boh\u00e8me parisienne. Vous appr\u00e9cierez ses spectacles extravagants, qui comprennent des costumes \u00e9labor\u00e9s et la c\u00e9l\u00e8bre danse du can-can. Tout au long de son histoire, elle a \u00e9t\u00e9 un point de rencontre pour les artistes et a inspir\u00e9 de nombreuses \u0153uvres d&rsquo;art, films et litt\u00e9rature. Aujourd&rsquo;hui, il reste une attraction touristique populaire alliant charme historique et divertissement moderne.    <\/p>\n\n    <div class=\"xs_social_share_widget xs_share_url after_content \t\tmain_content  wslu-style-1 wslu-share-box-shaped wslu-fill-colored wslu-none wslu-share-horizontal wslu-theme-font-no wslu-main_content\">\n\n\t\t\n        <ul>\n\t\t\t        <\/ul>\n    <\/div> \n","protected":false},"excerpt":{"rendered":"<p>Le Moulin Rouge \u00e0 Paris, situ\u00e9 dans le quartier de Montmartre, est un c\u00e9l\u00e8bre cabaret ouvert en 1889 par Joseph Oller et Charles Zidler. Vous reconna\u00eetrez son moulin \u00e0 vent rouge caract\u00e9ristique sur le toit, le Moulin Rouge est un symbole de la Belle \u00c9poque et de la vie boh\u00e8me parisienne. Vous appr\u00e9cierez ses spectacles [&hellip;]<\/p>\n","protected":false},"featured_media":1837,"comment_status":"open","ping_status":"closed","template":"","meta":{"_joinchat":[]},"product_brand":[],"product_cat":[362,369],"product_tag":[259,261,263,241,243,244,240,265,258,245,242],"class_list":{"0":"post-2843","1":"product","2":"type-product","3":"status-publish","4":"has-post-thumbnail","6":"product_cat-france-fr","7":"product_cat-paris-fr","8":"product_tag-anniversaire","9":"product_tag-autres-celebrations","10":"product_tag-centres-commerciaux","11":"product_tag-excursions-dune-journee","12":"product_tag-experiences-sensorielles","13":"product_tag-fetes","14":"product_tag-ils-se-vendent-rapidement","15":"product_tag-louer-des-voitures","16":"product_tag-mariage-et-lune-de-miel","17":"product_tag-transferts","18":"product_tag-visites-nocturnes","20":"first","21":"instock","22":"shipping-taxable","23":"product-type-external"},"_links":{"self":[{"href":"https:\/\/muestra.ghistoursandtransfers.com\/fr\/wp-json\/wp\/v2\/product\/2843","targetHints":{"allow":["GET"]}}],"collection":[{"href":"https:\/\/muestra.ghistoursandtransfers.com\/fr\/wp-json\/wp\/v2\/product"}],"about":[{"href":"https:\/\/muestra.ghistoursandtransfers.com\/fr\/wp-json\/wp\/v2\/types\/product"}],"replies":[{"embeddable":true,"href":"https:\/\/muestra.ghistoursandtransfers.com\/fr\/wp-json\/wp\/v2\/comments?post=2843"}],"version-history":[{"count":0,"href":"https:\/\/muestra.ghistoursandtransfers.com\/fr\/wp-json\/wp\/v2\/product\/2843\/revisions"}],"wp:featuredmedia":[{"embeddable":true,"href":"https:\/\/muestra.ghistoursandtransfers.com\/fr\/wp-json\/wp\/v2\/media\/1837"}],"wp:attachment":[{"href":"https:\/\/muestra.ghistoursandtransfers.com\/fr\/wp-json\/wp\/v2\/media?parent=2843"}],"wp:term":[{"taxonomy":"product_brand","embeddable":true,"href":"https:\/\/muestra.ghistoursandtransfers.com\/fr\/wp-json\/wp\/v2\/product_brand?post=2843"},{"taxonomy":"product_cat","embeddable":true,"href":"https:\/\/muestra.ghistoursandtransfers.com\/fr\/wp-json\/wp\/v2\/product_cat?post=2843"},{"taxonomy":"product_tag","embeddable":true,"href":"https:\/\/muestra.ghistoursandtransfers.com\/fr\/wp-json\/wp\/v2\/product_tag?post=2843"}],"curies":[{"name":"wp","href":"https:\/\/api.w.org\/{rel}","templated":true}]}}