{"id":2842,"date":"2024-06-21T19:06:36","date_gmt":"2024-06-22T00:06:36","guid":{"rendered":"https:\/trip\/basilique-de-la-sagrada-famille\/"},"modified":"2024-06-21T19:06:36","modified_gmt":"2024-06-22T00:06:36","slug":"basilique-de-la-sagrada-famille","status":"publish","type":"product","link":"https:\/\/muestra.ghistoursandtransfers.com\/fr\/voyage\/basilique-de-la-sagrada-famille\/","title":{"rendered":"Basilique de la Sagrada Famille"},"content":{"rendered":"<p>En visitant la Sagrada Familia \u00e0 Barcelone, vous vous \u00e9merveillerez devant une \u0153uvre architecturale incomparable con\u00e7ue par Antoni Gaud\u00ed. Vous admirerez ses d\u00e9tails modernistes complexes, tels que des colonnes en forme d&rsquo;arbres et d&rsquo;impressionnants vitraux qui filtrent la lumi\u00e8re dans des couleurs vives. Vous d\u00e9couvrirez l&rsquo;histoire fascinante de sa construction, qui se poursuit aujourd&rsquo;hui, et profiterez de vues spectaculaires depuis les hauteurs de ses tours. La Sagrada Familia n&rsquo;est pas seulement une ic\u00f4ne architecturale, mais aussi un symbole culturel et religieux qui d\u00e9finit le paysage de Barcelone.   <\/p>\n\n    <div class=\"xs_social_share_widget xs_share_url after_content \t\tmain_content  wslu-style-1 wslu-share-box-shaped wslu-fill-colored wslu-none wslu-share-horizontal wslu-theme-font-no wslu-main_content\">\n\n\t\t\n        <ul>\n\t\t\t        <\/ul>\n    <\/div> \n","protected":false},"excerpt":{"rendered":"<p>En visitant la Sagrada Familia \u00e0 Barcelone, vous vous \u00e9merveillerez devant une \u0153uvre architecturale incomparable con\u00e7ue par Antoni Gaud\u00ed. Vous admirerez ses d\u00e9tails modernistes complexes, tels que des colonnes en forme d&rsquo;arbres et d&rsquo;impressionnants vitraux qui filtrent la lumi\u00e8re dans des couleurs vives. Vous d\u00e9couvrirez l&rsquo;histoire fascinante de sa construction, qui se poursuit aujourd&rsquo;hui, et [&hellip;]<\/p>\n","protected":false},"featured_media":1843,"comment_status":"open","ping_status":"closed","template":"","meta":{"_joinchat":[]},"product_brand":[],"product_cat":[367,368],"product_tag":[259,261,263,241,243,244,240,265,258,245,242],"class_list":{"0":"post-2842","1":"product","2":"type-product","3":"status-publish","4":"has-post-thumbnail","6":"product_cat-barcelone","7":"product_cat-espagne","8":"product_tag-anniversaire","9":"product_tag-autres-celebrations","10":"product_tag-centres-commerciaux","11":"product_tag-excursions-dune-journee","12":"product_tag-experiences-sensorielles","13":"product_tag-fetes","14":"product_tag-ils-se-vendent-rapidement","15":"product_tag-louer-des-voitures","16":"product_tag-mariage-et-lune-de-miel","17":"product_tag-transferts","18":"product_tag-visites-nocturnes","20":"first","21":"instock","22":"shipping-taxable","23":"product-type-external"},"_links":{"self":[{"href":"https:\/\/muestra.ghistoursandtransfers.com\/fr\/wp-json\/wp\/v2\/product\/2842","targetHints":{"allow":["GET"]}}],"collection":[{"href":"https:\/\/muestra.ghistoursandtransfers.com\/fr\/wp-json\/wp\/v2\/product"}],"about":[{"href":"https:\/\/muestra.ghistoursandtransfers.com\/fr\/wp-json\/wp\/v2\/types\/product"}],"replies":[{"embeddable":true,"href":"https:\/\/muestra.ghistoursandtransfers.com\/fr\/wp-json\/wp\/v2\/comments?post=2842"}],"version-history":[{"count":0,"href":"https:\/\/muestra.ghistoursandtransfers.com\/fr\/wp-json\/wp\/v2\/product\/2842\/revisions"}],"wp:featuredmedia":[{"embeddable":true,"href":"https:\/\/muestra.ghistoursandtransfers.com\/fr\/wp-json\/wp\/v2\/media\/1843"}],"wp:attachment":[{"href":"https:\/\/muestra.ghistoursandtransfers.com\/fr\/wp-json\/wp\/v2\/media?parent=2842"}],"wp:term":[{"taxonomy":"product_brand","embeddable":true,"href":"https:\/\/muestra.ghistoursandtransfers.com\/fr\/wp-json\/wp\/v2\/product_brand?post=2842"},{"taxonomy":"product_cat","embeddable":true,"href":"https:\/\/muestra.ghistoursandtransfers.com\/fr\/wp-json\/wp\/v2\/product_cat?post=2842"},{"taxonomy":"product_tag","embeddable":true,"href":"https:\/\/muestra.ghistoursandtransfers.com\/fr\/wp-json\/wp\/v2\/product_tag?post=2842"}],"curies":[{"name":"wp","href":"https:\/\/api.w.org\/{rel}","templated":true}]}}