{"id":2841,"date":"2024-06-21T19:53:47","date_gmt":"2024-06-22T00:53:47","guid":{"rendered":"https:\/trip\/cathedrale-de-salamanque\/"},"modified":"2024-06-21T19:53:47","modified_gmt":"2024-06-22T00:53:47","slug":"cathedrale-de-salamanque","status":"publish","type":"product","link":"https:\/\/muestra.ghistoursandtransfers.com\/fr\/voyage\/cathedrale-de-salamanque\/","title":{"rendered":"Cath\u00e9drale de Salamanque"},"content":{"rendered":"<p>En visitant la cath\u00e9drale de Salamanque, vous pourrez admirer une combinaison unique de styles architecturaux qui couvrent plusieurs si\u00e8cles d&rsquo;histoire. La Vieille Cath\u00e9drale, de style roman tardif, vous surprendra par sa beaut\u00e9 aust\u00e8re et ses d\u00e9tails sculpturaux. En revanche, la Nouvelle Cath\u00e9drale pr\u00e9sente une impressionnante fa\u00e7ade baroque et des tours majestueuses, se distinguant par sa monumentalit\u00e9 et ses d\u00e9tails ornementaux. En parcourant ses int\u00e9rieurs, vous admirerez de hautes vo\u00fbtes gothiques, des retables exquis et des \u0153uvres d&rsquo;art sacr\u00e9. Du haut de ses tours, vous aurez une vue panoramique sur la ville de Salamanque, vous offrant une perspective unique sur son paysage urbain et ses environs. La Cath\u00e9drale de Salamanque est bien plus qu&rsquo;un lieu de culte ; C&rsquo;est un t\u00e9moignage du savoir-faire architectural et artistique de diff\u00e9rentes p\u00e9riodes historiques, qui continue de captiver les visiteurs du monde entier par sa splendeur et sa signification spirituelle.     <\/p>\n\n    <div class=\"xs_social_share_widget xs_share_url after_content \t\tmain_content  wslu-style-1 wslu-share-box-shaped wslu-fill-colored wslu-none wslu-share-horizontal wslu-theme-font-no wslu-main_content\">\n\n\t\t\n        <ul>\n\t\t\t        <\/ul>\n    <\/div> \n","protected":false},"excerpt":{"rendered":"<p>En visitant la cath\u00e9drale de Salamanque, vous pourrez admirer une combinaison unique de styles architecturaux qui couvrent plusieurs si\u00e8cles d&rsquo;histoire. La Vieille Cath\u00e9drale, de style roman tardif, vous surprendra par sa beaut\u00e9 aust\u00e8re et ses d\u00e9tails sculpturaux. En revanche, la Nouvelle Cath\u00e9drale pr\u00e9sente une impressionnante fa\u00e7ade baroque et des tours majestueuses, se distinguant par sa [&hellip;]<\/p>\n","protected":false},"featured_media":2041,"comment_status":"open","ping_status":"closed","template":"","meta":{"_joinchat":[]},"product_brand":[],"product_cat":[368,366],"product_tag":[259,261,263,241,243,244,240,265,258,245,242],"class_list":{"0":"post-2841","1":"product","2":"type-product","3":"status-publish","4":"has-post-thumbnail","6":"product_cat-espagne","7":"product_cat-madrid-fr","8":"product_tag-anniversaire","9":"product_tag-autres-celebrations","10":"product_tag-centres-commerciaux","11":"product_tag-excursions-dune-journee","12":"product_tag-experiences-sensorielles","13":"product_tag-fetes","14":"product_tag-ils-se-vendent-rapidement","15":"product_tag-louer-des-voitures","16":"product_tag-mariage-et-lune-de-miel","17":"product_tag-transferts","18":"product_tag-visites-nocturnes","20":"first","21":"instock","22":"shipping-taxable","23":"product-type-external"},"_links":{"self":[{"href":"https:\/\/muestra.ghistoursandtransfers.com\/fr\/wp-json\/wp\/v2\/product\/2841","targetHints":{"allow":["GET"]}}],"collection":[{"href":"https:\/\/muestra.ghistoursandtransfers.com\/fr\/wp-json\/wp\/v2\/product"}],"about":[{"href":"https:\/\/muestra.ghistoursandtransfers.com\/fr\/wp-json\/wp\/v2\/types\/product"}],"replies":[{"embeddable":true,"href":"https:\/\/muestra.ghistoursandtransfers.com\/fr\/wp-json\/wp\/v2\/comments?post=2841"}],"version-history":[{"count":0,"href":"https:\/\/muestra.ghistoursandtransfers.com\/fr\/wp-json\/wp\/v2\/product\/2841\/revisions"}],"wp:featuredmedia":[{"embeddable":true,"href":"https:\/\/muestra.ghistoursandtransfers.com\/fr\/wp-json\/wp\/v2\/media\/2041"}],"wp:attachment":[{"href":"https:\/\/muestra.ghistoursandtransfers.com\/fr\/wp-json\/wp\/v2\/media?parent=2841"}],"wp:term":[{"taxonomy":"product_brand","embeddable":true,"href":"https:\/\/muestra.ghistoursandtransfers.com\/fr\/wp-json\/wp\/v2\/product_brand?post=2841"},{"taxonomy":"product_cat","embeddable":true,"href":"https:\/\/muestra.ghistoursandtransfers.com\/fr\/wp-json\/wp\/v2\/product_cat?post=2841"},{"taxonomy":"product_tag","embeddable":true,"href":"https:\/\/muestra.ghistoursandtransfers.com\/fr\/wp-json\/wp\/v2\/product_tag?post=2841"}],"curies":[{"name":"wp","href":"https:\/\/api.w.org\/{rel}","templated":true}]}}