{"id":2840,"date":"2024-06-22T02:26:16","date_gmt":"2024-06-22T07:26:16","guid":{"rendered":"https:\/trip\/chapelle-sixtine\/"},"modified":"2024-06-22T02:26:16","modified_gmt":"2024-06-22T07:26:16","slug":"chapelle-sixtine","status":"publish","type":"product","link":"https:\/\/muestra.ghistoursandtransfers.com\/fr\/voyage\/chapelle-sixtine\/","title":{"rendered":"Chapelle Sixtine"},"content":{"rendered":"<p>En visitant la chapelle Sixtine au Vatican, vous rencontrerez un chef-d&rsquo;\u0153uvre de la peinture de la Renaissance. Con\u00e7us par Michel-Ange entre 1508 et 1512, les murs et le plafond de la chapelle sont d\u00e9cor\u00e9s d&rsquo;impressionnantes fresques repr\u00e9sentant des sc\u00e8nes bibliques, dont la c\u00e9l\u00e8bre Cr\u00e9ation d&rsquo;Adam au plafond. Les fresques racontent des histoires de l&rsquo;Ancien Testament et du Jugement dernier, montrant le talent et le g\u00e9nie artistique de Michel-Ange. En plus de son art saisissant, la Chapelle Sixtine est \u00e9galement un site sacr\u00e9 o\u00f9 se tient le conclave papal pour \u00e9lire les nouveaux pontifes, ajoutant une couche d&rsquo;importance religieuse \u00e0 sa richesse artistique.   <\/p>\n\n    <div class=\"xs_social_share_widget xs_share_url after_content \t\tmain_content  wslu-style-1 wslu-share-box-shaped wslu-fill-colored wslu-none wslu-share-horizontal wslu-theme-font-no wslu-main_content\">\n\n\t\t\n        <ul>\n\t\t\t        <\/ul>\n    <\/div> \n","protected":false},"excerpt":{"rendered":"<p>En visitant la chapelle Sixtine au Vatican, vous rencontrerez un chef-d&rsquo;\u0153uvre de la peinture de la Renaissance. Con\u00e7us par Michel-Ange entre 1508 et 1512, les murs et le plafond de la chapelle sont d\u00e9cor\u00e9s d&rsquo;impressionnantes fresques repr\u00e9sentant des sc\u00e8nes bibliques, dont la c\u00e9l\u00e8bre Cr\u00e9ation d&rsquo;Adam au plafond. Les fresques racontent des histoires de l&rsquo;Ancien Testament [&hellip;]<\/p>\n","protected":false},"featured_media":2025,"comment_status":"open","ping_status":"closed","template":"","meta":{"_joinchat":[]},"product_brand":[],"product_cat":[375,376],"product_tag":[259,261,257,263,277,241,243,244,240,267,265,258,269,245,242],"class_list":{"0":"post-2840","1":"product","2":"type-product","3":"status-publish","4":"has-post-thumbnail","6":"product_cat-italie","7":"product_cat-rome","8":"product_tag-anniversaire","9":"product_tag-autres-celebrations","10":"product_tag-aventures-sportives","11":"product_tag-centres-commerciaux","12":"product_tag-des-vacances-passionnantes","13":"product_tag-excursions-dune-journee","14":"product_tag-experiences-sensorielles","15":"product_tag-fetes","16":"product_tag-ils-se-vendent-rapidement","17":"product_tag-location-de-yacht","18":"product_tag-louer-des-voitures","19":"product_tag-mariage-et-lune-de-miel","20":"product_tag-retraites-et-ceremonies-spirituelles","21":"product_tag-transferts","22":"product_tag-visites-nocturnes","24":"first","25":"instock","26":"shipping-taxable","27":"product-type-external"},"_links":{"self":[{"href":"https:\/\/muestra.ghistoursandtransfers.com\/fr\/wp-json\/wp\/v2\/product\/2840","targetHints":{"allow":["GET"]}}],"collection":[{"href":"https:\/\/muestra.ghistoursandtransfers.com\/fr\/wp-json\/wp\/v2\/product"}],"about":[{"href":"https:\/\/muestra.ghistoursandtransfers.com\/fr\/wp-json\/wp\/v2\/types\/product"}],"replies":[{"embeddable":true,"href":"https:\/\/muestra.ghistoursandtransfers.com\/fr\/wp-json\/wp\/v2\/comments?post=2840"}],"version-history":[{"count":0,"href":"https:\/\/muestra.ghistoursandtransfers.com\/fr\/wp-json\/wp\/v2\/product\/2840\/revisions"}],"wp:featuredmedia":[{"embeddable":true,"href":"https:\/\/muestra.ghistoursandtransfers.com\/fr\/wp-json\/wp\/v2\/media\/2025"}],"wp:attachment":[{"href":"https:\/\/muestra.ghistoursandtransfers.com\/fr\/wp-json\/wp\/v2\/media?parent=2840"}],"wp:term":[{"taxonomy":"product_brand","embeddable":true,"href":"https:\/\/muestra.ghistoursandtransfers.com\/fr\/wp-json\/wp\/v2\/product_brand?post=2840"},{"taxonomy":"product_cat","embeddable":true,"href":"https:\/\/muestra.ghistoursandtransfers.com\/fr\/wp-json\/wp\/v2\/product_cat?post=2840"},{"taxonomy":"product_tag","embeddable":true,"href":"https:\/\/muestra.ghistoursandtransfers.com\/fr\/wp-json\/wp\/v2\/product_tag?post=2840"}],"curies":[{"name":"wp","href":"https:\/\/api.w.org\/{rel}","templated":true}]}}