{"id":2839,"date":"2024-06-22T02:27:03","date_gmt":"2024-06-22T07:27:03","guid":{"rendered":"https:\/trip\/palais-des-doges\/"},"modified":"2024-06-22T02:27:03","modified_gmt":"2024-06-22T07:27:03","slug":"palais-des-doges","status":"publish","type":"product","link":"https:\/\/muestra.ghistoursandtransfers.com\/fr\/voyage\/palais-des-doges\/","title":{"rendered":"Palais des Doges"},"content":{"rendered":"<p>En visitant le Palais des Doges de Venise, vous vous plongerez dans la riche histoire et l&rsquo;opulence de la R\u00e9publique de Venise. Cet impressionnant palais gothique, construit au XIVe si\u00e8cle, \u00e9tait la r\u00e9sidence officielle des doges v\u00e9nitiens et le centre du pouvoir politique et administratif de la ville. Ses salles d\u00e9cor\u00e9es de magnifiques fresques r\u00e9alis\u00e9es par des artistes de renom tels que le Tintoret et V\u00e9ron\u00e8se racontent des histoires de l&rsquo;histoire, de la mythologie et de la justice v\u00e9nitiennes. Vous pourrez explorer les espaces publics et priv\u00e9s du palais, y compris les somptueux appartements royaux et les conseils de gouvernement, et traverser le pont des Soupirs qui relie le palais aux anciennes prisons. Le Palais des Doges n&rsquo;est pas seulement un t\u00e9moignage de la grandeur architecturale de Venise, mais aussi un reflet de son pass\u00e9 politique, culturel et judiciaire, ce qui en fait une destination fascinante pour les amateurs d&rsquo;histoire et d&rsquo;art.    <\/p>\n\n    <div class=\"xs_social_share_widget xs_share_url after_content \t\tmain_content  wslu-style-1 wslu-share-box-shaped wslu-fill-colored wslu-none wslu-share-horizontal wslu-theme-font-no wslu-main_content\">\n\n\t\t\n        <ul>\n\t\t\t        <\/ul>\n    <\/div> \n","protected":false},"excerpt":{"rendered":"<p>En visitant le Palais des Doges de Venise, vous vous plongerez dans la riche histoire et l&rsquo;opulence de la R\u00e9publique de Venise. Cet impressionnant palais gothique, construit au XIVe si\u00e8cle, \u00e9tait la r\u00e9sidence officielle des doges v\u00e9nitiens et le centre du pouvoir politique et administratif de la ville. Ses salles d\u00e9cor\u00e9es de magnifiques fresques r\u00e9alis\u00e9es [&hellip;]<\/p>\n","protected":false},"featured_media":2005,"comment_status":"open","ping_status":"closed","template":"","meta":{"_joinchat":[]},"product_brand":[],"product_cat":[375,377],"product_tag":[259,261,257,263,277,241,243,244,240,267,265,258,269,245,242],"class_list":{"0":"post-2839","1":"product","2":"type-product","3":"status-publish","4":"has-post-thumbnail","6":"product_cat-italie","7":"product_cat-venise","8":"product_tag-anniversaire","9":"product_tag-autres-celebrations","10":"product_tag-aventures-sportives","11":"product_tag-centres-commerciaux","12":"product_tag-des-vacances-passionnantes","13":"product_tag-excursions-dune-journee","14":"product_tag-experiences-sensorielles","15":"product_tag-fetes","16":"product_tag-ils-se-vendent-rapidement","17":"product_tag-location-de-yacht","18":"product_tag-louer-des-voitures","19":"product_tag-mariage-et-lune-de-miel","20":"product_tag-retraites-et-ceremonies-spirituelles","21":"product_tag-transferts","22":"product_tag-visites-nocturnes","24":"first","25":"instock","26":"shipping-taxable","27":"product-type-external"},"_links":{"self":[{"href":"https:\/\/muestra.ghistoursandtransfers.com\/fr\/wp-json\/wp\/v2\/product\/2839","targetHints":{"allow":["GET"]}}],"collection":[{"href":"https:\/\/muestra.ghistoursandtransfers.com\/fr\/wp-json\/wp\/v2\/product"}],"about":[{"href":"https:\/\/muestra.ghistoursandtransfers.com\/fr\/wp-json\/wp\/v2\/types\/product"}],"replies":[{"embeddable":true,"href":"https:\/\/muestra.ghistoursandtransfers.com\/fr\/wp-json\/wp\/v2\/comments?post=2839"}],"version-history":[{"count":0,"href":"https:\/\/muestra.ghistoursandtransfers.com\/fr\/wp-json\/wp\/v2\/product\/2839\/revisions"}],"wp:featuredmedia":[{"embeddable":true,"href":"https:\/\/muestra.ghistoursandtransfers.com\/fr\/wp-json\/wp\/v2\/media\/2005"}],"wp:attachment":[{"href":"https:\/\/muestra.ghistoursandtransfers.com\/fr\/wp-json\/wp\/v2\/media?parent=2839"}],"wp:term":[{"taxonomy":"product_brand","embeddable":true,"href":"https:\/\/muestra.ghistoursandtransfers.com\/fr\/wp-json\/wp\/v2\/product_brand?post=2839"},{"taxonomy":"product_cat","embeddable":true,"href":"https:\/\/muestra.ghistoursandtransfers.com\/fr\/wp-json\/wp\/v2\/product_cat?post=2839"},{"taxonomy":"product_tag","embeddable":true,"href":"https:\/\/muestra.ghistoursandtransfers.com\/fr\/wp-json\/wp\/v2\/product_tag?post=2839"}],"curies":[{"name":"wp","href":"https:\/\/api.w.org\/{rel}","templated":true}]}}