{"id":2836,"date":"2024-06-22T02:29:00","date_gmt":"2024-06-22T07:29:00","guid":{"rendered":"https:\/trip\/ile-aux-musees\/"},"modified":"2024-06-22T02:29:00","modified_gmt":"2024-06-22T07:29:00","slug":"ile-aux-musees","status":"publish","type":"product","link":"https:\/\/muestra.ghistoursandtransfers.com\/fr\/voyage\/ile-aux-musees\/","title":{"rendered":"\u00cele aux Mus\u00e9es"},"content":{"rendered":"<p>Lorsque vous visitez l\u2019\u00cele aux Mus\u00e9es \u00e0 Berlin, vous d\u00e9couvrirez une impressionnante enclave culturelle qui abrite certains des mus\u00e9es les plus importants du monde. Situ\u00e9e sur la rivi\u00e8re Spree, cette \u00eele fluviale abrite plusieurs mus\u00e9es renomm\u00e9s, comme le mus\u00e9e de Pergame, connu pour ses impressionnantes collections d&rsquo;art ancien et d&rsquo;arch\u00e9ologie, dont l&rsquo;autel de Pergame et la porte d&rsquo;Ishtar. De plus, vous pouvez explorer le Neues Museum, qui abrite la c\u00e9l\u00e8bre N\u00e9fertiti et d&rsquo;autres \u0153uvres \u00e9gyptiennes anciennes, ainsi que l&rsquo;Altes Museum, avec sa collection exceptionnelle d&rsquo;art classique grec et romain. Les b\u00e2timents qui abritent ces mus\u00e9es sont \u00e9galement des exemples exceptionnels de l&rsquo;architecture n\u00e9oclassique et du monumentalisme du XIXe si\u00e8cle, faisant de l&rsquo;\u00cele aux Mus\u00e9es une destination incontournable pour les amateurs d&rsquo;art, d&rsquo;histoire et de culture \u00e0 Berlin.   <\/p>\n\n    <div class=\"xs_social_share_widget xs_share_url after_content \t\tmain_content  wslu-style-1 wslu-share-box-shaped wslu-fill-colored wslu-none wslu-share-horizontal wslu-theme-font-no wslu-main_content\">\n\n\t\t\n        <ul>\n\t\t\t        <\/ul>\n    <\/div> \n","protected":false},"excerpt":{"rendered":"<p>Lorsque vous visitez l\u2019\u00cele aux Mus\u00e9es \u00e0 Berlin, vous d\u00e9couvrirez une impressionnante enclave culturelle qui abrite certains des mus\u00e9es les plus importants du monde. Situ\u00e9e sur la rivi\u00e8re Spree, cette \u00eele fluviale abrite plusieurs mus\u00e9es renomm\u00e9s, comme le mus\u00e9e de Pergame, connu pour ses impressionnantes collections d&rsquo;art ancien et d&rsquo;arch\u00e9ologie, dont l&rsquo;autel de Pergame et [&hellip;]<\/p>\n","protected":false},"featured_media":1981,"comment_status":"open","ping_status":"closed","template":"","meta":{"_joinchat":[]},"product_brand":[],"product_cat":[302,300],"product_tag":[259,261,257,263,277,241,243,244,240,267,265,258,269,245,242],"class_list":{"0":"post-2836","1":"product","2":"type-product","3":"status-publish","4":"has-post-thumbnail","6":"product_cat-berlin-fr","7":"product_cat-allemagne","8":"product_tag-anniversaire","9":"product_tag-autres-celebrations","10":"product_tag-aventures-sportives","11":"product_tag-centres-commerciaux","12":"product_tag-des-vacances-passionnantes","13":"product_tag-excursions-dune-journee","14":"product_tag-experiences-sensorielles","15":"product_tag-fetes","16":"product_tag-ils-se-vendent-rapidement","17":"product_tag-location-de-yacht","18":"product_tag-louer-des-voitures","19":"product_tag-mariage-et-lune-de-miel","20":"product_tag-retraites-et-ceremonies-spirituelles","21":"product_tag-transferts","22":"product_tag-visites-nocturnes","24":"first","25":"instock","26":"shipping-taxable","27":"product-type-external"},"_links":{"self":[{"href":"https:\/\/muestra.ghistoursandtransfers.com\/fr\/wp-json\/wp\/v2\/product\/2836","targetHints":{"allow":["GET"]}}],"collection":[{"href":"https:\/\/muestra.ghistoursandtransfers.com\/fr\/wp-json\/wp\/v2\/product"}],"about":[{"href":"https:\/\/muestra.ghistoursandtransfers.com\/fr\/wp-json\/wp\/v2\/types\/product"}],"replies":[{"embeddable":true,"href":"https:\/\/muestra.ghistoursandtransfers.com\/fr\/wp-json\/wp\/v2\/comments?post=2836"}],"version-history":[{"count":0,"href":"https:\/\/muestra.ghistoursandtransfers.com\/fr\/wp-json\/wp\/v2\/product\/2836\/revisions"}],"wp:featuredmedia":[{"embeddable":true,"href":"https:\/\/muestra.ghistoursandtransfers.com\/fr\/wp-json\/wp\/v2\/media\/1981"}],"wp:attachment":[{"href":"https:\/\/muestra.ghistoursandtransfers.com\/fr\/wp-json\/wp\/v2\/media?parent=2836"}],"wp:term":[{"taxonomy":"product_brand","embeddable":true,"href":"https:\/\/muestra.ghistoursandtransfers.com\/fr\/wp-json\/wp\/v2\/product_brand?post=2836"},{"taxonomy":"product_cat","embeddable":true,"href":"https:\/\/muestra.ghistoursandtransfers.com\/fr\/wp-json\/wp\/v2\/product_cat?post=2836"},{"taxonomy":"product_tag","embeddable":true,"href":"https:\/\/muestra.ghistoursandtransfers.com\/fr\/wp-json\/wp\/v2\/product_tag?post=2836"}],"curies":[{"name":"wp","href":"https:\/\/api.w.org\/{rel}","templated":true}]}}