{"id":2835,"date":"2024-06-22T02:45:09","date_gmt":"2024-06-22T07:45:09","guid":{"rendered":"https:\/trip\/parthenon\/"},"modified":"2024-06-22T02:45:09","modified_gmt":"2024-06-22T07:45:09","slug":"parthenon","status":"publish","type":"product","link":"https:\/\/muestra.ghistoursandtransfers.com\/fr\/voyage\/parthenon\/","title":{"rendered":"Parth\u00e9non"},"content":{"rendered":"<p>En visitant le Parth\u00e9non \u00e0 Ath\u00e8nes, en Gr\u00e8ce, vous vous retrouverez face \u00e0 l&rsquo;un des monuments les plus embl\u00e9matiques et les plus importants de la Gr\u00e8ce antique et de la civilisation occidentale. Ce temple d\u00e9di\u00e9 \u00e0 la d\u00e9esse Ath\u00e9na, construit entre 447 et 432 avant JC. pendant l&rsquo;\u00e2ge d&rsquo;or d&rsquo;Ath\u00e8nes sous la direction de P\u00e9ricl\u00e8s, c&rsquo;est un exemple supr\u00eame de l&rsquo;architecture grecque classique. Vous admirerez ses colonnes doriques et son impressionnante frise qui repr\u00e9sente des sc\u00e8nes mythologiques et c\u00e9r\u00e9moniales. Bien qu&rsquo;il ait subi des dommages au fil des si\u00e8cles, notamment une destruction partielle pendant l&rsquo;occupation ottomane et une explosion de poussi\u00e8re de canon en 1687, le Parth\u00e9non reste une merveille architecturale qui attire les visiteurs du monde entier, offrant un aper\u00e7u extraordinaire de la grandeur et de l&rsquo;ing\u00e9niosit\u00e9 artistique de l&rsquo;Antiquit\u00e9. Gr\u00e8ce.   <\/p>\n\n    <div class=\"xs_social_share_widget xs_share_url after_content \t\tmain_content  wslu-style-1 wslu-share-box-shaped wslu-fill-colored wslu-none wslu-share-horizontal wslu-theme-font-no wslu-main_content\">\n\n\t\t\n        <ul>\n\t\t\t        <\/ul>\n    <\/div> \n","protected":false},"excerpt":{"rendered":"<p>En visitant le Parth\u00e9non \u00e0 Ath\u00e8nes, en Gr\u00e8ce, vous vous retrouverez face \u00e0 l&rsquo;un des monuments les plus embl\u00e9matiques et les plus importants de la Gr\u00e8ce antique et de la civilisation occidentale. Ce temple d\u00e9di\u00e9 \u00e0 la d\u00e9esse Ath\u00e9na, construit entre 447 et 432 avant JC. pendant l&rsquo;\u00e2ge d&rsquo;or d&rsquo;Ath\u00e8nes sous la direction de P\u00e9ricl\u00e8s, [&hellip;]<\/p>\n","protected":false},"featured_media":1953,"comment_status":"open","ping_status":"closed","template":"","meta":{"_joinchat":[]},"product_brand":[],"product_cat":[373,372],"product_tag":[259,261,257,263,277,241,243,244,240,267,265,258,269,245,242],"class_list":{"0":"post-2835","1":"product","2":"type-product","3":"status-publish","4":"has-post-thumbnail","6":"product_cat-athenes","7":"product_cat-grece","8":"product_tag-anniversaire","9":"product_tag-autres-celebrations","10":"product_tag-aventures-sportives","11":"product_tag-centres-commerciaux","12":"product_tag-des-vacances-passionnantes","13":"product_tag-excursions-dune-journee","14":"product_tag-experiences-sensorielles","15":"product_tag-fetes","16":"product_tag-ils-se-vendent-rapidement","17":"product_tag-location-de-yacht","18":"product_tag-louer-des-voitures","19":"product_tag-mariage-et-lune-de-miel","20":"product_tag-retraites-et-ceremonies-spirituelles","21":"product_tag-transferts","22":"product_tag-visites-nocturnes","24":"first","25":"instock","26":"shipping-taxable","27":"product-type-external"},"_links":{"self":[{"href":"https:\/\/muestra.ghistoursandtransfers.com\/fr\/wp-json\/wp\/v2\/product\/2835","targetHints":{"allow":["GET"]}}],"collection":[{"href":"https:\/\/muestra.ghistoursandtransfers.com\/fr\/wp-json\/wp\/v2\/product"}],"about":[{"href":"https:\/\/muestra.ghistoursandtransfers.com\/fr\/wp-json\/wp\/v2\/types\/product"}],"replies":[{"embeddable":true,"href":"https:\/\/muestra.ghistoursandtransfers.com\/fr\/wp-json\/wp\/v2\/comments?post=2835"}],"version-history":[{"count":0,"href":"https:\/\/muestra.ghistoursandtransfers.com\/fr\/wp-json\/wp\/v2\/product\/2835\/revisions"}],"wp:featuredmedia":[{"embeddable":true,"href":"https:\/\/muestra.ghistoursandtransfers.com\/fr\/wp-json\/wp\/v2\/media\/1953"}],"wp:attachment":[{"href":"https:\/\/muestra.ghistoursandtransfers.com\/fr\/wp-json\/wp\/v2\/media?parent=2835"}],"wp:term":[{"taxonomy":"product_brand","embeddable":true,"href":"https:\/\/muestra.ghistoursandtransfers.com\/fr\/wp-json\/wp\/v2\/product_brand?post=2835"},{"taxonomy":"product_cat","embeddable":true,"href":"https:\/\/muestra.ghistoursandtransfers.com\/fr\/wp-json\/wp\/v2\/product_cat?post=2835"},{"taxonomy":"product_tag","embeddable":true,"href":"https:\/\/muestra.ghistoursandtransfers.com\/fr\/wp-json\/wp\/v2\/product_tag?post=2835"}],"curies":[{"name":"wp","href":"https:\/\/api.w.org\/{rel}","templated":true}]}}