{"id":2834,"date":"2024-06-22T02:47:03","date_gmt":"2024-06-22T07:47:03","guid":{"rendered":"https:\/trip\/site-archeologique-dolympie\/"},"modified":"2024-06-22T02:47:03","modified_gmt":"2024-06-22T07:47:03","slug":"site-archeologique-dolympie","status":"publish","type":"product","link":"https:\/\/muestra.ghistoursandtransfers.com\/fr\/voyage\/site-archeologique-dolympie\/","title":{"rendered":"Site arch\u00e9ologique d&rsquo;Olympie"},"content":{"rendered":"<p>En visitant le site arch\u00e9ologique d&rsquo;Olympie en Gr\u00e8ce, vous vous plongerez au c\u0153ur des Jeux Olympiques antiques et du culte des dieux grecs. Ce lieu sacr\u00e9, situ\u00e9 dans la vall\u00e9e de la rivi\u00e8re Alph\u00e9e, fut le lieu o\u00f9 eurent lieu les premiers Jeux Olympiques en l&rsquo;honneur de Zeus, le p\u00e8re des dieux grecs. Vous pourrez explorer les ruines d&rsquo;anciens temples et sanctuaires, dont le temple de Zeus, qui abrite la c\u00e9l\u00e8bre statue en or et ivoire de Zeus, l&rsquo;une des sept merveilles du monde antique. De plus, vous pourrez admirer l&rsquo;ancien stade, o\u00f9 se d\u00e9roulaient les comp\u00e9titions sportives, ainsi que le gymnase et les installations pour les athl\u00e8tes et les pr\u00eatres. Olympie n&rsquo;est pas seulement un t\u00e9moignage de la tradition sportive et religieuse de la Gr\u00e8ce antique, mais aussi un lieu d&rsquo;importance historique et culturelle qui continue d&rsquo;\u00eatre v\u00e9n\u00e9r\u00e9 pour son h\u00e9ritage olympique et son lien avec la mythologie grecque.    <\/p>\n\n    <div class=\"xs_social_share_widget xs_share_url after_content \t\tmain_content  wslu-style-1 wslu-share-box-shaped wslu-fill-colored wslu-none wslu-share-horizontal wslu-theme-font-no wslu-main_content\">\n\n\t\t\n        <ul>\n\t\t\t        <\/ul>\n    <\/div> \n","protected":false},"excerpt":{"rendered":"<p>En visitant le site arch\u00e9ologique d&rsquo;Olympie en Gr\u00e8ce, vous vous plongerez au c\u0153ur des Jeux Olympiques antiques et du culte des dieux grecs. Ce lieu sacr\u00e9, situ\u00e9 dans la vall\u00e9e de la rivi\u00e8re Alph\u00e9e, fut le lieu o\u00f9 eurent lieu les premiers Jeux Olympiques en l&rsquo;honneur de Zeus, le p\u00e8re des dieux grecs. Vous pourrez [&hellip;]<\/p>\n","protected":false},"featured_media":1939,"comment_status":"open","ping_status":"closed","template":"","meta":{"_joinchat":[]},"product_brand":[],"product_cat":[372,374],"product_tag":[259,261,257,263,277,241,243,244,240,267,265,258,269,245,242],"class_list":{"0":"post-2834","1":"product","2":"type-product","3":"status-publish","4":"has-post-thumbnail","6":"product_cat-grece","7":"product_cat-olympie","8":"product_tag-anniversaire","9":"product_tag-autres-celebrations","10":"product_tag-aventures-sportives","11":"product_tag-centres-commerciaux","12":"product_tag-des-vacances-passionnantes","13":"product_tag-excursions-dune-journee","14":"product_tag-experiences-sensorielles","15":"product_tag-fetes","16":"product_tag-ils-se-vendent-rapidement","17":"product_tag-location-de-yacht","18":"product_tag-louer-des-voitures","19":"product_tag-mariage-et-lune-de-miel","20":"product_tag-retraites-et-ceremonies-spirituelles","21":"product_tag-transferts","22":"product_tag-visites-nocturnes","24":"first","25":"instock","26":"shipping-taxable","27":"product-type-external"},"_links":{"self":[{"href":"https:\/\/muestra.ghistoursandtransfers.com\/fr\/wp-json\/wp\/v2\/product\/2834","targetHints":{"allow":["GET"]}}],"collection":[{"href":"https:\/\/muestra.ghistoursandtransfers.com\/fr\/wp-json\/wp\/v2\/product"}],"about":[{"href":"https:\/\/muestra.ghistoursandtransfers.com\/fr\/wp-json\/wp\/v2\/types\/product"}],"replies":[{"embeddable":true,"href":"https:\/\/muestra.ghistoursandtransfers.com\/fr\/wp-json\/wp\/v2\/comments?post=2834"}],"version-history":[{"count":0,"href":"https:\/\/muestra.ghistoursandtransfers.com\/fr\/wp-json\/wp\/v2\/product\/2834\/revisions"}],"wp:featuredmedia":[{"embeddable":true,"href":"https:\/\/muestra.ghistoursandtransfers.com\/fr\/wp-json\/wp\/v2\/media\/1939"}],"wp:attachment":[{"href":"https:\/\/muestra.ghistoursandtransfers.com\/fr\/wp-json\/wp\/v2\/media?parent=2834"}],"wp:term":[{"taxonomy":"product_brand","embeddable":true,"href":"https:\/\/muestra.ghistoursandtransfers.com\/fr\/wp-json\/wp\/v2\/product_brand?post=2834"},{"taxonomy":"product_cat","embeddable":true,"href":"https:\/\/muestra.ghistoursandtransfers.com\/fr\/wp-json\/wp\/v2\/product_cat?post=2834"},{"taxonomy":"product_tag","embeddable":true,"href":"https:\/\/muestra.ghistoursandtransfers.com\/fr\/wp-json\/wp\/v2\/product_tag?post=2834"}],"curies":[{"name":"wp","href":"https:\/\/api.w.org\/{rel}","templated":true}]}}