{"id":2833,"date":"2024-06-22T02:48:36","date_gmt":"2024-06-22T07:48:36","guid":{"rendered":"https:\/trip\/moulins-a-vent\/"},"modified":"2024-06-22T02:48:36","modified_gmt":"2024-06-22T07:48:36","slug":"moulins-a-vent","status":"publish","type":"product","link":"https:\/\/muestra.ghistoursandtransfers.com\/fr\/voyage\/moulins-a-vent\/","title":{"rendered":"moulins \u00e0 vent"},"content":{"rendered":"<p>En visitant Kinderdijk aux Pays-Bas, vous d\u00e9couvrirez un paysage unique et pittoresque de moulins \u00e0 vent historiques. Ce site class\u00e9 au patrimoine mondial de l&rsquo;UNESCO abrite un ensemble de 19 moulins \u00e0 vent bien conserv\u00e9s, construits au XVIIIe si\u00e8cle pour drainer les plaines et pr\u00e9venir les inondations. Vous pouvez vous promener le long des canaux et des sentiers entre les moulins, admirer leur architecture traditionnelle et d\u00e9couvrir l&rsquo;important travail d&rsquo;ing\u00e9nierie hydraulique qu&rsquo;ils ont jou\u00e9 dans l&rsquo;histoire des Pays-Bas. En plus des moulins, vous pourrez visiter le Visitor Center pour en savoir plus sur la gestion de l&rsquo;eau aux Pays-Bas et profiter de vues panoramiques sur ce paysage typiquement hollandais. Kinderdijk offre une exp\u00e9rience culturelle et historique unique qui capture l&rsquo;essence de la relation des Pays-Bas avec l&rsquo;eau et l&rsquo;innovation technologique.    <\/p>\n\n    <div class=\"xs_social_share_widget xs_share_url after_content \t\tmain_content  wslu-style-1 wslu-share-box-shaped wslu-fill-colored wslu-none wslu-share-horizontal wslu-theme-font-no wslu-main_content\">\n\n\t\t\n        <ul>\n\t\t\t        <\/ul>\n    <\/div> \n","protected":false},"excerpt":{"rendered":"<p>En visitant Kinderdijk aux Pays-Bas, vous d\u00e9couvrirez un paysage unique et pittoresque de moulins \u00e0 vent historiques. Ce site class\u00e9 au patrimoine mondial de l&rsquo;UNESCO abrite un ensemble de 19 moulins \u00e0 vent bien conserv\u00e9s, construits au XVIIIe si\u00e8cle pour drainer les plaines et pr\u00e9venir les inondations. Vous pouvez vous promener le long des canaux [&hellip;]<\/p>\n","protected":false},"featured_media":1927,"comment_status":"open","ping_status":"closed","template":"","meta":{"_joinchat":[]},"product_brand":[],"product_cat":[401,402],"product_tag":[259,261,257,263,277,241,243,244,240,267,265,258,269,245,242],"class_list":{"0":"post-2833","1":"product","2":"type-product","3":"status-publish","4":"has-post-thumbnail","6":"product_cat-kinderdijk-fr","7":"product_cat-pays-bas","8":"product_tag-anniversaire","9":"product_tag-autres-celebrations","10":"product_tag-aventures-sportives","11":"product_tag-centres-commerciaux","12":"product_tag-des-vacances-passionnantes","13":"product_tag-excursions-dune-journee","14":"product_tag-experiences-sensorielles","15":"product_tag-fetes","16":"product_tag-ils-se-vendent-rapidement","17":"product_tag-location-de-yacht","18":"product_tag-louer-des-voitures","19":"product_tag-mariage-et-lune-de-miel","20":"product_tag-retraites-et-ceremonies-spirituelles","21":"product_tag-transferts","22":"product_tag-visites-nocturnes","24":"first","25":"instock","26":"shipping-taxable","27":"product-type-external"},"_links":{"self":[{"href":"https:\/\/muestra.ghistoursandtransfers.com\/fr\/wp-json\/wp\/v2\/product\/2833","targetHints":{"allow":["GET"]}}],"collection":[{"href":"https:\/\/muestra.ghistoursandtransfers.com\/fr\/wp-json\/wp\/v2\/product"}],"about":[{"href":"https:\/\/muestra.ghistoursandtransfers.com\/fr\/wp-json\/wp\/v2\/types\/product"}],"replies":[{"embeddable":true,"href":"https:\/\/muestra.ghistoursandtransfers.com\/fr\/wp-json\/wp\/v2\/comments?post=2833"}],"version-history":[{"count":0,"href":"https:\/\/muestra.ghistoursandtransfers.com\/fr\/wp-json\/wp\/v2\/product\/2833\/revisions"}],"wp:featuredmedia":[{"embeddable":true,"href":"https:\/\/muestra.ghistoursandtransfers.com\/fr\/wp-json\/wp\/v2\/media\/1927"}],"wp:attachment":[{"href":"https:\/\/muestra.ghistoursandtransfers.com\/fr\/wp-json\/wp\/v2\/media?parent=2833"}],"wp:term":[{"taxonomy":"product_brand","embeddable":true,"href":"https:\/\/muestra.ghistoursandtransfers.com\/fr\/wp-json\/wp\/v2\/product_brand?post=2833"},{"taxonomy":"product_cat","embeddable":true,"href":"https:\/\/muestra.ghistoursandtransfers.com\/fr\/wp-json\/wp\/v2\/product_cat?post=2833"},{"taxonomy":"product_tag","embeddable":true,"href":"https:\/\/muestra.ghistoursandtransfers.com\/fr\/wp-json\/wp\/v2\/product_tag?post=2833"}],"curies":[{"name":"wp","href":"https:\/\/api.w.org\/{rel}","templated":true}]}}