{"id":2832,"date":"2024-06-22T02:52:19","date_gmt":"2024-06-22T07:52:19","guid":{"rendered":"https:\/trip\/chateau-de-schonbrunn\/"},"modified":"2024-06-22T02:52:19","modified_gmt":"2024-06-22T07:52:19","slug":"chateau-de-schonbrunn","status":"publish","type":"product","link":"https:\/\/muestra.ghistoursandtransfers.com\/fr\/voyage\/chateau-de-schonbrunn\/","title":{"rendered":"Ch\u00e2teau de Sch\u00f6nbrunn"},"content":{"rendered":"<p>En visitant le ch\u00e2teau de Sch\u00f6nbrunn \u00e0 Vienne, vous plongerez dans la vie imp\u00e9riale des Habsbourg. Cet impressionnant palais baroque, construit au XVIIIe si\u00e8cle, \u00e9tait la r\u00e9sidence d&rsquo;\u00e9t\u00e9 de la famille imp\u00e9riale austro-hongroise. Vous pourrez explorer ses salles et appartements luxueux, d\u00e9cor\u00e9s de meubles opulents, de tapisseries et d&rsquo;\u0153uvres d&rsquo;art qui refl\u00e8tent la splendeur et la richesse de l&rsquo;\u00e9poque imp\u00e9riale. Les points forts incluent la galerie des Glaces, o\u00f9 Mozart a donn\u00e9 son premier concert \u00e0 l&rsquo;\u00e2ge de six ans devant l&rsquo;imp\u00e9ratrice Marie-Th\u00e9r\u00e8se, et la grande salle de r\u00e9ception, utilis\u00e9e pour les c\u00e9r\u00e9monies et les danses d&rsquo;apparat. Les vastes jardins de Sch\u00f6nbrunn, con\u00e7us dans les styles baroque et rococo, offrent un beau contraste avec le palais et abritent des fontaines, des statues et des belv\u00e9d\u00e8res qui invitent \u00e0 la fl\u00e2nerie et \u00e0 profiter de la nature. Le ch\u00e2teau de Sch\u00f6nbrunn t\u00e9moigne de la grandeur architecturale et culturelle de la dynastie des Habsbourg et constitue l&rsquo;une des principales attractions touristiques de Vienne qui transporte les visiteurs \u00e0 l&rsquo;\u00e2ge d&rsquo;or de la monarchie europ\u00e9enne.     <\/p>\n\n    <div class=\"xs_social_share_widget xs_share_url after_content \t\tmain_content  wslu-style-1 wslu-share-box-shaped wslu-fill-colored wslu-none wslu-share-horizontal wslu-theme-font-no wslu-main_content\">\n\n\t\t\n        <ul>\n\t\t\t        <\/ul>\n    <\/div> \n","protected":false},"excerpt":{"rendered":"<p>En visitant le ch\u00e2teau de Sch\u00f6nbrunn \u00e0 Vienne, vous plongerez dans la vie imp\u00e9riale des Habsbourg. Cet impressionnant palais baroque, construit au XVIIIe si\u00e8cle, \u00e9tait la r\u00e9sidence d&rsquo;\u00e9t\u00e9 de la famille imp\u00e9riale austro-hongroise. Vous pourrez explorer ses salles et appartements luxueux, d\u00e9cor\u00e9s de meubles opulents, de tapisseries et d&rsquo;\u0153uvres d&rsquo;art qui refl\u00e8tent la splendeur et [&hellip;]<\/p>\n","protected":false},"featured_media":1919,"comment_status":"open","ping_status":"closed","template":"","meta":{"_joinchat":[]},"product_brand":[],"product_cat":[311,313],"product_tag":[259,261,257,263,277,241,243,244,240,267,265,258,269,245,242],"class_list":{"0":"post-2832","1":"product","2":"type-product","3":"status-publish","4":"has-post-thumbnail","6":"product_cat-autriche","7":"product_cat-vienne","8":"product_tag-anniversaire","9":"product_tag-autres-celebrations","10":"product_tag-aventures-sportives","11":"product_tag-centres-commerciaux","12":"product_tag-des-vacances-passionnantes","13":"product_tag-excursions-dune-journee","14":"product_tag-experiences-sensorielles","15":"product_tag-fetes","16":"product_tag-ils-se-vendent-rapidement","17":"product_tag-location-de-yacht","18":"product_tag-louer-des-voitures","19":"product_tag-mariage-et-lune-de-miel","20":"product_tag-retraites-et-ceremonies-spirituelles","21":"product_tag-transferts","22":"product_tag-visites-nocturnes","24":"first","25":"instock","26":"shipping-taxable","27":"product-type-external"},"_links":{"self":[{"href":"https:\/\/muestra.ghistoursandtransfers.com\/fr\/wp-json\/wp\/v2\/product\/2832","targetHints":{"allow":["GET"]}}],"collection":[{"href":"https:\/\/muestra.ghistoursandtransfers.com\/fr\/wp-json\/wp\/v2\/product"}],"about":[{"href":"https:\/\/muestra.ghistoursandtransfers.com\/fr\/wp-json\/wp\/v2\/types\/product"}],"replies":[{"embeddable":true,"href":"https:\/\/muestra.ghistoursandtransfers.com\/fr\/wp-json\/wp\/v2\/comments?post=2832"}],"version-history":[{"count":0,"href":"https:\/\/muestra.ghistoursandtransfers.com\/fr\/wp-json\/wp\/v2\/product\/2832\/revisions"}],"wp:featuredmedia":[{"embeddable":true,"href":"https:\/\/muestra.ghistoursandtransfers.com\/fr\/wp-json\/wp\/v2\/media\/1919"}],"wp:attachment":[{"href":"https:\/\/muestra.ghistoursandtransfers.com\/fr\/wp-json\/wp\/v2\/media?parent=2832"}],"wp:term":[{"taxonomy":"product_brand","embeddable":true,"href":"https:\/\/muestra.ghistoursandtransfers.com\/fr\/wp-json\/wp\/v2\/product_brand?post=2832"},{"taxonomy":"product_cat","embeddable":true,"href":"https:\/\/muestra.ghistoursandtransfers.com\/fr\/wp-json\/wp\/v2\/product_cat?post=2832"},{"taxonomy":"product_tag","embeddable":true,"href":"https:\/\/muestra.ghistoursandtransfers.com\/fr\/wp-json\/wp\/v2\/product_tag?post=2832"}],"curies":[{"name":"wp","href":"https:\/\/api.w.org\/{rel}","templated":true}]}}