{"id":2831,"date":"2024-06-22T02:53:34","date_gmt":"2024-06-22T07:53:34","guid":{"rendered":"https:\/trip\/funiculaire\/"},"modified":"2024-06-22T02:53:34","modified_gmt":"2024-06-22T07:53:34","slug":"funiculaire","status":"publish","type":"product","link":"https:\/\/muestra.ghistoursandtransfers.com\/fr\/voyage\/funiculaire\/","title":{"rendered":"Funiculaire"},"content":{"rendered":"<p>En utilisant le funiculaire d&rsquo;Innsbruck, vous ferez l&rsquo;exp\u00e9rience d&rsquo;une ascension panoramique jusqu&rsquo;au sommet de la montagne Nordkette, connue sous le nom de \u00ab toit d&rsquo;Innsbruck \u00bb. En chemin, vous profiterez de superbes vues panoramiques sur la ville d&rsquo;Innsbruck et les sommets enneig\u00e9s des Alpes environnantes. En arrivant \u00e0 la station sup\u00e9rieure, vous aurez l&rsquo;occasion d&rsquo;explorer des sentiers de randonn\u00e9e, de d\u00e9guster une cuisine alpine dans des restaurants offrant des vues spectaculaires et d&rsquo;admirer l&rsquo;architecture moderne du centre d&rsquo;accueil con\u00e7u par la c\u00e9l\u00e8bre architecte Zaha Hadid. Le funiculaire d&rsquo;Innsbruck offre non seulement un transport pratique vers la nature alpine, mais aussi une exp\u00e9rience m\u00e9morable combinant des paysages \u00e9poustouflants avec des possibilit\u00e9s d&rsquo;activit\u00e9s de plein air et la jouissance de la beaut\u00e9 naturelle du Tyrol.   <\/p>\n\n    <div class=\"xs_social_share_widget xs_share_url after_content \t\tmain_content  wslu-style-1 wslu-share-box-shaped wslu-fill-colored wslu-none wslu-share-horizontal wslu-theme-font-no wslu-main_content\">\n\n\t\t\n        <ul>\n\t\t\t        <\/ul>\n    <\/div> \n","protected":false},"excerpt":{"rendered":"<p>En utilisant le funiculaire d&rsquo;Innsbruck, vous ferez l&rsquo;exp\u00e9rience d&rsquo;une ascension panoramique jusqu&rsquo;au sommet de la montagne Nordkette, connue sous le nom de \u00ab toit d&rsquo;Innsbruck \u00bb. En chemin, vous profiterez de superbes vues panoramiques sur la ville d&rsquo;Innsbruck et les sommets enneig\u00e9s des Alpes environnantes. En arrivant \u00e0 la station sup\u00e9rieure, vous aurez l&rsquo;occasion d&rsquo;explorer [&hellip;]<\/p>\n","protected":false},"featured_media":1901,"comment_status":"open","ping_status":"closed","template":"","meta":{"_joinchat":[]},"product_brand":[],"product_cat":[311,312],"product_tag":[259,261,257,263,277,241,243,244,240,267,265,258,269,245,242],"class_list":{"0":"post-2831","1":"product","2":"type-product","3":"status-publish","4":"has-post-thumbnail","6":"product_cat-autriche","7":"product_cat-innsbruck-fr","8":"product_tag-anniversaire","9":"product_tag-autres-celebrations","10":"product_tag-aventures-sportives","11":"product_tag-centres-commerciaux","12":"product_tag-des-vacances-passionnantes","13":"product_tag-excursions-dune-journee","14":"product_tag-experiences-sensorielles","15":"product_tag-fetes","16":"product_tag-ils-se-vendent-rapidement","17":"product_tag-location-de-yacht","18":"product_tag-louer-des-voitures","19":"product_tag-mariage-et-lune-de-miel","20":"product_tag-retraites-et-ceremonies-spirituelles","21":"product_tag-transferts","22":"product_tag-visites-nocturnes","24":"first","25":"instock","26":"shipping-taxable","27":"product-type-external"},"_links":{"self":[{"href":"https:\/\/muestra.ghistoursandtransfers.com\/fr\/wp-json\/wp\/v2\/product\/2831","targetHints":{"allow":["GET"]}}],"collection":[{"href":"https:\/\/muestra.ghistoursandtransfers.com\/fr\/wp-json\/wp\/v2\/product"}],"about":[{"href":"https:\/\/muestra.ghistoursandtransfers.com\/fr\/wp-json\/wp\/v2\/types\/product"}],"replies":[{"embeddable":true,"href":"https:\/\/muestra.ghistoursandtransfers.com\/fr\/wp-json\/wp\/v2\/comments?post=2831"}],"version-history":[{"count":0,"href":"https:\/\/muestra.ghistoursandtransfers.com\/fr\/wp-json\/wp\/v2\/product\/2831\/revisions"}],"wp:featuredmedia":[{"embeddable":true,"href":"https:\/\/muestra.ghistoursandtransfers.com\/fr\/wp-json\/wp\/v2\/media\/1901"}],"wp:attachment":[{"href":"https:\/\/muestra.ghistoursandtransfers.com\/fr\/wp-json\/wp\/v2\/media?parent=2831"}],"wp:term":[{"taxonomy":"product_brand","embeddable":true,"href":"https:\/\/muestra.ghistoursandtransfers.com\/fr\/wp-json\/wp\/v2\/product_brand?post=2831"},{"taxonomy":"product_cat","embeddable":true,"href":"https:\/\/muestra.ghistoursandtransfers.com\/fr\/wp-json\/wp\/v2\/product_cat?post=2831"},{"taxonomy":"product_tag","embeddable":true,"href":"https:\/\/muestra.ghistoursandtransfers.com\/fr\/wp-json\/wp\/v2\/product_tag?post=2831"}],"curies":[{"name":"wp","href":"https:\/\/api.w.org\/{rel}","templated":true}]}}