{"id":2830,"date":"2024-06-22T02:54:29","date_gmt":"2024-06-22T07:54:29","guid":{"rendered":"https:\/trip\/musee-national-de-zurich\/"},"modified":"2024-06-22T02:54:29","modified_gmt":"2024-06-22T07:54:29","slug":"musee-national-de-zurich","status":"publish","type":"product","link":"https:\/\/muestra.ghistoursandtransfers.com\/fr\/voyage\/musee-national-de-zurich\/","title":{"rendered":"Mus\u00e9e national de Zurich"},"content":{"rendered":"<p>En visitant le Mus\u00e9e national suisse \u00e0 Zurich, vous d\u00e9couvrirez une collection fascinante couvrant l&rsquo;histoire, la culture et les arts de la Suisse, de la pr\u00e9histoire \u00e0 nos jours. Situ\u00e9 dans un majestueux b\u00e2timent n\u00e9oclassique, le mus\u00e9e abrite une vaste exposition d&rsquo;objets arch\u00e9ologiques, de peintures, de sculptures et d&rsquo;objets historiques qui offrent un aper\u00e7u approfondi de l&rsquo;\u00e9volution culturelle et sociale du pays. Parmi ses collections remarquables figurent des objets de l&rsquo;\u00e2ge du bronze, des objets de l&rsquo;\u00e9poque romaine en Suisse, de l&rsquo;art religieux m\u00e9di\u00e9val, ainsi que de l&rsquo;art suisse moderne et contemporain. En outre, le Mus\u00e9e national propose des expositions temporaires qui explorent des sujets divers et actuels li\u00e9s \u00e0 l&rsquo;histoire et \u00e0 la soci\u00e9t\u00e9 suisses. C&rsquo;est une destination id\u00e9ale pour ceux qui souhaitent s&rsquo;immerger dans le riche patrimoine culturel et la diversit\u00e9 artistique de la Suisse, tout en explorant ses diff\u00e9rentes p\u00e9riodes historiques et leur influence sur le contexte europ\u00e9en plus large.    <\/p>\n\n    <div class=\"xs_social_share_widget xs_share_url after_content \t\tmain_content  wslu-style-1 wslu-share-box-shaped wslu-fill-colored wslu-none wslu-share-horizontal wslu-theme-font-no wslu-main_content\">\n\n\t\t\n        <ul>\n\t\t\t        <\/ul>\n    <\/div> \n","protected":false},"excerpt":{"rendered":"<p>En visitant le Mus\u00e9e national suisse \u00e0 Zurich, vous d\u00e9couvrirez une collection fascinante couvrant l&rsquo;histoire, la culture et les arts de la Suisse, de la pr\u00e9histoire \u00e0 nos jours. Situ\u00e9 dans un majestueux b\u00e2timent n\u00e9oclassique, le mus\u00e9e abrite une vaste exposition d&rsquo;objets arch\u00e9ologiques, de peintures, de sculptures et d&rsquo;objets historiques qui offrent un aper\u00e7u approfondi [&hellip;]<\/p>\n","protected":false},"featured_media":1887,"comment_status":"open","ping_status":"closed","template":"","meta":{"_joinchat":[]},"product_brand":[],"product_cat":[435,433],"product_tag":[259,261,257,263,277,241,243,244,240,267,265,258,269,245,242],"class_list":{"0":"post-2830","1":"product","2":"type-product","3":"status-publish","4":"has-post-thumbnail","6":"product_cat-suisse","7":"product_cat-zurich-fr","8":"product_tag-anniversaire","9":"product_tag-autres-celebrations","10":"product_tag-aventures-sportives","11":"product_tag-centres-commerciaux","12":"product_tag-des-vacances-passionnantes","13":"product_tag-excursions-dune-journee","14":"product_tag-experiences-sensorielles","15":"product_tag-fetes","16":"product_tag-ils-se-vendent-rapidement","17":"product_tag-location-de-yacht","18":"product_tag-louer-des-voitures","19":"product_tag-mariage-et-lune-de-miel","20":"product_tag-retraites-et-ceremonies-spirituelles","21":"product_tag-transferts","22":"product_tag-visites-nocturnes","24":"first","25":"instock","26":"shipping-taxable","27":"product-type-external"},"_links":{"self":[{"href":"https:\/\/muestra.ghistoursandtransfers.com\/fr\/wp-json\/wp\/v2\/product\/2830","targetHints":{"allow":["GET"]}}],"collection":[{"href":"https:\/\/muestra.ghistoursandtransfers.com\/fr\/wp-json\/wp\/v2\/product"}],"about":[{"href":"https:\/\/muestra.ghistoursandtransfers.com\/fr\/wp-json\/wp\/v2\/types\/product"}],"replies":[{"embeddable":true,"href":"https:\/\/muestra.ghistoursandtransfers.com\/fr\/wp-json\/wp\/v2\/comments?post=2830"}],"version-history":[{"count":0,"href":"https:\/\/muestra.ghistoursandtransfers.com\/fr\/wp-json\/wp\/v2\/product\/2830\/revisions"}],"wp:featuredmedia":[{"embeddable":true,"href":"https:\/\/muestra.ghistoursandtransfers.com\/fr\/wp-json\/wp\/v2\/media\/1887"}],"wp:attachment":[{"href":"https:\/\/muestra.ghistoursandtransfers.com\/fr\/wp-json\/wp\/v2\/media?parent=2830"}],"wp:term":[{"taxonomy":"product_brand","embeddable":true,"href":"https:\/\/muestra.ghistoursandtransfers.com\/fr\/wp-json\/wp\/v2\/product_brand?post=2830"},{"taxonomy":"product_cat","embeddable":true,"href":"https:\/\/muestra.ghistoursandtransfers.com\/fr\/wp-json\/wp\/v2\/product_cat?post=2830"},{"taxonomy":"product_tag","embeddable":true,"href":"https:\/\/muestra.ghistoursandtransfers.com\/fr\/wp-json\/wp\/v2\/product_tag?post=2830"}],"curies":[{"name":"wp","href":"https:\/\/api.w.org\/{rel}","templated":true}]}}