{"id":2829,"date":"2024-06-22T02:57:28","date_gmt":"2024-06-22T07:57:28","guid":{"rendered":"https:\/trip\/chateau-de-chillon\/"},"modified":"2024-06-22T02:57:28","modified_gmt":"2024-06-22T07:57:28","slug":"chateau-de-chillon","status":"publish","type":"product","link":"https:\/\/muestra.ghistoursandtransfers.com\/fr\/voyage\/chateau-de-chillon\/","title":{"rendered":"Ch\u00e2teau de Chillon"},"content":{"rendered":"<p>En visitant le ch\u00e2teau de Chillon en Suisse, vous serez transport\u00e9 \u00e0 travers des si\u00e8cles d&rsquo;histoire europ\u00e9enne en explorant cet impressionnant ch\u00e2teau m\u00e9di\u00e9val situ\u00e9 sur les rives du lac L\u00e9man. Cette forteresse, datant du XIIe si\u00e8cle, se distingue par son emplacement strat\u00e9gique et son architecture bien conserv\u00e9e, avec des tours imposantes, des murs d\u00e9fensifs et des salles d\u00e9cor\u00e9es de meubles anciens et d&rsquo;objets historiques. Vous pourrez visiter les donjons et les tours de guet, admirer les vues panoramiques sur le lac et les Alpes depuis ses terrasses et d\u00e9couvrir les l\u00e9gendes et \u00e9v\u00e9nements historiques qui ont marqu\u00e9 la vie du ch\u00e2teau au fil des si\u00e8cles. De plus, le ch\u00e2teau de Chillon abrite des expositions qui racontent l&rsquo;histoire du lieu, notamment son r\u00f4le dans les conflits politiques et sa transformation d&rsquo;une forteresse militaire en r\u00e9sidence seigneuriale. C&rsquo;est une destination incontournable pour les amoureux d&rsquo;histoire et d&rsquo;architecture m\u00e9di\u00e9vale, ainsi que pour ceux qui cherchent \u00e0 profiter de la beaut\u00e9 naturelle et de la s\u00e9r\u00e9nit\u00e9 de la c\u00f4te suisse.    <\/p>\n\n    <div class=\"xs_social_share_widget xs_share_url after_content \t\tmain_content  wslu-style-1 wslu-share-box-shaped wslu-fill-colored wslu-none wslu-share-horizontal wslu-theme-font-no wslu-main_content\">\n\n\t\t\n        <ul>\n\t\t\t        <\/ul>\n    <\/div> \n","protected":false},"excerpt":{"rendered":"<p>En visitant le ch\u00e2teau de Chillon en Suisse, vous serez transport\u00e9 \u00e0 travers des si\u00e8cles d&rsquo;histoire europ\u00e9enne en explorant cet impressionnant ch\u00e2teau m\u00e9di\u00e9val situ\u00e9 sur les rives du lac L\u00e9man. Cette forteresse, datant du XIIe si\u00e8cle, se distingue par son emplacement strat\u00e9gique et son architecture bien conserv\u00e9e, avec des tours imposantes, des murs d\u00e9fensifs et [&hellip;]<\/p>\n","protected":false},"featured_media":1883,"comment_status":"open","ping_status":"closed","template":"","meta":{"_joinchat":[]},"product_brand":[],"product_cat":[434,435],"product_tag":[259,261,257,263,277,241,243,244,240,267,265,258,269,245,242],"class_list":{"0":"post-2829","1":"product","2":"type-product","3":"status-publish","4":"has-post-thumbnail","6":"product_cat-chateau-de-chillon","7":"product_cat-suisse","8":"product_tag-anniversaire","9":"product_tag-autres-celebrations","10":"product_tag-aventures-sportives","11":"product_tag-centres-commerciaux","12":"product_tag-des-vacances-passionnantes","13":"product_tag-excursions-dune-journee","14":"product_tag-experiences-sensorielles","15":"product_tag-fetes","16":"product_tag-ils-se-vendent-rapidement","17":"product_tag-location-de-yacht","18":"product_tag-louer-des-voitures","19":"product_tag-mariage-et-lune-de-miel","20":"product_tag-retraites-et-ceremonies-spirituelles","21":"product_tag-transferts","22":"product_tag-visites-nocturnes","24":"first","25":"instock","26":"shipping-taxable","27":"product-type-external"},"_links":{"self":[{"href":"https:\/\/muestra.ghistoursandtransfers.com\/fr\/wp-json\/wp\/v2\/product\/2829","targetHints":{"allow":["GET"]}}],"collection":[{"href":"https:\/\/muestra.ghistoursandtransfers.com\/fr\/wp-json\/wp\/v2\/product"}],"about":[{"href":"https:\/\/muestra.ghistoursandtransfers.com\/fr\/wp-json\/wp\/v2\/types\/product"}],"replies":[{"embeddable":true,"href":"https:\/\/muestra.ghistoursandtransfers.com\/fr\/wp-json\/wp\/v2\/comments?post=2829"}],"version-history":[{"count":0,"href":"https:\/\/muestra.ghistoursandtransfers.com\/fr\/wp-json\/wp\/v2\/product\/2829\/revisions"}],"wp:featuredmedia":[{"embeddable":true,"href":"https:\/\/muestra.ghistoursandtransfers.com\/fr\/wp-json\/wp\/v2\/media\/1883"}],"wp:attachment":[{"href":"https:\/\/muestra.ghistoursandtransfers.com\/fr\/wp-json\/wp\/v2\/media?parent=2829"}],"wp:term":[{"taxonomy":"product_brand","embeddable":true,"href":"https:\/\/muestra.ghistoursandtransfers.com\/fr\/wp-json\/wp\/v2\/product_brand?post=2829"},{"taxonomy":"product_cat","embeddable":true,"href":"https:\/\/muestra.ghistoursandtransfers.com\/fr\/wp-json\/wp\/v2\/product_cat?post=2829"},{"taxonomy":"product_tag","embeddable":true,"href":"https:\/\/muestra.ghistoursandtransfers.com\/fr\/wp-json\/wp\/v2\/product_tag?post=2829"}],"curies":[{"name":"wp","href":"https:\/\/api.w.org\/{rel}","templated":true}]}}