{"id":2828,"date":"2024-06-22T03:00:11","date_gmt":"2024-06-22T08:00:11","guid":{"rendered":"https:\/trip\/monastere-des-hieronymites\/"},"modified":"2024-06-22T03:00:11","modified_gmt":"2024-06-22T08:00:11","slug":"monastere-des-hieronymites","status":"publish","type":"product","link":"https:\/\/muestra.ghistoursandtransfers.com\/fr\/voyage\/monastere-des-hieronymites\/","title":{"rendered":"Monast\u00e8re des Hi\u00e9ronymites"},"content":{"rendered":"<p>En visitant le monast\u00e8re des Hi\u00e9ronymites \u00e0 Lisbonne, vous serez \u00e9merveill\u00e9 par un chef-d&rsquo;\u0153uvre du style manu\u00e9lin, une fusion unique d&rsquo;architecture gothique tardive avec des \u00e9l\u00e9ments de la Renaissance et des d\u00e9corations complexes. Cet impressionnant monast\u00e8re, construit au XVIe si\u00e8cle pour comm\u00e9morer le succ\u00e8s des d\u00e9couvertes portugaises, est connu pour sa fa\u00e7ade \u00e9labor\u00e9e d\u00e9cor\u00e9e de motifs maritimes et de symboles religieux. En entrant, vous d\u00e9couvrirez un int\u00e9rieur tout aussi impressionnant avec une nef centrale large et haute, des colonnes finement sculpt\u00e9es et des vo\u00fbtes en \u00e9toile qui donnent une impression de grandeur et de spiritualit\u00e9. Le monast\u00e8re abrite \u00e9galement les tombes de personnages historiques importants, comme le navigateur Vasco de Gama. De plus, vous pouvez visiter l&rsquo;\u00e9glise de Santa Mar\u00eda de Bel\u00e9m, adjacente au monast\u00e8re, o\u00f9 se trouvent les tombeaux de Fernando Pessoa et Lu\u00eds de Cam\u00f5es, entre autres. Le monast\u00e8re des Hi\u00e9ronymites t\u00e9moigne de la puissance et de la richesse du Portugal \u00e0 l&rsquo;\u00e8re de la d\u00e9couverte, ainsi que d&rsquo;un symbole durable de l&rsquo;importance culturelle et religieuse de Lisbonne.     <\/p>\n\n    <div class=\"xs_social_share_widget xs_share_url after_content \t\tmain_content  wslu-style-1 wslu-share-box-shaped wslu-fill-colored wslu-none wslu-share-horizontal wslu-theme-font-no wslu-main_content\">\n\n\t\t\n        <ul>\n\t\t\t        <\/ul>\n    <\/div> \n","protected":false},"excerpt":{"rendered":"<p>En visitant le monast\u00e8re des Hi\u00e9ronymites \u00e0 Lisbonne, vous serez \u00e9merveill\u00e9 par un chef-d&rsquo;\u0153uvre du style manu\u00e9lin, une fusion unique d&rsquo;architecture gothique tardive avec des \u00e9l\u00e9ments de la Renaissance et des d\u00e9corations complexes. Cet impressionnant monast\u00e8re, construit au XVIe si\u00e8cle pour comm\u00e9morer le succ\u00e8s des d\u00e9couvertes portugaises, est connu pour sa fa\u00e7ade \u00e9labor\u00e9e d\u00e9cor\u00e9e de [&hellip;]<\/p>\n","protected":false},"featured_media":1863,"comment_status":"open","ping_status":"closed","template":"","meta":{"_joinchat":[]},"product_brand":[],"product_cat":[412,411],"product_tag":[259,261,257,263,277,241,243,244,240,267,265,258,269,245,242],"class_list":{"0":"post-2828","1":"product","2":"type-product","3":"status-publish","4":"has-post-thumbnail","6":"product_cat-lisbonne","7":"product_cat-portugal-fr","8":"product_tag-anniversaire","9":"product_tag-autres-celebrations","10":"product_tag-aventures-sportives","11":"product_tag-centres-commerciaux","12":"product_tag-des-vacances-passionnantes","13":"product_tag-excursions-dune-journee","14":"product_tag-experiences-sensorielles","15":"product_tag-fetes","16":"product_tag-ils-se-vendent-rapidement","17":"product_tag-location-de-yacht","18":"product_tag-louer-des-voitures","19":"product_tag-mariage-et-lune-de-miel","20":"product_tag-retraites-et-ceremonies-spirituelles","21":"product_tag-transferts","22":"product_tag-visites-nocturnes","24":"first","25":"instock","26":"shipping-taxable","27":"product-type-external"},"_links":{"self":[{"href":"https:\/\/muestra.ghistoursandtransfers.com\/fr\/wp-json\/wp\/v2\/product\/2828","targetHints":{"allow":["GET"]}}],"collection":[{"href":"https:\/\/muestra.ghistoursandtransfers.com\/fr\/wp-json\/wp\/v2\/product"}],"about":[{"href":"https:\/\/muestra.ghistoursandtransfers.com\/fr\/wp-json\/wp\/v2\/types\/product"}],"replies":[{"embeddable":true,"href":"https:\/\/muestra.ghistoursandtransfers.com\/fr\/wp-json\/wp\/v2\/comments?post=2828"}],"version-history":[{"count":0,"href":"https:\/\/muestra.ghistoursandtransfers.com\/fr\/wp-json\/wp\/v2\/product\/2828\/revisions"}],"wp:featuredmedia":[{"embeddable":true,"href":"https:\/\/muestra.ghistoursandtransfers.com\/fr\/wp-json\/wp\/v2\/media\/1863"}],"wp:attachment":[{"href":"https:\/\/muestra.ghistoursandtransfers.com\/fr\/wp-json\/wp\/v2\/media?parent=2828"}],"wp:term":[{"taxonomy":"product_brand","embeddable":true,"href":"https:\/\/muestra.ghistoursandtransfers.com\/fr\/wp-json\/wp\/v2\/product_brand?post=2828"},{"taxonomy":"product_cat","embeddable":true,"href":"https:\/\/muestra.ghistoursandtransfers.com\/fr\/wp-json\/wp\/v2\/product_cat?post=2828"},{"taxonomy":"product_tag","embeddable":true,"href":"https:\/\/muestra.ghistoursandtransfers.com\/fr\/wp-json\/wp\/v2\/product_tag?post=2828"}],"curies":[{"name":"wp","href":"https:\/\/api.w.org\/{rel}","templated":true}]}}