{"id":2827,"date":"2024-06-22T03:01:26","date_gmt":"2024-06-22T08:01:26","guid":{"rendered":"https:\/trip\/croisiere-sur-les-6-ponts-de-porto\/"},"modified":"2024-06-22T03:01:26","modified_gmt":"2024-06-22T08:01:26","slug":"croisiere-sur-les-6-ponts-de-porto","status":"publish","type":"product","link":"https:\/\/muestra.ghistoursandtransfers.com\/fr\/voyage\/croisiere-sur-les-6-ponts-de-porto\/","title":{"rendered":"Croisi\u00e8re sur les 6 ponts de Porto"},"content":{"rendered":"<p>En embarquant sur la croisi\u00e8re 6 Ponts de Porto, vous vivrez une exp\u00e9rience unique pour explorer la ville sous un angle diff\u00e9rent. Au cours de la visite le long du fleuve Douro, vous passerez sous six ponts impressionnants qui relient Porto \u00e0 la ville voisine de Vila Nova de Gaia. Parmi les plus remarquables se trouve l&#8217;embl\u00e9matique pont Dom Lu\u00eds I, avec sa structure m\u00e9tallique distinctive con\u00e7ue par un disciple de Gustave Eiffel. En naviguant, vous pourrez profiter de vues panoramiques sur les quartiers riverains color\u00e9s, les caves \u00e0 porto de la rive sud et les anciens chais \u00e0 vin qui donnent tout son caract\u00e8re \u00e0 la r\u00e9gion. En plus des ponts, vous aurez l&rsquo;occasion d&rsquo;admirer les c\u00e9l\u00e8bres tuiles qui d\u00e9corent les fa\u00e7ades des maisons et des b\u00e2timents le long du fleuve, capturant l&rsquo;essence historique et culturelle de cette pittoresque ville portugaise.    <\/p>\n\n    <div class=\"xs_social_share_widget xs_share_url after_content \t\tmain_content  wslu-style-1 wslu-share-box-shaped wslu-fill-colored wslu-none wslu-share-horizontal wslu-theme-font-no wslu-main_content\">\n\n\t\t\n        <ul>\n\t\t\t        <\/ul>\n    <\/div> \n","protected":false},"excerpt":{"rendered":"<p>En embarquant sur la croisi\u00e8re 6 Ponts de Porto, vous vivrez une exp\u00e9rience unique pour explorer la ville sous un angle diff\u00e9rent. Au cours de la visite le long du fleuve Douro, vous passerez sous six ponts impressionnants qui relient Porto \u00e0 la ville voisine de Vila Nova de Gaia. Parmi les plus remarquables se [&hellip;]<\/p>\n","protected":false},"featured_media":1859,"comment_status":"open","ping_status":"closed","template":"","meta":{"_joinchat":[]},"product_brand":[],"product_cat":[413,411],"product_tag":[259,261,257,263,277,241,243,244,240,267,265,258,269,245,242],"class_list":{"0":"post-2827","1":"product","2":"type-product","3":"status-publish","4":"has-post-thumbnail","6":"product_cat-porto-fr","7":"product_cat-portugal-fr","8":"product_tag-anniversaire","9":"product_tag-autres-celebrations","10":"product_tag-aventures-sportives","11":"product_tag-centres-commerciaux","12":"product_tag-des-vacances-passionnantes","13":"product_tag-excursions-dune-journee","14":"product_tag-experiences-sensorielles","15":"product_tag-fetes","16":"product_tag-ils-se-vendent-rapidement","17":"product_tag-location-de-yacht","18":"product_tag-louer-des-voitures","19":"product_tag-mariage-et-lune-de-miel","20":"product_tag-retraites-et-ceremonies-spirituelles","21":"product_tag-transferts","22":"product_tag-visites-nocturnes","24":"first","25":"instock","26":"shipping-taxable","27":"product-type-external"},"_links":{"self":[{"href":"https:\/\/muestra.ghistoursandtransfers.com\/fr\/wp-json\/wp\/v2\/product\/2827","targetHints":{"allow":["GET"]}}],"collection":[{"href":"https:\/\/muestra.ghistoursandtransfers.com\/fr\/wp-json\/wp\/v2\/product"}],"about":[{"href":"https:\/\/muestra.ghistoursandtransfers.com\/fr\/wp-json\/wp\/v2\/types\/product"}],"replies":[{"embeddable":true,"href":"https:\/\/muestra.ghistoursandtransfers.com\/fr\/wp-json\/wp\/v2\/comments?post=2827"}],"version-history":[{"count":0,"href":"https:\/\/muestra.ghistoursandtransfers.com\/fr\/wp-json\/wp\/v2\/product\/2827\/revisions"}],"wp:featuredmedia":[{"embeddable":true,"href":"https:\/\/muestra.ghistoursandtransfers.com\/fr\/wp-json\/wp\/v2\/media\/1859"}],"wp:attachment":[{"href":"https:\/\/muestra.ghistoursandtransfers.com\/fr\/wp-json\/wp\/v2\/media?parent=2827"}],"wp:term":[{"taxonomy":"product_brand","embeddable":true,"href":"https:\/\/muestra.ghistoursandtransfers.com\/fr\/wp-json\/wp\/v2\/product_brand?post=2827"},{"taxonomy":"product_cat","embeddable":true,"href":"https:\/\/muestra.ghistoursandtransfers.com\/fr\/wp-json\/wp\/v2\/product_cat?post=2827"},{"taxonomy":"product_tag","embeddable":true,"href":"https:\/\/muestra.ghistoursandtransfers.com\/fr\/wp-json\/wp\/v2\/product_tag?post=2827"}],"curies":[{"name":"wp","href":"https:\/\/api.w.org\/{rel}","templated":true}]}}