{"id":2826,"date":"2024-07-02T10:58:47","date_gmt":"2024-07-02T15:58:47","guid":{"rendered":"https:\/trip\/stonehenge\/"},"modified":"2024-07-02T10:58:47","modified_gmt":"2024-07-02T15:58:47","slug":"stonehenge","status":"publish","type":"product","link":"https:\/\/muestra.ghistoursandtransfers.com\/fr\/voyage\/stonehenge\/","title":{"rendered":"Stonehenge"},"content":{"rendered":"<p>En visitant Stonehenge, vous vous retrouverez devant l\u2019un des monuments m\u00e9galithiques les plus \u00e9nigmatiques et les plus c\u00e9l\u00e8bres au monde. Situ\u00e9 dans la plaine de Salisbury en Angleterre, Stonehenge est constitu\u00e9 d\u2019\u00e9normes pierres dispos\u00e9es en cercles concentriques et align\u00e9es avec pr\u00e9cision. Ce site arch\u00e9ologique intrigue les chercheurs et les visiteurs depuis des si\u00e8cles, car son objectif initial et la mani\u00e8re dont il a \u00e9t\u00e9 construit restent un myst\u00e8re. Vous marcherez parmi les pierres monumentales et contemplerez leur taille impressionnante et la comp\u00e9tence technique requise pour leur cr\u00e9ation, qui sugg\u00e8re une profonde connaissance astronomique et c\u00e9r\u00e9moniale de la part de leurs b\u00e2tisseurs pr\u00e9historiques. Stonehenge n&rsquo;est pas seulement un t\u00e9moignage de l&rsquo;ing\u00e9niosit\u00e9 humaine ancienne, mais aussi un lieu de fascination et de sp\u00e9culation qui vous transportera dans un pass\u00e9 myst\u00e9rieux et significatif.    <\/p>\n\n    <div class=\"xs_social_share_widget xs_share_url after_content \t\tmain_content  wslu-style-1 wslu-share-box-shaped wslu-fill-colored wslu-none wslu-share-horizontal wslu-theme-font-no wslu-main_content\">\n\n\t\t\n        <ul>\n\t\t\t        <\/ul>\n    <\/div> \n","protected":false},"excerpt":{"rendered":"<p>En visitant Stonehenge, vous vous retrouverez devant l\u2019un des monuments m\u00e9galithiques les plus \u00e9nigmatiques et les plus c\u00e9l\u00e8bres au monde. Situ\u00e9 dans la plaine de Salisbury en Angleterre, Stonehenge est constitu\u00e9 d\u2019\u00e9normes pierres dispos\u00e9es en cercles concentriques et align\u00e9es avec pr\u00e9cision. Ce site arch\u00e9ologique intrigue les chercheurs et les visiteurs depuis des si\u00e8cles, car son [&hellip;]<\/p>\n","protected":false},"featured_media":2083,"comment_status":"open","ping_status":"closed","template":"","meta":{"_joinchat":[]},"product_brand":[],"product_cat":[416,414],"product_tag":[259,261,257,263,277,241,243,244,240,267,265,258,269,245,242],"class_list":{"0":"post-2826","1":"product","2":"type-product","3":"status-publish","4":"has-post-thumbnail","6":"product_cat-plaine-de-salisbury","7":"product_cat-royaume-uni","8":"product_tag-anniversaire","9":"product_tag-autres-celebrations","10":"product_tag-aventures-sportives","11":"product_tag-centres-commerciaux","12":"product_tag-des-vacances-passionnantes","13":"product_tag-excursions-dune-journee","14":"product_tag-experiences-sensorielles","15":"product_tag-fetes","16":"product_tag-ils-se-vendent-rapidement","17":"product_tag-location-de-yacht","18":"product_tag-louer-des-voitures","19":"product_tag-mariage-et-lune-de-miel","20":"product_tag-retraites-et-ceremonies-spirituelles","21":"product_tag-transferts","22":"product_tag-visites-nocturnes","24":"first","25":"instock","26":"shipping-taxable","27":"product-type-external"},"_links":{"self":[{"href":"https:\/\/muestra.ghistoursandtransfers.com\/fr\/wp-json\/wp\/v2\/product\/2826","targetHints":{"allow":["GET"]}}],"collection":[{"href":"https:\/\/muestra.ghistoursandtransfers.com\/fr\/wp-json\/wp\/v2\/product"}],"about":[{"href":"https:\/\/muestra.ghistoursandtransfers.com\/fr\/wp-json\/wp\/v2\/types\/product"}],"replies":[{"embeddable":true,"href":"https:\/\/muestra.ghistoursandtransfers.com\/fr\/wp-json\/wp\/v2\/comments?post=2826"}],"version-history":[{"count":0,"href":"https:\/\/muestra.ghistoursandtransfers.com\/fr\/wp-json\/wp\/v2\/product\/2826\/revisions"}],"wp:featuredmedia":[{"embeddable":true,"href":"https:\/\/muestra.ghistoursandtransfers.com\/fr\/wp-json\/wp\/v2\/media\/2083"}],"wp:attachment":[{"href":"https:\/\/muestra.ghistoursandtransfers.com\/fr\/wp-json\/wp\/v2\/media?parent=2826"}],"wp:term":[{"taxonomy":"product_brand","embeddable":true,"href":"https:\/\/muestra.ghistoursandtransfers.com\/fr\/wp-json\/wp\/v2\/product_brand?post=2826"},{"taxonomy":"product_cat","embeddable":true,"href":"https:\/\/muestra.ghistoursandtransfers.com\/fr\/wp-json\/wp\/v2\/product_cat?post=2826"},{"taxonomy":"product_tag","embeddable":true,"href":"https:\/\/muestra.ghistoursandtransfers.com\/fr\/wp-json\/wp\/v2\/product_tag?post=2826"}],"curies":[{"name":"wp","href":"https:\/\/api.w.org\/{rel}","templated":true}]}}