{"id":2825,"date":"2024-07-10T18:22:53","date_gmt":"2024-07-10T23:22:53","guid":{"rendered":"https:\/trip\/statue-de-la-liberte\/"},"modified":"2024-09-10T22:55:28","modified_gmt":"2024-09-11T03:55:28","slug":"statue-de-la-liberte","status":"publish","type":"product","link":"https:\/\/muestra.ghistoursandtransfers.com\/fr\/voyage\/statue-de-la-liberte\/","title":{"rendered":"Statue de la libert\u00e9"},"content":{"rendered":"<p>La Statue de la Libert\u00e9 \u00e0 New York est un monument embl\u00e9matique qui symbolise la libert\u00e9 et la d\u00e9mocratie. En le contemplant, vous verrez une figure colossale d&rsquo;une femme en toge classique, repr\u00e9sentant Libertas, la d\u00e9esse romaine de la libert\u00e9, tenant haut dans sa main droite une torche et dans sa main gauche une tablette avec l&rsquo;inscription de la date du D\u00e9claration d&rsquo;ind\u00e9pendance des \u00c9tats-Unis, 4 juillet 1776. La statue, situ\u00e9e sur Liberty Island, comporte \u00e9galement une couronne \u00e0 sept pointes, symbolisant les sept continents et mers du monde, et \u00e0 ses pieds se trouvent des cha\u00eenes bris\u00e9es, repr\u00e9sentant l&rsquo;abolition de l&rsquo;esclavage. et l&rsquo;oppression.  <\/p>\n\n    <div class=\"xs_social_share_widget xs_share_url after_content \t\tmain_content  wslu-style-1 wslu-share-box-shaped wslu-fill-colored wslu-none wslu-share-horizontal wslu-theme-font-no wslu-main_content\">\n\n\t\t\n        <ul>\n\t\t\t        <\/ul>\n    <\/div> \n","protected":false},"excerpt":{"rendered":"<p>La Statue de la Libert\u00e9 \u00e0 New York est un monument embl\u00e9matique qui symbolise la libert\u00e9 et la d\u00e9mocratie. En le contemplant, vous verrez une figure colossale d&rsquo;une femme en toge classique, repr\u00e9sentant Libertas, la d\u00e9esse romaine de la libert\u00e9, tenant haut dans sa main droite une torche et dans sa main gauche une tablette [&hellip;]<\/p>\n","protected":false},"featured_media":2383,"comment_status":"open","ping_status":"closed","template":"","meta":{"_joinchat":[]},"product_brand":[],"product_cat":[365,364],"product_tag":[259,261,257,263,277,241,243,244,240,267,265,258,269,245,242],"class_list":{"0":"post-2825","1":"product","2":"type-product","3":"status-publish","4":"has-post-thumbnail","6":"product_cat-les-etats-unis-damerique","7":"product_cat-new-york-fr","8":"product_tag-anniversaire","9":"product_tag-autres-celebrations","10":"product_tag-aventures-sportives","11":"product_tag-centres-commerciaux","12":"product_tag-des-vacances-passionnantes","13":"product_tag-excursions-dune-journee","14":"product_tag-experiences-sensorielles","15":"product_tag-fetes","16":"product_tag-ils-se-vendent-rapidement","17":"product_tag-location-de-yacht","18":"product_tag-louer-des-voitures","19":"product_tag-mariage-et-lune-de-miel","20":"product_tag-retraites-et-ceremonies-spirituelles","21":"product_tag-transferts","22":"product_tag-visites-nocturnes","24":"first","25":"instock","26":"shipping-taxable","27":"product-type-external"},"_links":{"self":[{"href":"https:\/\/muestra.ghistoursandtransfers.com\/fr\/wp-json\/wp\/v2\/product\/2825","targetHints":{"allow":["GET"]}}],"collection":[{"href":"https:\/\/muestra.ghistoursandtransfers.com\/fr\/wp-json\/wp\/v2\/product"}],"about":[{"href":"https:\/\/muestra.ghistoursandtransfers.com\/fr\/wp-json\/wp\/v2\/types\/product"}],"replies":[{"embeddable":true,"href":"https:\/\/muestra.ghistoursandtransfers.com\/fr\/wp-json\/wp\/v2\/comments?post=2825"}],"version-history":[{"count":1,"href":"https:\/\/muestra.ghistoursandtransfers.com\/fr\/wp-json\/wp\/v2\/product\/2825\/revisions"}],"predecessor-version":[{"id":3248,"href":"https:\/\/muestra.ghistoursandtransfers.com\/fr\/wp-json\/wp\/v2\/product\/2825\/revisions\/3248"}],"wp:featuredmedia":[{"embeddable":true,"href":"https:\/\/muestra.ghistoursandtransfers.com\/fr\/wp-json\/wp\/v2\/media\/2383"}],"wp:attachment":[{"href":"https:\/\/muestra.ghistoursandtransfers.com\/fr\/wp-json\/wp\/v2\/media?parent=2825"}],"wp:term":[{"taxonomy":"product_brand","embeddable":true,"href":"https:\/\/muestra.ghistoursandtransfers.com\/fr\/wp-json\/wp\/v2\/product_brand?post=2825"},{"taxonomy":"product_cat","embeddable":true,"href":"https:\/\/muestra.ghistoursandtransfers.com\/fr\/wp-json\/wp\/v2\/product_cat?post=2825"},{"taxonomy":"product_tag","embeddable":true,"href":"https:\/\/muestra.ghistoursandtransfers.com\/fr\/wp-json\/wp\/v2\/product_tag?post=2825"}],"curies":[{"name":"wp","href":"https:\/\/api.w.org\/{rel}","templated":true}]}}