{"id":2824,"date":"2024-07-02T11:39:39","date_gmt":"2024-07-02T16:39:39","guid":{"rendered":"https:\/trip\/musee-van-gogh\/"},"modified":"2024-07-02T11:39:39","modified_gmt":"2024-07-02T16:39:39","slug":"musee-van-gogh","status":"publish","type":"product","link":"https:\/\/muestra.ghistoursandtransfers.com\/fr\/voyage\/musee-van-gogh\/","title":{"rendered":"Mus\u00e9e Van Gogh"},"content":{"rendered":"<p>En visitant le mus\u00e9e Van Gogh d&rsquo;Amsterdam, vous vous plongerez dans la vie et l&rsquo;\u0153uvre de l&rsquo;un des peintres les plus influents de l&rsquo;art moderne. Le mus\u00e9e abrite la plus grande collection au monde d&rsquo;\u0153uvres de Vincent van Gogh, notamment des peintures embl\u00e9matiques telles que \u00ab Les Tournesols \u00bb, \u00ab La Chambre de Van Gogh \u00e0 Arles \u00bb et \u00ab La Fleur d&rsquo;amandier \u00bb. Vous pourrez explorer l&rsquo;\u00e9volution artistique de Van Gogh \u00e0 travers ses autoportraits vibrants, ses paysages color\u00e9s et ses \u00e9tudes d\u00e9taill\u00e9es de la nature. En plus de ses peintures, le mus\u00e9e expose les lettres personnelles, les dessins et les objets personnels de l&rsquo;artiste qui donnent un aper\u00e7u intime de sa vie et de son processus cr\u00e9atif. Le Mus\u00e9e Van Gogh n&rsquo;est pas seulement un hommage au g\u00e9nie artistique de Van Gogh, mais aussi un lieu o\u00f9 les visiteurs peuvent se plonger dans sa vie mouvement\u00e9e et son impact durable sur le monde de l&rsquo;art.    <\/p>\n\n    <div class=\"xs_social_share_widget xs_share_url after_content \t\tmain_content  wslu-style-1 wslu-share-box-shaped wslu-fill-colored wslu-none wslu-share-horizontal wslu-theme-font-no wslu-main_content\">\n\n\t\t\n        <ul>\n\t\t\t        <\/ul>\n    <\/div> \n","protected":false},"excerpt":{"rendered":"<p>En visitant le mus\u00e9e Van Gogh d&rsquo;Amsterdam, vous vous plongerez dans la vie et l&rsquo;\u0153uvre de l&rsquo;un des peintres les plus influents de l&rsquo;art moderne. Le mus\u00e9e abrite la plus grande collection au monde d&rsquo;\u0153uvres de Vincent van Gogh, notamment des peintures embl\u00e9matiques telles que \u00ab Les Tournesols \u00bb, \u00ab La Chambre de Van Gogh [&hellip;]<\/p>\n","protected":false},"featured_media":2091,"comment_status":"open","ping_status":"closed","template":"","meta":{"_joinchat":[]},"product_brand":[],"product_cat":[400,402],"product_tag":[259,261,257,263,277,241,243,244,240,267,265,258,269,245,242],"class_list":{"0":"post-2824","1":"product","2":"type-product","3":"status-publish","4":"has-post-thumbnail","6":"product_cat-amsterdam-fr","7":"product_cat-pays-bas","8":"product_tag-anniversaire","9":"product_tag-autres-celebrations","10":"product_tag-aventures-sportives","11":"product_tag-centres-commerciaux","12":"product_tag-des-vacances-passionnantes","13":"product_tag-excursions-dune-journee","14":"product_tag-experiences-sensorielles","15":"product_tag-fetes","16":"product_tag-ils-se-vendent-rapidement","17":"product_tag-location-de-yacht","18":"product_tag-louer-des-voitures","19":"product_tag-mariage-et-lune-de-miel","20":"product_tag-retraites-et-ceremonies-spirituelles","21":"product_tag-transferts","22":"product_tag-visites-nocturnes","24":"first","25":"instock","26":"shipping-taxable","27":"product-type-external"},"_links":{"self":[{"href":"https:\/\/muestra.ghistoursandtransfers.com\/fr\/wp-json\/wp\/v2\/product\/2824","targetHints":{"allow":["GET"]}}],"collection":[{"href":"https:\/\/muestra.ghistoursandtransfers.com\/fr\/wp-json\/wp\/v2\/product"}],"about":[{"href":"https:\/\/muestra.ghistoursandtransfers.com\/fr\/wp-json\/wp\/v2\/types\/product"}],"replies":[{"embeddable":true,"href":"https:\/\/muestra.ghistoursandtransfers.com\/fr\/wp-json\/wp\/v2\/comments?post=2824"}],"version-history":[{"count":0,"href":"https:\/\/muestra.ghistoursandtransfers.com\/fr\/wp-json\/wp\/v2\/product\/2824\/revisions"}],"wp:featuredmedia":[{"embeddable":true,"href":"https:\/\/muestra.ghistoursandtransfers.com\/fr\/wp-json\/wp\/v2\/media\/2091"}],"wp:attachment":[{"href":"https:\/\/muestra.ghistoursandtransfers.com\/fr\/wp-json\/wp\/v2\/media?parent=2824"}],"wp:term":[{"taxonomy":"product_brand","embeddable":true,"href":"https:\/\/muestra.ghistoursandtransfers.com\/fr\/wp-json\/wp\/v2\/product_brand?post=2824"},{"taxonomy":"product_cat","embeddable":true,"href":"https:\/\/muestra.ghistoursandtransfers.com\/fr\/wp-json\/wp\/v2\/product_cat?post=2824"},{"taxonomy":"product_tag","embeddable":true,"href":"https:\/\/muestra.ghistoursandtransfers.com\/fr\/wp-json\/wp\/v2\/product_tag?post=2824"}],"curies":[{"name":"wp","href":"https:\/\/api.w.org\/{rel}","templated":true}]}}