{"id":2823,"date":"2024-07-10T18:25:40","date_gmt":"2024-07-10T23:25:40","guid":{"rendered":"https:\/trip\/telepherique\/"},"modified":"2024-07-10T18:25:40","modified_gmt":"2024-07-10T23:25:40","slug":"telepherique","status":"publish","type":"product","link":"https:\/\/muestra.ghistoursandtransfers.com\/fr\/voyage\/telepherique\/","title":{"rendered":"T\u00e9l\u00e9ph\u00e9rique"},"content":{"rendered":"<p>\u00c0 bord du t\u00e9l\u00e9ph\u00e9rique de San Francisco, vous ferez l&rsquo;exp\u00e9rience d&rsquo;un mode de transport embl\u00e9matique et pittoresque, symbole de la ville depuis la fin du XIXe si\u00e8cle. En montant \u00e0 bord, vous verrez un v\u00e9hicule classique en bois avec des si\u00e8ges ouverts et un design qui permet aux passagers de voyager debout, en s&rsquo;accrochant aux montants lat\u00e9raux. Au fur et \u00e0 mesure qu&rsquo;il avance, le tramway survole les collines escarp\u00e9es de la ville, offrant une vue imprenable sur les rues vallonn\u00e9es, les \u00e9l\u00e9gantes maisons victoriennes et les monuments embl\u00e9matiques tels que la baie de San Francisco et Alcatraz. Ce syst\u00e8me de tramway historique, actionn\u00e9 manuellement par des conducteurs experts, vous plonge dans une exp\u00e9rience nostalgique et authentique du San Francisco d&rsquo;antan.   <\/p>\n\n    <div class=\"xs_social_share_widget xs_share_url after_content \t\tmain_content  wslu-style-1 wslu-share-box-shaped wslu-fill-colored wslu-none wslu-share-horizontal wslu-theme-font-no wslu-main_content\">\n\n\t\t\n        <ul>\n\t\t\t        <\/ul>\n    <\/div> \n","protected":false},"excerpt":{"rendered":"<p>\u00c0 bord du t\u00e9l\u00e9ph\u00e9rique de San Francisco, vous ferez l&rsquo;exp\u00e9rience d&rsquo;un mode de transport embl\u00e9matique et pittoresque, symbole de la ville depuis la fin du XIXe si\u00e8cle. En montant \u00e0 bord, vous verrez un v\u00e9hicule classique en bois avec des si\u00e8ges ouverts et un design qui permet aux passagers de voyager debout, en s&rsquo;accrochant aux [&hellip;]<\/p>\n","protected":false},"featured_media":2369,"comment_status":"open","ping_status":"closed","template":"","meta":{"_joinchat":[]},"product_brand":[],"product_cat":[365,363],"product_tag":[259,261,257,263,277,241,243,244,240,267,265,258,269,245,242],"class_list":{"0":"post-2823","1":"product","2":"type-product","3":"status-publish","4":"has-post-thumbnail","6":"product_cat-les-etats-unis-damerique","7":"product_cat-san-francisco-fr","8":"product_tag-anniversaire","9":"product_tag-autres-celebrations","10":"product_tag-aventures-sportives","11":"product_tag-centres-commerciaux","12":"product_tag-des-vacances-passionnantes","13":"product_tag-excursions-dune-journee","14":"product_tag-experiences-sensorielles","15":"product_tag-fetes","16":"product_tag-ils-se-vendent-rapidement","17":"product_tag-location-de-yacht","18":"product_tag-louer-des-voitures","19":"product_tag-mariage-et-lune-de-miel","20":"product_tag-retraites-et-ceremonies-spirituelles","21":"product_tag-transferts","22":"product_tag-visites-nocturnes","24":"first","25":"instock","26":"shipping-taxable","27":"product-type-external"},"_links":{"self":[{"href":"https:\/\/muestra.ghistoursandtransfers.com\/fr\/wp-json\/wp\/v2\/product\/2823","targetHints":{"allow":["GET"]}}],"collection":[{"href":"https:\/\/muestra.ghistoursandtransfers.com\/fr\/wp-json\/wp\/v2\/product"}],"about":[{"href":"https:\/\/muestra.ghistoursandtransfers.com\/fr\/wp-json\/wp\/v2\/types\/product"}],"replies":[{"embeddable":true,"href":"https:\/\/muestra.ghistoursandtransfers.com\/fr\/wp-json\/wp\/v2\/comments?post=2823"}],"version-history":[{"count":0,"href":"https:\/\/muestra.ghistoursandtransfers.com\/fr\/wp-json\/wp\/v2\/product\/2823\/revisions"}],"wp:featuredmedia":[{"embeddable":true,"href":"https:\/\/muestra.ghistoursandtransfers.com\/fr\/wp-json\/wp\/v2\/media\/2369"}],"wp:attachment":[{"href":"https:\/\/muestra.ghistoursandtransfers.com\/fr\/wp-json\/wp\/v2\/media?parent=2823"}],"wp:term":[{"taxonomy":"product_brand","embeddable":true,"href":"https:\/\/muestra.ghistoursandtransfers.com\/fr\/wp-json\/wp\/v2\/product_brand?post=2823"},{"taxonomy":"product_cat","embeddable":true,"href":"https:\/\/muestra.ghistoursandtransfers.com\/fr\/wp-json\/wp\/v2\/product_cat?post=2823"},{"taxonomy":"product_tag","embeddable":true,"href":"https:\/\/muestra.ghistoursandtransfers.com\/fr\/wp-json\/wp\/v2\/product_tag?post=2823"}],"curies":[{"name":"wp","href":"https:\/\/api.w.org\/{rel}","templated":true}]}}