{"id":2822,"date":"2024-07-10T18:26:28","date_gmt":"2024-07-10T23:26:28","guid":{"rendered":"https:\/trip\/xochimilco\/"},"modified":"2024-07-10T18:26:28","modified_gmt":"2024-07-10T23:26:28","slug":"xochimilco","status":"publish","type":"product","link":"https:\/\/muestra.ghistoursandtransfers.com\/fr\/voyage\/xochimilco\/","title":{"rendered":"Xochimilco"},"content":{"rendered":"<p>\u00c0 Xochimilco, dans la ville de Mexico, vous serez transport\u00e9 dans un paysage vibrant et color\u00e9 de canaux et de jardins flottants, rappelant l&rsquo;\u00e9poque pr\u00e9hispanique. Vous naviguerez dans des trajineras, des bateaux traditionnels d\u00e9cor\u00e9s de fleurs et de couleurs vives, tout en vous plongeant dans une ambiance festive pleine de musique mariachi et marimba. Le long des canaux, vous verrez des vendeurs en trajineras proposant des plats typiquement mexicains tels que des elotes, des tacos et des boissons rafra\u00eechissantes. Les jardins flottants, ou chinampas, sont un autre spectacle visuel, mettant en valeur l&rsquo;ing\u00e9nieuse technique agricole des anciens Azt\u00e8ques. La faune locale, notamment les oiseaux et les plantes aquatiques, ajoute une touche naturelle \u00e0 cette exp\u00e9rience unique qui allie histoire, culture et nature.    <\/p>\n\n    <div class=\"xs_social_share_widget xs_share_url after_content \t\tmain_content  wslu-style-1 wslu-share-box-shaped wslu-fill-colored wslu-none wslu-share-horizontal wslu-theme-font-no wslu-main_content\">\n\n\t\t\n        <ul>\n\t\t\t        <\/ul>\n    <\/div> \n","protected":false},"excerpt":{"rendered":"<p>\u00c0 Xochimilco, dans la ville de Mexico, vous serez transport\u00e9 dans un paysage vibrant et color\u00e9 de canaux et de jardins flottants, rappelant l&rsquo;\u00e9poque pr\u00e9hispanique. Vous naviguerez dans des trajineras, des bateaux traditionnels d\u00e9cor\u00e9s de fleurs et de couleurs vives, tout en vous plongeant dans une ambiance festive pleine de musique mariachi et marimba. Le [&hellip;]<\/p>\n","protected":false},"featured_media":2367,"comment_status":"open","ping_status":"closed","template":"","meta":{"_joinchat":[]},"product_brand":[],"product_cat":[407,378],"product_tag":[259,261,257,263,277,241,243,244,240,267,265,258,269,245,242],"class_list":{"0":"post-2822","1":"product","2":"type-product","3":"status-publish","4":"has-post-thumbnail","6":"product_cat-mexico-cdmx","7":"product_cat-mexique","8":"product_tag-anniversaire","9":"product_tag-autres-celebrations","10":"product_tag-aventures-sportives","11":"product_tag-centres-commerciaux","12":"product_tag-des-vacances-passionnantes","13":"product_tag-excursions-dune-journee","14":"product_tag-experiences-sensorielles","15":"product_tag-fetes","16":"product_tag-ils-se-vendent-rapidement","17":"product_tag-location-de-yacht","18":"product_tag-louer-des-voitures","19":"product_tag-mariage-et-lune-de-miel","20":"product_tag-retraites-et-ceremonies-spirituelles","21":"product_tag-transferts","22":"product_tag-visites-nocturnes","24":"first","25":"instock","26":"shipping-taxable","27":"product-type-external"},"_links":{"self":[{"href":"https:\/\/muestra.ghistoursandtransfers.com\/fr\/wp-json\/wp\/v2\/product\/2822","targetHints":{"allow":["GET"]}}],"collection":[{"href":"https:\/\/muestra.ghistoursandtransfers.com\/fr\/wp-json\/wp\/v2\/product"}],"about":[{"href":"https:\/\/muestra.ghistoursandtransfers.com\/fr\/wp-json\/wp\/v2\/types\/product"}],"replies":[{"embeddable":true,"href":"https:\/\/muestra.ghistoursandtransfers.com\/fr\/wp-json\/wp\/v2\/comments?post=2822"}],"version-history":[{"count":0,"href":"https:\/\/muestra.ghistoursandtransfers.com\/fr\/wp-json\/wp\/v2\/product\/2822\/revisions"}],"wp:featuredmedia":[{"embeddable":true,"href":"https:\/\/muestra.ghistoursandtransfers.com\/fr\/wp-json\/wp\/v2\/media\/2367"}],"wp:attachment":[{"href":"https:\/\/muestra.ghistoursandtransfers.com\/fr\/wp-json\/wp\/v2\/media?parent=2822"}],"wp:term":[{"taxonomy":"product_brand","embeddable":true,"href":"https:\/\/muestra.ghistoursandtransfers.com\/fr\/wp-json\/wp\/v2\/product_brand?post=2822"},{"taxonomy":"product_cat","embeddable":true,"href":"https:\/\/muestra.ghistoursandtransfers.com\/fr\/wp-json\/wp\/v2\/product_cat?post=2822"},{"taxonomy":"product_tag","embeddable":true,"href":"https:\/\/muestra.ghistoursandtransfers.com\/fr\/wp-json\/wp\/v2\/product_tag?post=2822"}],"curies":[{"name":"wp","href":"https:\/\/api.w.org\/{rel}","templated":true}]}}