{"id":2753,"date":"2024-07-10T18:29:09","date_gmt":"2024-07-10T23:29:09","guid":{"rendered":"https:\/trip\/chateau-frontenac\/"},"modified":"2024-07-10T18:29:09","modified_gmt":"2024-07-10T23:29:09","slug":"chateau-frontenac","status":"publish","type":"product","link":"https:\/\/muestra.ghistoursandtransfers.com\/fr\/voyage\/chateau-frontenac\/","title":{"rendered":"Ch\u00e2teau Frontenac"},"content":{"rendered":"<p>Le Ch\u00e2teau Frontenac, situ\u00e9 dans la ville de Qu\u00e9bec, au Canada, est un majestueux h\u00f4tel de style ch\u00e2teau qui domine l&rsquo;horizon avec son architecture distinctive d&rsquo;inspiration fran\u00e7aise et son impressionnante tour de cuivre vert. Lors de votre visite, vous serez \u00e9merveill\u00e9 par son \u00e9l\u00e9gante fa\u00e7ade en brique et en pierre, et en entrant, vous serez accueilli par des int\u00e9rieurs opulents d\u00e9cor\u00e9s de meubles anciens, de lustres et de tapisseries luxueuses. Offrant une vue panoramique sur le fleuve Saint-Laurent et le Vieux-Qu\u00e9bec, l&rsquo;h\u00f4tel est \u00e9galement connu pour ses riches d\u00e9tails historiques et culturels, \u00e9tant un symbole de l&rsquo;h\u00e9ritage colonial fran\u00e7ais du Canada. Son atmosph\u00e8re sophistiqu\u00e9e et son histoire en tant que l&rsquo;un des h\u00f4tels les plus photographi\u00e9s au monde en font une exp\u00e9rience inoubliable.   <\/p>\n\n    <div class=\"xs_social_share_widget xs_share_url after_content \t\tmain_content  wslu-style-1 wslu-share-box-shaped wslu-fill-colored wslu-none wslu-share-horizontal wslu-theme-font-no wslu-main_content\">\n\n\t\t\n        <ul>\n\t\t\t        <\/ul>\n    <\/div> \n","protected":false},"excerpt":{"rendered":"<p>Le Ch\u00e2teau Frontenac, situ\u00e9 dans la ville de Qu\u00e9bec, au Canada, est un majestueux h\u00f4tel de style ch\u00e2teau qui domine l&rsquo;horizon avec son architecture distinctive d&rsquo;inspiration fran\u00e7aise et son impressionnante tour de cuivre vert. Lors de votre visite, vous serez \u00e9merveill\u00e9 par son \u00e9l\u00e9gante fa\u00e7ade en brique et en pierre, et en entrant, vous serez [&hellip;]<\/p>\n","protected":false},"featured_media":2339,"comment_status":"open","ping_status":"closed","template":"","meta":{"_joinchat":[]},"product_brand":[],"product_cat":[330,329],"product_tag":[259,261,257,263,277,241,243,244,240,267,265,258,269,245,242],"class_list":{"0":"post-2753","1":"product","2":"type-product","3":"status-publish","4":"has-post-thumbnail","6":"product_cat-canada-fr","7":"product_cat-ville-de-quebec","8":"product_tag-anniversaire","9":"product_tag-autres-celebrations","10":"product_tag-aventures-sportives","11":"product_tag-centres-commerciaux","12":"product_tag-des-vacances-passionnantes","13":"product_tag-excursions-dune-journee","14":"product_tag-experiences-sensorielles","15":"product_tag-fetes","16":"product_tag-ils-se-vendent-rapidement","17":"product_tag-location-de-yacht","18":"product_tag-louer-des-voitures","19":"product_tag-mariage-et-lune-de-miel","20":"product_tag-retraites-et-ceremonies-spirituelles","21":"product_tag-transferts","22":"product_tag-visites-nocturnes","24":"first","25":"instock","26":"shipping-taxable","27":"product-type-external"},"_links":{"self":[{"href":"https:\/\/muestra.ghistoursandtransfers.com\/fr\/wp-json\/wp\/v2\/product\/2753","targetHints":{"allow":["GET"]}}],"collection":[{"href":"https:\/\/muestra.ghistoursandtransfers.com\/fr\/wp-json\/wp\/v2\/product"}],"about":[{"href":"https:\/\/muestra.ghistoursandtransfers.com\/fr\/wp-json\/wp\/v2\/types\/product"}],"replies":[{"embeddable":true,"href":"https:\/\/muestra.ghistoursandtransfers.com\/fr\/wp-json\/wp\/v2\/comments?post=2753"}],"version-history":[{"count":0,"href":"https:\/\/muestra.ghistoursandtransfers.com\/fr\/wp-json\/wp\/v2\/product\/2753\/revisions"}],"wp:featuredmedia":[{"embeddable":true,"href":"https:\/\/muestra.ghistoursandtransfers.com\/fr\/wp-json\/wp\/v2\/media\/2339"}],"wp:attachment":[{"href":"https:\/\/muestra.ghistoursandtransfers.com\/fr\/wp-json\/wp\/v2\/media?parent=2753"}],"wp:term":[{"taxonomy":"product_brand","embeddable":true,"href":"https:\/\/muestra.ghistoursandtransfers.com\/fr\/wp-json\/wp\/v2\/product_brand?post=2753"},{"taxonomy":"product_cat","embeddable":true,"href":"https:\/\/muestra.ghistoursandtransfers.com\/fr\/wp-json\/wp\/v2\/product_cat?post=2753"},{"taxonomy":"product_tag","embeddable":true,"href":"https:\/\/muestra.ghistoursandtransfers.com\/fr\/wp-json\/wp\/v2\/product_tag?post=2753"}],"curies":[{"name":"wp","href":"https:\/\/api.w.org\/{rel}","templated":true}]}}