{"id":2751,"date":"2024-07-10T18:34:19","date_gmt":"2024-07-10T23:34:19","guid":{"rendered":"https:\/trip\/parcs-naturels-du-cap-cana\/"},"modified":"2024-07-10T18:34:19","modified_gmt":"2024-07-10T23:34:19","slug":"parcs-naturels-du-cap-cana","status":"publish","type":"product","link":"https:\/\/muestra.ghistoursandtransfers.com\/fr\/voyage\/parcs-naturels-du-cap-cana\/","title":{"rendered":"Parcs naturels du Cap Cana"},"content":{"rendered":"<p>Dans les parcs naturels de Cap Cana, en R\u00e9publique Dominicaine, vous rencontrerez une \u00e9tonnante diversit\u00e9 de paysages parmi lesquels des plages de sable blanc, des eaux cristallines et des for\u00eats tropicales luxuriantes. Vous explorerez Scape Park, un parc d&rsquo;aventure qui propose des activit\u00e9s comme la tyrolienne, des grottes souterraines et des c\u00e9notes d&rsquo;eau douce, comme Hoyo Azul, connu pour sa superbe couleur turquoise. De plus, vous pourrez explorer des sentiers naturels, observer la faune locale comme des oiseaux exotiques et des reptiles et profiter d&rsquo;activit\u00e9s nautiques dans un environnement paradisiaque. La combinaison d&rsquo;aventure, de nature intacte et de beaut\u00e9 des paysages fait de Cap Cana une destination incontournable pour les amoureux de la nature et de l&rsquo;aventure.   <\/p>\n\n    <div class=\"xs_social_share_widget xs_share_url after_content \t\tmain_content  wslu-style-1 wslu-share-box-shaped wslu-fill-colored wslu-none wslu-share-horizontal wslu-theme-font-no wslu-main_content\">\n\n\t\t\n        <ul>\n\t\t\t        <\/ul>\n    <\/div> \n","protected":false},"excerpt":{"rendered":"<p>Dans les parcs naturels de Cap Cana, en R\u00e9publique Dominicaine, vous rencontrerez une \u00e9tonnante diversit\u00e9 de paysages parmi lesquels des plages de sable blanc, des eaux cristallines et des for\u00eats tropicales luxuriantes. Vous explorerez Scape Park, un parc d&rsquo;aventure qui propose des activit\u00e9s comme la tyrolienne, des grottes souterraines et des c\u00e9notes d&rsquo;eau douce, comme [&hellip;]<\/p>\n","protected":false},"featured_media":2319,"comment_status":"open","ping_status":"closed","template":"","meta":{"_joinchat":[]},"product_brand":[],"product_cat":[418,417],"product_tag":[259,261,257,263,277,241,243,244,240,267,265,258,269,245,242],"class_list":{"0":"post-2751","1":"product","2":"type-product","3":"status-publish","4":"has-post-thumbnail","6":"product_cat-punta-cana-fr","7":"product_cat-republique-dominicaine","8":"product_tag-anniversaire","9":"product_tag-autres-celebrations","10":"product_tag-aventures-sportives","11":"product_tag-centres-commerciaux","12":"product_tag-des-vacances-passionnantes","13":"product_tag-excursions-dune-journee","14":"product_tag-experiences-sensorielles","15":"product_tag-fetes","16":"product_tag-ils-se-vendent-rapidement","17":"product_tag-location-de-yacht","18":"product_tag-louer-des-voitures","19":"product_tag-mariage-et-lune-de-miel","20":"product_tag-retraites-et-ceremonies-spirituelles","21":"product_tag-transferts","22":"product_tag-visites-nocturnes","24":"first","25":"instock","26":"shipping-taxable","27":"product-type-external"},"_links":{"self":[{"href":"https:\/\/muestra.ghistoursandtransfers.com\/fr\/wp-json\/wp\/v2\/product\/2751","targetHints":{"allow":["GET"]}}],"collection":[{"href":"https:\/\/muestra.ghistoursandtransfers.com\/fr\/wp-json\/wp\/v2\/product"}],"about":[{"href":"https:\/\/muestra.ghistoursandtransfers.com\/fr\/wp-json\/wp\/v2\/types\/product"}],"replies":[{"embeddable":true,"href":"https:\/\/muestra.ghistoursandtransfers.com\/fr\/wp-json\/wp\/v2\/comments?post=2751"}],"version-history":[{"count":0,"href":"https:\/\/muestra.ghistoursandtransfers.com\/fr\/wp-json\/wp\/v2\/product\/2751\/revisions"}],"wp:featuredmedia":[{"embeddable":true,"href":"https:\/\/muestra.ghistoursandtransfers.com\/fr\/wp-json\/wp\/v2\/media\/2319"}],"wp:attachment":[{"href":"https:\/\/muestra.ghistoursandtransfers.com\/fr\/wp-json\/wp\/v2\/media?parent=2751"}],"wp:term":[{"taxonomy":"product_brand","embeddable":true,"href":"https:\/\/muestra.ghistoursandtransfers.com\/fr\/wp-json\/wp\/v2\/product_brand?post=2751"},{"taxonomy":"product_cat","embeddable":true,"href":"https:\/\/muestra.ghistoursandtransfers.com\/fr\/wp-json\/wp\/v2\/product_cat?post=2751"},{"taxonomy":"product_tag","embeddable":true,"href":"https:\/\/muestra.ghistoursandtransfers.com\/fr\/wp-json\/wp\/v2\/product_tag?post=2751"}],"curies":[{"name":"wp","href":"https:\/\/api.w.org\/{rel}","templated":true}]}}