{"id":2750,"date":"2024-07-10T18:36:46","date_gmt":"2024-07-10T23:36:46","guid":{"rendered":"https:\/trip\/parc-mirador-sur\/"},"modified":"2024-07-10T18:36:46","modified_gmt":"2024-07-10T23:36:46","slug":"parc-mirador-sur","status":"publish","type":"product","link":"https:\/\/muestra.ghistoursandtransfers.com\/fr\/voyage\/parc-mirador-sur\/","title":{"rendered":"Parc Mirador Sur"},"content":{"rendered":"<p>Au Parque Mirador Sur \u00e0 Saint-Domingue, vous vous plongerez dans une vaste oasis urbaine qui offre un r\u00e9pit vert au milieu de la capitale anim\u00e9e de la R\u00e9publique dominicaine. Vous marcherez le long de larges sentiers ombrag\u00e9s d&rsquo;arbres tropicaux feuillus, id\u00e9aux pour marcher, courir ou faire du v\u00e9lo. Dans tout le parc, vous trouverez des aires de pique-nique, des lacs artificiels et des points de vue offrant une vue panoramique sur la ville et la mer des Cara\u00efbes. De plus, vous pourrez observer une faune locale vari\u00e9e et profiter d&rsquo;espaces r\u00e9cr\u00e9atifs et sportifs. Ce parc est non seulement un lieu de loisirs et de d\u00e9tente, mais aussi un point de rencontre culturel et social pour les r\u00e9sidents et les visiteurs.    <\/p>\n\n    <div class=\"xs_social_share_widget xs_share_url after_content \t\tmain_content  wslu-style-1 wslu-share-box-shaped wslu-fill-colored wslu-none wslu-share-horizontal wslu-theme-font-no wslu-main_content\">\n\n\t\t\n        <ul>\n\t\t\t        <\/ul>\n    <\/div> \n","protected":false},"excerpt":{"rendered":"<p>Au Parque Mirador Sur \u00e0 Saint-Domingue, vous vous plongerez dans une vaste oasis urbaine qui offre un r\u00e9pit vert au milieu de la capitale anim\u00e9e de la R\u00e9publique dominicaine. Vous marcherez le long de larges sentiers ombrag\u00e9s d&rsquo;arbres tropicaux feuillus, id\u00e9aux pour marcher, courir ou faire du v\u00e9lo. Dans tout le parc, vous trouverez des [&hellip;]<\/p>\n","protected":false},"featured_media":2295,"comment_status":"open","ping_status":"closed","template":"","meta":{"_joinchat":[]},"product_brand":[],"product_cat":[417,436],"product_tag":[259,261,257,263,277,241,243,244,240,267,265,258,269,245,242],"class_list":{"0":"post-2750","1":"product","2":"type-product","3":"status-publish","4":"has-post-thumbnail","6":"product_cat-republique-dominicaine","7":"product_cat-saint-dominique","8":"product_tag-anniversaire","9":"product_tag-autres-celebrations","10":"product_tag-aventures-sportives","11":"product_tag-centres-commerciaux","12":"product_tag-des-vacances-passionnantes","13":"product_tag-excursions-dune-journee","14":"product_tag-experiences-sensorielles","15":"product_tag-fetes","16":"product_tag-ils-se-vendent-rapidement","17":"product_tag-location-de-yacht","18":"product_tag-louer-des-voitures","19":"product_tag-mariage-et-lune-de-miel","20":"product_tag-retraites-et-ceremonies-spirituelles","21":"product_tag-transferts","22":"product_tag-visites-nocturnes","24":"first","25":"instock","26":"shipping-taxable","27":"product-type-external"},"_links":{"self":[{"href":"https:\/\/muestra.ghistoursandtransfers.com\/fr\/wp-json\/wp\/v2\/product\/2750","targetHints":{"allow":["GET"]}}],"collection":[{"href":"https:\/\/muestra.ghistoursandtransfers.com\/fr\/wp-json\/wp\/v2\/product"}],"about":[{"href":"https:\/\/muestra.ghistoursandtransfers.com\/fr\/wp-json\/wp\/v2\/types\/product"}],"replies":[{"embeddable":true,"href":"https:\/\/muestra.ghistoursandtransfers.com\/fr\/wp-json\/wp\/v2\/comments?post=2750"}],"version-history":[{"count":0,"href":"https:\/\/muestra.ghistoursandtransfers.com\/fr\/wp-json\/wp\/v2\/product\/2750\/revisions"}],"wp:featuredmedia":[{"embeddable":true,"href":"https:\/\/muestra.ghistoursandtransfers.com\/fr\/wp-json\/wp\/v2\/media\/2295"}],"wp:attachment":[{"href":"https:\/\/muestra.ghistoursandtransfers.com\/fr\/wp-json\/wp\/v2\/media?parent=2750"}],"wp:term":[{"taxonomy":"product_brand","embeddable":true,"href":"https:\/\/muestra.ghistoursandtransfers.com\/fr\/wp-json\/wp\/v2\/product_brand?post=2750"},{"taxonomy":"product_cat","embeddable":true,"href":"https:\/\/muestra.ghistoursandtransfers.com\/fr\/wp-json\/wp\/v2\/product_cat?post=2750"},{"taxonomy":"product_tag","embeddable":true,"href":"https:\/\/muestra.ghistoursandtransfers.com\/fr\/wp-json\/wp\/v2\/product_tag?post=2750"}],"curies":[{"name":"wp","href":"https:\/\/api.w.org\/{rel}","templated":true}]}}