{"id":2748,"date":"2024-07-10T18:39:42","date_gmt":"2024-07-10T23:39:42","guid":{"rendered":"https:\/trip\/croisiere-soleil\/"},"modified":"2024-07-10T18:39:42","modified_gmt":"2024-07-10T23:39:42","slug":"croisiere-soleil","status":"publish","type":"product","link":"https:\/\/muestra.ghistoursandtransfers.com\/fr\/voyage\/croisiere-soleil\/","title":{"rendered":"Croisi\u00e8re Soleil"},"content":{"rendered":"<p>La croisi\u00e8re Sol \u00e0 Varadero offre une exp\u00e9rience m\u00e9morable dans les eaux cristallines et chaudes de la c\u00f4te nord de Cuba. \u00c0 bord, vous pourrez vous d\u00e9tendre sur le pont tout en naviguant dans le bleu turquoise de l&rsquo;oc\u00e9an Atlantique, en profitant de boissons rafra\u00eechissantes et du soleil des Cara\u00efbes. Pendant la croisi\u00e8re, vous aurez l&rsquo;occasion de faire de la plong\u00e9e avec tuba pour explorer les r\u00e9cifs coralliens et la vie marine color\u00e9e qui habitent cette zone prot\u00e9g\u00e9e. De plus, des activit\u00e9s telles que de la musique live, de la danse et des divertissements sont souvent incluses pour garantir une exp\u00e9rience divertissante et anim\u00e9e. Avec une vue panoramique sur les plages de Varadero et la possibilit\u00e9 de nager dans des eaux calmes et cristallines, la croisi\u00e8re Sol est un moyen id\u00e9al pour profiter de la beaut\u00e9 naturelle et de l&rsquo;atmosph\u00e8re d\u00e9tendue de cette destination touristique de Cuba.    <\/p>\n\n    <div class=\"xs_social_share_widget xs_share_url after_content \t\tmain_content  wslu-style-1 wslu-share-box-shaped wslu-fill-colored wslu-none wslu-share-horizontal wslu-theme-font-no wslu-main_content\">\n\n\t\t\n        <ul>\n\t\t\t        <\/ul>\n    <\/div> \n","protected":false},"excerpt":{"rendered":"<p>La croisi\u00e8re Sol \u00e0 Varadero offre une exp\u00e9rience m\u00e9morable dans les eaux cristallines et chaudes de la c\u00f4te nord de Cuba. \u00c0 bord, vous pourrez vous d\u00e9tendre sur le pont tout en naviguant dans le bleu turquoise de l&rsquo;oc\u00e9an Atlantique, en profitant de boissons rafra\u00eechissantes et du soleil des Cara\u00efbes. Pendant la croisi\u00e8re, vous aurez [&hellip;]<\/p>\n","protected":false},"featured_media":2279,"comment_status":"open","ping_status":"closed","template":"","meta":{"_joinchat":[]},"product_brand":[],"product_cat":[339,341],"product_tag":[259,261,257,263,277,241,243,244,240,267,265,258,269,245,242],"class_list":{"0":"post-2748","1":"product","2":"type-product","3":"status-publish","4":"has-post-thumbnail","6":"product_cat-cuba-fr","7":"product_cat-varadero-fr","8":"product_tag-anniversaire","9":"product_tag-autres-celebrations","10":"product_tag-aventures-sportives","11":"product_tag-centres-commerciaux","12":"product_tag-des-vacances-passionnantes","13":"product_tag-excursions-dune-journee","14":"product_tag-experiences-sensorielles","15":"product_tag-fetes","16":"product_tag-ils-se-vendent-rapidement","17":"product_tag-location-de-yacht","18":"product_tag-louer-des-voitures","19":"product_tag-mariage-et-lune-de-miel","20":"product_tag-retraites-et-ceremonies-spirituelles","21":"product_tag-transferts","22":"product_tag-visites-nocturnes","24":"first","25":"instock","26":"shipping-taxable","27":"product-type-external"},"_links":{"self":[{"href":"https:\/\/muestra.ghistoursandtransfers.com\/fr\/wp-json\/wp\/v2\/product\/2748","targetHints":{"allow":["GET"]}}],"collection":[{"href":"https:\/\/muestra.ghistoursandtransfers.com\/fr\/wp-json\/wp\/v2\/product"}],"about":[{"href":"https:\/\/muestra.ghistoursandtransfers.com\/fr\/wp-json\/wp\/v2\/types\/product"}],"replies":[{"embeddable":true,"href":"https:\/\/muestra.ghistoursandtransfers.com\/fr\/wp-json\/wp\/v2\/comments?post=2748"}],"version-history":[{"count":0,"href":"https:\/\/muestra.ghistoursandtransfers.com\/fr\/wp-json\/wp\/v2\/product\/2748\/revisions"}],"wp:featuredmedia":[{"embeddable":true,"href":"https:\/\/muestra.ghistoursandtransfers.com\/fr\/wp-json\/wp\/v2\/media\/2279"}],"wp:attachment":[{"href":"https:\/\/muestra.ghistoursandtransfers.com\/fr\/wp-json\/wp\/v2\/media?parent=2748"}],"wp:term":[{"taxonomy":"product_brand","embeddable":true,"href":"https:\/\/muestra.ghistoursandtransfers.com\/fr\/wp-json\/wp\/v2\/product_brand?post=2748"},{"taxonomy":"product_cat","embeddable":true,"href":"https:\/\/muestra.ghistoursandtransfers.com\/fr\/wp-json\/wp\/v2\/product_cat?post=2748"},{"taxonomy":"product_tag","embeddable":true,"href":"https:\/\/muestra.ghistoursandtransfers.com\/fr\/wp-json\/wp\/v2\/product_tag?post=2748"}],"curies":[{"name":"wp","href":"https:\/\/api.w.org\/{rel}","templated":true}]}}