{"id":2747,"date":"2024-07-10T18:41:09","date_gmt":"2024-07-10T23:41:09","guid":{"rendered":"https:\/trip\/volcan-arenal\/"},"modified":"2024-07-10T18:41:09","modified_gmt":"2024-07-10T23:41:09","slug":"volcan-arenal","status":"publish","type":"product","link":"https:\/\/muestra.ghistoursandtransfers.com\/fr\/voyage\/volcan-arenal\/","title":{"rendered":"Volcan Arenal"},"content":{"rendered":"<p>Le volcan Arenal au Costa Rica est un c\u00f4ne volcanique spectaculaire qui \u00e9merge majestueusement au milieu de paysages tropicaux luxuriants. En le visitant, vous pourrez observer sa silhouette imposante sous diff\u00e9rents points de vue, soit depuis des belv\u00e9d\u00e8res \u00e0 proximit\u00e9, soit lors de promenades le long de sentiers qui traversent des for\u00eats tropicales et des zones de r\u00e9g\u00e9n\u00e9ration volcanique. La nuit, s&rsquo;il est actif, vous pourrez assister \u00e0 la lueur rouge\u00e2tre de la lave coulant sur ses pentes, une exp\u00e9rience unique si les conditions le permettent. En plus du volcan lui-m\u00eame, la r\u00e9gion autour d&rsquo;Arenal offre des sources chaudes naturelles o\u00f9 vous pourrez vous d\u00e9tendre tout en admirant des vues panoramiques sur le volcan, ainsi que des activit\u00e9s telles que l&rsquo;\u00e9quitation, la canop\u00e9e et des visites guid\u00e9es qui vous permettront d&rsquo;explorer les riches la biodiversit\u00e9 et la beaut\u00e9 des paysages de cette zone prot\u00e9g\u00e9e du Costa Rica.   <\/p>\n\n    <div class=\"xs_social_share_widget xs_share_url after_content \t\tmain_content  wslu-style-1 wslu-share-box-shaped wslu-fill-colored wslu-none wslu-share-horizontal wslu-theme-font-no wslu-main_content\">\n\n\t\t\n        <ul>\n\t\t\t        <\/ul>\n    <\/div> \n","protected":false},"excerpt":{"rendered":"<p>Le volcan Arenal au Costa Rica est un c\u00f4ne volcanique spectaculaire qui \u00e9merge majestueusement au milieu de paysages tropicaux luxuriants. En le visitant, vous pourrez observer sa silhouette imposante sous diff\u00e9rents points de vue, soit depuis des belv\u00e9d\u00e8res \u00e0 proximit\u00e9, soit lors de promenades le long de sentiers qui traversent des for\u00eats tropicales et des [&hellip;]<\/p>\n","protected":false},"featured_media":2277,"comment_status":"open","ping_status":"closed","template":"","meta":{"_joinchat":[]},"product_brand":[],"product_cat":[336,337],"product_tag":[259,261,257,263,277,241,243,244,240,267,265,258,269,245,242],"class_list":{"0":"post-2747","1":"product","2":"type-product","3":"status-publish","4":"has-post-thumbnail","6":"product_cat-costa-rica-fr","7":"product_cat-fortune","8":"product_tag-anniversaire","9":"product_tag-autres-celebrations","10":"product_tag-aventures-sportives","11":"product_tag-centres-commerciaux","12":"product_tag-des-vacances-passionnantes","13":"product_tag-excursions-dune-journee","14":"product_tag-experiences-sensorielles","15":"product_tag-fetes","16":"product_tag-ils-se-vendent-rapidement","17":"product_tag-location-de-yacht","18":"product_tag-louer-des-voitures","19":"product_tag-mariage-et-lune-de-miel","20":"product_tag-retraites-et-ceremonies-spirituelles","21":"product_tag-transferts","22":"product_tag-visites-nocturnes","24":"first","25":"instock","26":"shipping-taxable","27":"product-type-external"},"_links":{"self":[{"href":"https:\/\/muestra.ghistoursandtransfers.com\/fr\/wp-json\/wp\/v2\/product\/2747","targetHints":{"allow":["GET"]}}],"collection":[{"href":"https:\/\/muestra.ghistoursandtransfers.com\/fr\/wp-json\/wp\/v2\/product"}],"about":[{"href":"https:\/\/muestra.ghistoursandtransfers.com\/fr\/wp-json\/wp\/v2\/types\/product"}],"replies":[{"embeddable":true,"href":"https:\/\/muestra.ghistoursandtransfers.com\/fr\/wp-json\/wp\/v2\/comments?post=2747"}],"version-history":[{"count":0,"href":"https:\/\/muestra.ghistoursandtransfers.com\/fr\/wp-json\/wp\/v2\/product\/2747\/revisions"}],"wp:featuredmedia":[{"embeddable":true,"href":"https:\/\/muestra.ghistoursandtransfers.com\/fr\/wp-json\/wp\/v2\/media\/2277"}],"wp:attachment":[{"href":"https:\/\/muestra.ghistoursandtransfers.com\/fr\/wp-json\/wp\/v2\/media?parent=2747"}],"wp:term":[{"taxonomy":"product_brand","embeddable":true,"href":"https:\/\/muestra.ghistoursandtransfers.com\/fr\/wp-json\/wp\/v2\/product_brand?post=2747"},{"taxonomy":"product_cat","embeddable":true,"href":"https:\/\/muestra.ghistoursandtransfers.com\/fr\/wp-json\/wp\/v2\/product_cat?post=2747"},{"taxonomy":"product_tag","embeddable":true,"href":"https:\/\/muestra.ghistoursandtransfers.com\/fr\/wp-json\/wp\/v2\/product_tag?post=2747"}],"curies":[{"name":"wp","href":"https:\/\/api.w.org\/{rel}","templated":true}]}}