{"id":2746,"date":"2024-07-10T18:42:31","date_gmt":"2024-07-10T23:42:31","guid":{"rendered":"https:\/trip\/foret-nuageuse-de-monteverde\/"},"modified":"2024-07-10T18:42:31","modified_gmt":"2024-07-10T23:42:31","slug":"foret-nuageuse-de-monteverde","status":"publish","type":"product","link":"https:\/\/muestra.ghistoursandtransfers.com\/fr\/voyage\/foret-nuageuse-de-monteverde\/","title":{"rendered":"For\u00eat nuageuse de Monteverde"},"content":{"rendered":"<p>Dans la for\u00eat nuageuse de Monteverde, au Costa Rica, vous vous plongerez dans un environnement onirique plein de biodiversit\u00e9 et de myst\u00e8re. Cet \u00e9cosyst\u00e8me unique se caract\u00e9rise par son feuillage dense et couvert de brume, cr\u00e9\u00e9 par l&rsquo;humidit\u00e9 constante provenant des nuages qui s&rsquo;enchev\u00eatrent entre les arbres. En explorant ses sentiers, vous aurez l&rsquo;occasion d&rsquo;admirer une grande vari\u00e9t\u00e9 d&rsquo;esp\u00e8ces de flore et de faune, notamment des orchid\u00e9es vibrantes, des foug\u00e8res g\u00e9antes et des arbres couverts de mousse. Parmi les cr\u00e9atures qui habitent la for\u00eat figurent des oiseaux comme le quetzal, des grenouilles color\u00e9es, des singes et une diversit\u00e9 d&rsquo;insectes et de papillons. Les ponts suspendus et les plateformes d&rsquo;observation vous permettront d&rsquo;appr\u00e9cier la canop\u00e9e foresti\u00e8re d&rsquo;en haut, offrant des vues impressionnantes et la sensation d&rsquo;\u00eatre immerg\u00e9 dans un v\u00e9ritable paradis naturel.    <\/p>\n\n    <div class=\"xs_social_share_widget xs_share_url after_content \t\tmain_content  wslu-style-1 wslu-share-box-shaped wslu-fill-colored wslu-none wslu-share-horizontal wslu-theme-font-no wslu-main_content\">\n\n\t\t\n        <ul>\n\t\t\t        <\/ul>\n    <\/div> \n","protected":false},"excerpt":{"rendered":"<p>Dans la for\u00eat nuageuse de Monteverde, au Costa Rica, vous vous plongerez dans un environnement onirique plein de biodiversit\u00e9 et de myst\u00e8re. Cet \u00e9cosyst\u00e8me unique se caract\u00e9rise par son feuillage dense et couvert de brume, cr\u00e9\u00e9 par l&rsquo;humidit\u00e9 constante provenant des nuages qui s&rsquo;enchev\u00eatrent entre les arbres. En explorant ses sentiers, vous aurez l&rsquo;occasion d&rsquo;admirer [&hellip;]<\/p>\n","protected":false},"featured_media":2253,"comment_status":"open","ping_status":"closed","template":"","meta":{"_joinchat":[]},"product_brand":[],"product_cat":[336,338],"product_tag":[259,261,257,263,277,241,243,244,240,267,265,258,269,245,242],"class_list":{"0":"post-2746","1":"product","2":"type-product","3":"status-publish","4":"has-post-thumbnail","6":"product_cat-costa-rica-fr","7":"product_cat-monteverde-fr","8":"product_tag-anniversaire","9":"product_tag-autres-celebrations","10":"product_tag-aventures-sportives","11":"product_tag-centres-commerciaux","12":"product_tag-des-vacances-passionnantes","13":"product_tag-excursions-dune-journee","14":"product_tag-experiences-sensorielles","15":"product_tag-fetes","16":"product_tag-ils-se-vendent-rapidement","17":"product_tag-location-de-yacht","18":"product_tag-louer-des-voitures","19":"product_tag-mariage-et-lune-de-miel","20":"product_tag-retraites-et-ceremonies-spirituelles","21":"product_tag-transferts","22":"product_tag-visites-nocturnes","24":"first","25":"instock","26":"shipping-taxable","27":"product-type-external"},"_links":{"self":[{"href":"https:\/\/muestra.ghistoursandtransfers.com\/fr\/wp-json\/wp\/v2\/product\/2746","targetHints":{"allow":["GET"]}}],"collection":[{"href":"https:\/\/muestra.ghistoursandtransfers.com\/fr\/wp-json\/wp\/v2\/product"}],"about":[{"href":"https:\/\/muestra.ghistoursandtransfers.com\/fr\/wp-json\/wp\/v2\/types\/product"}],"replies":[{"embeddable":true,"href":"https:\/\/muestra.ghistoursandtransfers.com\/fr\/wp-json\/wp\/v2\/comments?post=2746"}],"version-history":[{"count":0,"href":"https:\/\/muestra.ghistoursandtransfers.com\/fr\/wp-json\/wp\/v2\/product\/2746\/revisions"}],"wp:featuredmedia":[{"embeddable":true,"href":"https:\/\/muestra.ghistoursandtransfers.com\/fr\/wp-json\/wp\/v2\/media\/2253"}],"wp:attachment":[{"href":"https:\/\/muestra.ghistoursandtransfers.com\/fr\/wp-json\/wp\/v2\/media?parent=2746"}],"wp:term":[{"taxonomy":"product_brand","embeddable":true,"href":"https:\/\/muestra.ghistoursandtransfers.com\/fr\/wp-json\/wp\/v2\/product_brand?post=2746"},{"taxonomy":"product_cat","embeddable":true,"href":"https:\/\/muestra.ghistoursandtransfers.com\/fr\/wp-json\/wp\/v2\/product_cat?post=2746"},{"taxonomy":"product_tag","embeddable":true,"href":"https:\/\/muestra.ghistoursandtransfers.com\/fr\/wp-json\/wp\/v2\/product_tag?post=2746"}],"curies":[{"name":"wp","href":"https:\/\/api.w.org\/{rel}","templated":true}]}}