{"id":2744,"date":"2024-07-10T18:45:17","date_gmt":"2024-07-10T23:45:17","guid":{"rendered":"https:\/trip\/parc-national-diguazu\/"},"modified":"2024-07-10T18:45:17","modified_gmt":"2024-07-10T23:45:17","slug":"parc-national-diguazu","status":"publish","type":"product","link":"https:\/\/muestra.ghistoursandtransfers.com\/fr\/voyage\/parc-national-diguazu\/","title":{"rendered":"Parc national d&rsquo;Iguaz\u00fa"},"content":{"rendered":"<p>Le parc national d&rsquo;Iguazu, au Br\u00e9sil, est c\u00e9l\u00e8bre pour abriter l&rsquo;une des merveilles naturelles les plus impressionnantes au monde : les chutes d&rsquo;Iguazu. En explorant ce parc, vous d\u00e9couvrirez un paysage spectaculaire de cascades majestueuses s&rsquo;\u00e9tendant sur plusieurs kilom\u00e8tres, entour\u00e9 d&rsquo;une v\u00e9g\u00e9tation tropicale luxuriante et d&rsquo;une riche diversit\u00e9 de flore et de faune. Les passerelles et les points de vue strat\u00e9giquement situ\u00e9s vous permettront d&rsquo;admirer les chutes sous diff\u00e9rents angles, dont la c\u00e9l\u00e8bre Gorge du Diable, o\u00f9 l&rsquo;eau tombe avec une force impressionnante, formant un spectacle naturel incomparable. En plus des cascades, le parc offre la possibilit\u00e9 d&rsquo;observer des oiseaux tropicaux, de parcourir des sentiers naturels et de d\u00e9couvrir l&rsquo;histoire et la conservation de cette zone prot\u00e9g\u00e9e qui chevauche la fronti\u00e8re entre le Br\u00e9sil et l&rsquo;Argentine.   <\/p>\n\n    <div class=\"xs_social_share_widget xs_share_url after_content \t\tmain_content  wslu-style-1 wslu-share-box-shaped wslu-fill-colored wslu-none wslu-share-horizontal wslu-theme-font-no wslu-main_content\">\n\n\t\t\n        <ul>\n\t\t\t        <\/ul>\n    <\/div> \n","protected":false},"excerpt":{"rendered":"<p>Le parc national d&rsquo;Iguazu, au Br\u00e9sil, est c\u00e9l\u00e8bre pour abriter l&rsquo;une des merveilles naturelles les plus impressionnantes au monde : les chutes d&rsquo;Iguazu. En explorant ce parc, vous d\u00e9couvrirez un paysage spectaculaire de cascades majestueuses s&rsquo;\u00e9tendant sur plusieurs kilom\u00e8tres, entour\u00e9 d&rsquo;une v\u00e9g\u00e9tation tropicale luxuriante et d&rsquo;une riche diversit\u00e9 de flore et de faune. Les passerelles [&hellip;]<\/p>\n","protected":false},"featured_media":2231,"comment_status":"open","ping_status":"closed","template":"","meta":{"_joinchat":[]},"product_brand":[],"product_cat":[333,332],"product_tag":[259,261,257,263,277,241,243,244,240,267,265,258,269,245,242],"class_list":{"0":"post-2744","1":"product","2":"type-product","3":"status-publish","4":"has-post-thumbnail","6":"product_cat-bresil","7":"product_cat-iguazu-fr","8":"product_tag-anniversaire","9":"product_tag-autres-celebrations","10":"product_tag-aventures-sportives","11":"product_tag-centres-commerciaux","12":"product_tag-des-vacances-passionnantes","13":"product_tag-excursions-dune-journee","14":"product_tag-experiences-sensorielles","15":"product_tag-fetes","16":"product_tag-ils-se-vendent-rapidement","17":"product_tag-location-de-yacht","18":"product_tag-louer-des-voitures","19":"product_tag-mariage-et-lune-de-miel","20":"product_tag-retraites-et-ceremonies-spirituelles","21":"product_tag-transferts","22":"product_tag-visites-nocturnes","24":"first","25":"instock","26":"shipping-taxable","27":"product-type-external"},"_links":{"self":[{"href":"https:\/\/muestra.ghistoursandtransfers.com\/fr\/wp-json\/wp\/v2\/product\/2744","targetHints":{"allow":["GET"]}}],"collection":[{"href":"https:\/\/muestra.ghistoursandtransfers.com\/fr\/wp-json\/wp\/v2\/product"}],"about":[{"href":"https:\/\/muestra.ghistoursandtransfers.com\/fr\/wp-json\/wp\/v2\/types\/product"}],"replies":[{"embeddable":true,"href":"https:\/\/muestra.ghistoursandtransfers.com\/fr\/wp-json\/wp\/v2\/comments?post=2744"}],"version-history":[{"count":0,"href":"https:\/\/muestra.ghistoursandtransfers.com\/fr\/wp-json\/wp\/v2\/product\/2744\/revisions"}],"wp:featuredmedia":[{"embeddable":true,"href":"https:\/\/muestra.ghistoursandtransfers.com\/fr\/wp-json\/wp\/v2\/media\/2231"}],"wp:attachment":[{"href":"https:\/\/muestra.ghistoursandtransfers.com\/fr\/wp-json\/wp\/v2\/media?parent=2744"}],"wp:term":[{"taxonomy":"product_brand","embeddable":true,"href":"https:\/\/muestra.ghistoursandtransfers.com\/fr\/wp-json\/wp\/v2\/product_brand?post=2744"},{"taxonomy":"product_cat","embeddable":true,"href":"https:\/\/muestra.ghistoursandtransfers.com\/fr\/wp-json\/wp\/v2\/product_cat?post=2744"},{"taxonomy":"product_tag","embeddable":true,"href":"https:\/\/muestra.ghistoursandtransfers.com\/fr\/wp-json\/wp\/v2\/product_tag?post=2744"}],"curies":[{"name":"wp","href":"https:\/\/api.w.org\/{rel}","templated":true}]}}