{"id":2740,"date":"2024-07-10T18:52:05","date_gmt":"2024-07-10T23:52:05","guid":{"rendered":"https:\/trip\/iles-flottantes-uros\/"},"modified":"2024-07-10T18:52:05","modified_gmt":"2024-07-10T23:52:05","slug":"iles-flottantes-uros","status":"publish","type":"product","link":"https:\/\/muestra.ghistoursandtransfers.com\/fr\/voyage\/iles-flottantes-uros\/","title":{"rendered":"\u00celes flottantes Uros"},"content":{"rendered":"<p>Sur les \u00eeles flottantes du Titicaca, situ\u00e9es sur le plus haut lac navigable du monde entre le P\u00e9rou et la Bolivie, vous d\u00e9couvrirez une culture ancienne et un mode de vie unique. Ces \u00eeles sont construites par les habitants locaux, les Uros, \u00e0 l&rsquo;aide de roseaux, une plante aquatique abondante dans le lac. En les visitant, vous verrez des maisons, des passerelles et des bateaux enti\u00e8rement faits de roseaux, donnant l&rsquo;impression de marcher sur l&rsquo;eau. Les Uros sont connus pour pr\u00e9server leurs traditions anciennes et leurs m\u00e9thodes de p\u00eache artisanales, et vous accueilleront avec hospitalit\u00e9, partageant leur histoire et vous montrant leur artisanat. De plus, l&rsquo;environnement naturel offre une vue imprenable sur le lac Titicaca et les montagnes environnantes, cr\u00e9ant un paysage alliant la s\u00e9r\u00e9nit\u00e9 de l&rsquo;eau \u00e0 la richesse culturelle de ses habitants.    <\/p>\n\n    <div class=\"xs_social_share_widget xs_share_url after_content \t\tmain_content  wslu-style-1 wslu-share-box-shaped wslu-fill-colored wslu-none wslu-share-horizontal wslu-theme-font-no wslu-main_content\">\n\n\t\t\n        <ul>\n\t\t\t        <\/ul>\n    <\/div> \n","protected":false},"excerpt":{"rendered":"<p>Sur les \u00eeles flottantes du Titicaca, situ\u00e9es sur le plus haut lac navigable du monde entre le P\u00e9rou et la Bolivie, vous d\u00e9couvrirez une culture ancienne et un mode de vie unique. Ces \u00eeles sont construites par les habitants locaux, les Uros, \u00e0 l&rsquo;aide de roseaux, une plante aquatique abondante dans le lac. En les [&hellip;]<\/p>\n","protected":false},"featured_media":2179,"comment_status":"open","ping_status":"closed","template":"","meta":{"_joinchat":[]},"product_brand":[],"product_cat":[409,399],"product_tag":[259,261,257,263,277,241,243,244,240,267,265,258,269,245,242],"class_list":{"0":"post-2740","1":"product","2":"type-product","3":"status-publish","4":"has-post-thumbnail","6":"product_cat-lac-titicaca","7":"product_cat-perou","8":"product_tag-anniversaire","9":"product_tag-autres-celebrations","10":"product_tag-aventures-sportives","11":"product_tag-centres-commerciaux","12":"product_tag-des-vacances-passionnantes","13":"product_tag-excursions-dune-journee","14":"product_tag-experiences-sensorielles","15":"product_tag-fetes","16":"product_tag-ils-se-vendent-rapidement","17":"product_tag-location-de-yacht","18":"product_tag-louer-des-voitures","19":"product_tag-mariage-et-lune-de-miel","20":"product_tag-retraites-et-ceremonies-spirituelles","21":"product_tag-transferts","22":"product_tag-visites-nocturnes","24":"first","25":"instock","26":"shipping-taxable","27":"product-type-external"},"_links":{"self":[{"href":"https:\/\/muestra.ghistoursandtransfers.com\/fr\/wp-json\/wp\/v2\/product\/2740","targetHints":{"allow":["GET"]}}],"collection":[{"href":"https:\/\/muestra.ghistoursandtransfers.com\/fr\/wp-json\/wp\/v2\/product"}],"about":[{"href":"https:\/\/muestra.ghistoursandtransfers.com\/fr\/wp-json\/wp\/v2\/types\/product"}],"replies":[{"embeddable":true,"href":"https:\/\/muestra.ghistoursandtransfers.com\/fr\/wp-json\/wp\/v2\/comments?post=2740"}],"version-history":[{"count":0,"href":"https:\/\/muestra.ghistoursandtransfers.com\/fr\/wp-json\/wp\/v2\/product\/2740\/revisions"}],"wp:featuredmedia":[{"embeddable":true,"href":"https:\/\/muestra.ghistoursandtransfers.com\/fr\/wp-json\/wp\/v2\/media\/2179"}],"wp:attachment":[{"href":"https:\/\/muestra.ghistoursandtransfers.com\/fr\/wp-json\/wp\/v2\/media?parent=2740"}],"wp:term":[{"taxonomy":"product_brand","embeddable":true,"href":"https:\/\/muestra.ghistoursandtransfers.com\/fr\/wp-json\/wp\/v2\/product_brand?post=2740"},{"taxonomy":"product_cat","embeddable":true,"href":"https:\/\/muestra.ghistoursandtransfers.com\/fr\/wp-json\/wp\/v2\/product_cat?post=2740"},{"taxonomy":"product_tag","embeddable":true,"href":"https:\/\/muestra.ghistoursandtransfers.com\/fr\/wp-json\/wp\/v2\/product_tag?post=2740"}],"curies":[{"name":"wp","href":"https:\/\/api.w.org\/{rel}","templated":true}]}}