{"id":2739,"date":"2024-07-10T18:54:37","date_gmt":"2024-07-10T23:54:37","guid":{"rendered":"https:\/trip\/parc-national-bernardo-ohiggins\/"},"modified":"2024-07-10T18:54:37","modified_gmt":"2024-07-10T23:54:37","slug":"parc-national-bernardo-ohiggins","status":"publish","type":"product","link":"https:\/\/muestra.ghistoursandtransfers.com\/fr\/voyage\/parc-national-bernardo-ohiggins\/","title":{"rendered":"Parc national Bernardo O&rsquo;Higgins"},"content":{"rendered":"<p>Le parc national Bernardo O&rsquo;Higgins, situ\u00e9 dans la r\u00e9gion d&rsquo;Ays\u00e9n au Chili, est un vaste paradis isol\u00e9 de nature sauvage et de paysages \u00e9poustouflants. Ce parc couvre une immense superficie qui comprend des fjords, des glaciers, des montagnes aux sommets enneig\u00e9s et une diversit\u00e9 unique de flore et de faune. Les visiteurs peuvent d\u00e9couvrir sa beaut\u00e9 gr\u00e2ce \u00e0 des exp\u00e9ditions en bateau \u00e0 travers les fjords, o\u00f9 ils peuvent voir d&rsquo;imposants glaciers tels que le glacier P\u00edo XI, l&rsquo;un des plus grands d&rsquo;Am\u00e9rique du Sud. De plus, le parc offre des possibilit\u00e9s de randonn\u00e9e sur des itin\u00e9raires qui traversent des for\u00eats vierges et des cascades cristallines, ainsi que la possibilit\u00e9 d&rsquo;observer des oiseaux marins, des lions de mer et des baleines dans les eaux voisines. Cette destination est id\u00e9ale pour les amoureux de la nature et les aventuriers souhaitant explorer un environnement vierge et spectaculaire \u00e0 l\u2019extr\u00eame sud du Chili.    <\/p>\n\n    <div class=\"xs_social_share_widget xs_share_url after_content \t\tmain_content  wslu-style-1 wslu-share-box-shaped wslu-fill-colored wslu-none wslu-share-horizontal wslu-theme-font-no wslu-main_content\">\n\n\t\t\n        <ul>\n\t\t\t        <\/ul>\n    <\/div> \n","protected":false},"excerpt":{"rendered":"<p>Le parc national Bernardo O&rsquo;Higgins, situ\u00e9 dans la r\u00e9gion d&rsquo;Ays\u00e9n au Chili, est un vaste paradis isol\u00e9 de nature sauvage et de paysages \u00e9poustouflants. Ce parc couvre une immense superficie qui comprend des fjords, des glaciers, des montagnes aux sommets enneig\u00e9s et une diversit\u00e9 unique de flore et de faune. Les visiteurs peuvent d\u00e9couvrir sa [&hellip;]<\/p>\n","protected":false},"featured_media":2165,"comment_status":"open","ping_status":"closed","template":"","meta":{"_joinchat":[]},"product_brand":[],"product_cat":[326,327],"product_tag":[259,261,257,263,277,241,243,244,240,267,265,258,269,245,242],"class_list":{"0":"post-2739","1":"product","2":"type-product","3":"status-publish","4":"has-post-thumbnail","6":"product_cat-aysen-fr","7":"product_cat-chile-fr","8":"product_tag-anniversaire","9":"product_tag-autres-celebrations","10":"product_tag-aventures-sportives","11":"product_tag-centres-commerciaux","12":"product_tag-des-vacances-passionnantes","13":"product_tag-excursions-dune-journee","14":"product_tag-experiences-sensorielles","15":"product_tag-fetes","16":"product_tag-ils-se-vendent-rapidement","17":"product_tag-location-de-yacht","18":"product_tag-louer-des-voitures","19":"product_tag-mariage-et-lune-de-miel","20":"product_tag-retraites-et-ceremonies-spirituelles","21":"product_tag-transferts","22":"product_tag-visites-nocturnes","24":"first","25":"instock","26":"shipping-taxable","27":"product-type-external"},"_links":{"self":[{"href":"https:\/\/muestra.ghistoursandtransfers.com\/fr\/wp-json\/wp\/v2\/product\/2739","targetHints":{"allow":["GET"]}}],"collection":[{"href":"https:\/\/muestra.ghistoursandtransfers.com\/fr\/wp-json\/wp\/v2\/product"}],"about":[{"href":"https:\/\/muestra.ghistoursandtransfers.com\/fr\/wp-json\/wp\/v2\/types\/product"}],"replies":[{"embeddable":true,"href":"https:\/\/muestra.ghistoursandtransfers.com\/fr\/wp-json\/wp\/v2\/comments?post=2739"}],"version-history":[{"count":0,"href":"https:\/\/muestra.ghistoursandtransfers.com\/fr\/wp-json\/wp\/v2\/product\/2739\/revisions"}],"wp:featuredmedia":[{"embeddable":true,"href":"https:\/\/muestra.ghistoursandtransfers.com\/fr\/wp-json\/wp\/v2\/media\/2165"}],"wp:attachment":[{"href":"https:\/\/muestra.ghistoursandtransfers.com\/fr\/wp-json\/wp\/v2\/media?parent=2739"}],"wp:term":[{"taxonomy":"product_brand","embeddable":true,"href":"https:\/\/muestra.ghistoursandtransfers.com\/fr\/wp-json\/wp\/v2\/product_brand?post=2739"},{"taxonomy":"product_cat","embeddable":true,"href":"https:\/\/muestra.ghistoursandtransfers.com\/fr\/wp-json\/wp\/v2\/product_cat?post=2739"},{"taxonomy":"product_tag","embeddable":true,"href":"https:\/\/muestra.ghistoursandtransfers.com\/fr\/wp-json\/wp\/v2\/product_tag?post=2739"}],"curies":[{"name":"wp","href":"https:\/\/api.w.org\/{rel}","templated":true}]}}