{"id":2738,"date":"2024-07-10T19:03:41","date_gmt":"2024-07-11T00:03:41","guid":{"rendered":"https:\/trip\/ciel-costanera\/"},"modified":"2024-07-10T19:03:41","modified_gmt":"2024-07-11T00:03:41","slug":"ciel-costanera","status":"publish","type":"product","link":"https:\/\/muestra.ghistoursandtransfers.com\/fr\/voyage\/ciel-costanera\/","title":{"rendered":"Ciel Costanera"},"content":{"rendered":"<p>Au Sky Costanera au Chili, vous aurez l&rsquo;occasion de profiter de superbes vues panoramiques sur la ville de Santiago et ses environs depuis la plus haute plateforme d&rsquo;observation d&rsquo;Am\u00e9rique latine. Situ\u00e9 au sommet de l&rsquo;imposant b\u00e2timent Gran Torre Santiago, ce point de vue offre des vues \u00e0 360 degr\u00e9s qui permettent d&rsquo;admirer l&rsquo;extension urbaine de la capitale chilienne, ainsi que la cordill\u00e8re des Andes qui l&rsquo;entoure. De ce point \u00e9lev\u00e9, vous pourrez voir les principaux monuments architecturaux de la ville, tels que la Plaza de Armas, le Palacio de la Moneda et le Cerro San Crist\u00f3bal. De plus, le Sky Costanera propose des exp\u00e9riences interactives et audiovisuelles qui vous permettront d&rsquo;en apprendre davantage sur l&rsquo;histoire et la culture de Santiago tout en profitant d&rsquo;une perspective unique et spectaculaire sur la ville et son environnement naturel.   <\/p>\n\n    <div class=\"xs_social_share_widget xs_share_url after_content \t\tmain_content  wslu-style-1 wslu-share-box-shaped wslu-fill-colored wslu-none wslu-share-horizontal wslu-theme-font-no wslu-main_content\">\n\n\t\t\n        <ul>\n\t\t\t        <\/ul>\n    <\/div> \n","protected":false},"excerpt":{"rendered":"<p>Au Sky Costanera au Chili, vous aurez l&rsquo;occasion de profiter de superbes vues panoramiques sur la ville de Santiago et ses environs depuis la plus haute plateforme d&rsquo;observation d&rsquo;Am\u00e9rique latine. Situ\u00e9 au sommet de l&rsquo;imposant b\u00e2timent Gran Torre Santiago, ce point de vue offre des vues \u00e0 360 degr\u00e9s qui permettent d&rsquo;admirer l&rsquo;extension urbaine de [&hellip;]<\/p>\n","protected":false},"featured_media":2161,"comment_status":"open","ping_status":"closed","template":"","meta":{"_joinchat":[]},"product_brand":[],"product_cat":[327,335],"product_tag":[259,261,257,263,277,241,243,244,240,267,265,258,269,245,242],"class_list":{"0":"post-2738","1":"product","2":"type-product","3":"status-publish","4":"has-post-thumbnail","6":"product_cat-chile-fr","7":"product_cat-santiago-du-chili","8":"product_tag-anniversaire","9":"product_tag-autres-celebrations","10":"product_tag-aventures-sportives","11":"product_tag-centres-commerciaux","12":"product_tag-des-vacances-passionnantes","13":"product_tag-excursions-dune-journee","14":"product_tag-experiences-sensorielles","15":"product_tag-fetes","16":"product_tag-ils-se-vendent-rapidement","17":"product_tag-location-de-yacht","18":"product_tag-louer-des-voitures","19":"product_tag-mariage-et-lune-de-miel","20":"product_tag-retraites-et-ceremonies-spirituelles","21":"product_tag-transferts","22":"product_tag-visites-nocturnes","24":"first","25":"instock","26":"shipping-taxable","27":"product-type-external"},"_links":{"self":[{"href":"https:\/\/muestra.ghistoursandtransfers.com\/fr\/wp-json\/wp\/v2\/product\/2738","targetHints":{"allow":["GET"]}}],"collection":[{"href":"https:\/\/muestra.ghistoursandtransfers.com\/fr\/wp-json\/wp\/v2\/product"}],"about":[{"href":"https:\/\/muestra.ghistoursandtransfers.com\/fr\/wp-json\/wp\/v2\/types\/product"}],"replies":[{"embeddable":true,"href":"https:\/\/muestra.ghistoursandtransfers.com\/fr\/wp-json\/wp\/v2\/comments?post=2738"}],"version-history":[{"count":0,"href":"https:\/\/muestra.ghistoursandtransfers.com\/fr\/wp-json\/wp\/v2\/product\/2738\/revisions"}],"wp:featuredmedia":[{"embeddable":true,"href":"https:\/\/muestra.ghistoursandtransfers.com\/fr\/wp-json\/wp\/v2\/media\/2161"}],"wp:attachment":[{"href":"https:\/\/muestra.ghistoursandtransfers.com\/fr\/wp-json\/wp\/v2\/media?parent=2738"}],"wp:term":[{"taxonomy":"product_brand","embeddable":true,"href":"https:\/\/muestra.ghistoursandtransfers.com\/fr\/wp-json\/wp\/v2\/product_brand?post=2738"},{"taxonomy":"product_cat","embeddable":true,"href":"https:\/\/muestra.ghistoursandtransfers.com\/fr\/wp-json\/wp\/v2\/product_cat?post=2738"},{"taxonomy":"product_tag","embeddable":true,"href":"https:\/\/muestra.ghistoursandtransfers.com\/fr\/wp-json\/wp\/v2\/product_tag?post=2738"}],"curies":[{"name":"wp","href":"https:\/\/api.w.org\/{rel}","templated":true}]}}