{"id":2737,"date":"2024-07-10T19:04:55","date_gmt":"2024-07-11T00:04:55","guid":{"rendered":"https:\/trip\/parc-national-madidi\/"},"modified":"2024-07-10T19:04:55","modified_gmt":"2024-07-11T00:04:55","slug":"parc-national-madidi","status":"publish","type":"product","link":"https:\/\/muestra.ghistoursandtransfers.com\/fr\/voyage\/parc-national-madidi\/","title":{"rendered":"Parc national Madidi"},"content":{"rendered":"<p>Le parc national Madidi, situ\u00e9 dans la r\u00e9gion amazonienne de la Bolivie, est l&rsquo;une des destinations les plus riches en biodiversit\u00e9 et les plus fascinantes du pays. Ce parc prot\u00e8ge une vaste \u00e9tendue de for\u00eat tropicale vierge, des plaines aux montagnes enneig\u00e9es des Andes. En visitant Madidi, vous pourrez explorer une vari\u00e9t\u00e9 d&rsquo;habitats qui abritent une incroyable diversit\u00e9 de flore et de faune, notamment des esp\u00e8ces menac\u00e9es telles que le jaguar, l&rsquo;ours \u00e0 lunettes et le condor des Andes. En plus de la faune, le parc abrite des rivi\u00e8res sinueuses, des cascades spectaculaires et des lagons tranquilles qui offrent des possibilit\u00e9s d&rsquo;observation des oiseaux, de p\u00eache et de navigation de plaisance. Les visiteurs peuvent \u00e9galement en apprendre davantage sur les cultures autochtones locales qui habitent la r\u00e9gion et participer \u00e0 des activit\u00e9s d&rsquo;\u00e9cotourisme guid\u00e9es qui favorisent la conservation et le respect de cet \u00e9cosyst\u00e8me fragile de l&rsquo;Amazonie.    <\/p>\n\n    <div class=\"xs_social_share_widget xs_share_url after_content \t\tmain_content  wslu-style-1 wslu-share-box-shaped wslu-fill-colored wslu-none wslu-share-horizontal wslu-theme-font-no wslu-main_content\">\n\n\t\t\n        <ul>\n\t\t\t        <\/ul>\n    <\/div> \n","protected":false},"excerpt":{"rendered":"<p>Le parc national Madidi, situ\u00e9 dans la r\u00e9gion amazonienne de la Bolivie, est l&rsquo;une des destinations les plus riches en biodiversit\u00e9 et les plus fascinantes du pays. Ce parc prot\u00e8ge une vaste \u00e9tendue de for\u00eat tropicale vierge, des plaines aux montagnes enneig\u00e9es des Andes. En visitant Madidi, vous pourrez explorer une vari\u00e9t\u00e9 d&rsquo;habitats qui abritent [&hellip;]<\/p>\n","protected":false},"featured_media":2139,"comment_status":"open","ping_status":"closed","template":"","meta":{"_joinchat":[]},"product_brand":[],"product_cat":[297,334],"product_tag":[259,261,257,263,277,241,243,244,240,267,265,258,269,245,242],"class_list":{"0":"post-2737","1":"product","2":"type-product","3":"status-publish","4":"has-post-thumbnail","6":"product_cat-bolivie","7":"product_cat-amazonie-bolivie","8":"product_tag-anniversaire","9":"product_tag-autres-celebrations","10":"product_tag-aventures-sportives","11":"product_tag-centres-commerciaux","12":"product_tag-des-vacances-passionnantes","13":"product_tag-excursions-dune-journee","14":"product_tag-experiences-sensorielles","15":"product_tag-fetes","16":"product_tag-ils-se-vendent-rapidement","17":"product_tag-location-de-yacht","18":"product_tag-louer-des-voitures","19":"product_tag-mariage-et-lune-de-miel","20":"product_tag-retraites-et-ceremonies-spirituelles","21":"product_tag-transferts","22":"product_tag-visites-nocturnes","24":"first","25":"instock","26":"shipping-taxable","27":"product-type-external"},"_links":{"self":[{"href":"https:\/\/muestra.ghistoursandtransfers.com\/fr\/wp-json\/wp\/v2\/product\/2737","targetHints":{"allow":["GET"]}}],"collection":[{"href":"https:\/\/muestra.ghistoursandtransfers.com\/fr\/wp-json\/wp\/v2\/product"}],"about":[{"href":"https:\/\/muestra.ghistoursandtransfers.com\/fr\/wp-json\/wp\/v2\/types\/product"}],"replies":[{"embeddable":true,"href":"https:\/\/muestra.ghistoursandtransfers.com\/fr\/wp-json\/wp\/v2\/comments?post=2737"}],"version-history":[{"count":0,"href":"https:\/\/muestra.ghistoursandtransfers.com\/fr\/wp-json\/wp\/v2\/product\/2737\/revisions"}],"wp:featuredmedia":[{"embeddable":true,"href":"https:\/\/muestra.ghistoursandtransfers.com\/fr\/wp-json\/wp\/v2\/media\/2139"}],"wp:attachment":[{"href":"https:\/\/muestra.ghistoursandtransfers.com\/fr\/wp-json\/wp\/v2\/media?parent=2737"}],"wp:term":[{"taxonomy":"product_brand","embeddable":true,"href":"https:\/\/muestra.ghistoursandtransfers.com\/fr\/wp-json\/wp\/v2\/product_brand?post=2737"},{"taxonomy":"product_cat","embeddable":true,"href":"https:\/\/muestra.ghistoursandtransfers.com\/fr\/wp-json\/wp\/v2\/product_cat?post=2737"},{"taxonomy":"product_tag","embeddable":true,"href":"https:\/\/muestra.ghistoursandtransfers.com\/fr\/wp-json\/wp\/v2\/product_tag?post=2737"}],"curies":[{"name":"wp","href":"https:\/\/api.w.org\/{rel}","templated":true}]}}