{"id":2718,"date":"2024-07-10T19:06:26","date_gmt":"2024-07-11T00:06:26","guid":{"rendered":"https:\/trip\/pic-huayna-potosi\/"},"modified":"2024-07-10T19:06:26","modified_gmt":"2024-07-11T00:06:26","slug":"pic-huayna-potosi","status":"publish","type":"product","link":"https:\/\/muestra.ghistoursandtransfers.com\/fr\/voyage\/pic-huayna-potosi\/","title":{"rendered":"Pic Huayna Potos\u00ed"},"content":{"rendered":"<p>\u00c0 Huayna Potos\u00ed en Bolivie, vous ferez face \u00e0 l\u2019une des montagnes les plus embl\u00e9matiques des Andes centrales. Huayna Potos\u00ed s&rsquo;\u00e9l\u00e8ve \u00e0 une altitude d&rsquo;environ 6 088 m\u00e8tres au-dessus du niveau de la mer et est l&rsquo;une des montagnes les plus accessibles \u00e0 gravir de la r\u00e9gion. Depuis ses voies d&rsquo;ascension, les grimpeurs peuvent profiter d&rsquo;une vue imprenable sur les paysages montagneux de Bolivie, notamment les glaciers, les lagons et les vall\u00e9es profondes. Cette montagne est un choix populaire aussi bien pour les alpinistes exp\u00e9riment\u00e9s que pour ceux qui cherchent \u00e0 entreprendre leur premi\u00e8re exp\u00e9dition en altitude, en raison de sa relative accessibilit\u00e9 depuis la ville de La Paz, situ\u00e9e \u00e0 une courte distance. Huayna Potos\u00ed offre une exp\u00e9rience unique aux amateurs de trekking et d&rsquo;alpinisme, avec la possibilit\u00e9 d&rsquo;explorer des paysages de haute montagne et de se mettre au d\u00e9fi physiquement dans un environnement naturel spectaculaire.    <\/p>\n\n    <div class=\"xs_social_share_widget xs_share_url after_content \t\tmain_content  wslu-style-1 wslu-share-box-shaped wslu-fill-colored wslu-none wslu-share-horizontal wslu-theme-font-no wslu-main_content\">\n\n\t\t\n        <ul>\n\t\t\t        <\/ul>\n    <\/div> \n","protected":false},"excerpt":{"rendered":"<p>\u00c0 Huayna Potos\u00ed en Bolivie, vous ferez face \u00e0 l\u2019une des montagnes les plus embl\u00e9matiques des Andes centrales. Huayna Potos\u00ed s&rsquo;\u00e9l\u00e8ve \u00e0 une altitude d&rsquo;environ 6 088 m\u00e8tres au-dessus du niveau de la mer et est l&rsquo;une des montagnes les plus accessibles \u00e0 gravir de la r\u00e9gion. Depuis ses voies d&rsquo;ascension, les grimpeurs peuvent profiter [&hellip;]<\/p>\n","protected":false},"featured_media":2127,"comment_status":"open","ping_status":"closed","template":"","meta":{"_joinchat":[]},"product_brand":[],"product_cat":[297,298],"product_tag":[259,261,257,263,277,241,243,244,240,267,265,258,269,245,242],"class_list":{"0":"post-2718","1":"product","2":"type-product","3":"status-publish","4":"has-post-thumbnail","6":"product_cat-bolivie","7":"product_cat-huayna-fr","8":"product_tag-anniversaire","9":"product_tag-autres-celebrations","10":"product_tag-aventures-sportives","11":"product_tag-centres-commerciaux","12":"product_tag-des-vacances-passionnantes","13":"product_tag-excursions-dune-journee","14":"product_tag-experiences-sensorielles","15":"product_tag-fetes","16":"product_tag-ils-se-vendent-rapidement","17":"product_tag-location-de-yacht","18":"product_tag-louer-des-voitures","19":"product_tag-mariage-et-lune-de-miel","20":"product_tag-retraites-et-ceremonies-spirituelles","21":"product_tag-transferts","22":"product_tag-visites-nocturnes","24":"first","25":"instock","26":"shipping-taxable","27":"product-type-external"},"_links":{"self":[{"href":"https:\/\/muestra.ghistoursandtransfers.com\/fr\/wp-json\/wp\/v2\/product\/2718","targetHints":{"allow":["GET"]}}],"collection":[{"href":"https:\/\/muestra.ghistoursandtransfers.com\/fr\/wp-json\/wp\/v2\/product"}],"about":[{"href":"https:\/\/muestra.ghistoursandtransfers.com\/fr\/wp-json\/wp\/v2\/types\/product"}],"replies":[{"embeddable":true,"href":"https:\/\/muestra.ghistoursandtransfers.com\/fr\/wp-json\/wp\/v2\/comments?post=2718"}],"version-history":[{"count":0,"href":"https:\/\/muestra.ghistoursandtransfers.com\/fr\/wp-json\/wp\/v2\/product\/2718\/revisions"}],"wp:featuredmedia":[{"embeddable":true,"href":"https:\/\/muestra.ghistoursandtransfers.com\/fr\/wp-json\/wp\/v2\/media\/2127"}],"wp:attachment":[{"href":"https:\/\/muestra.ghistoursandtransfers.com\/fr\/wp-json\/wp\/v2\/media?parent=2718"}],"wp:term":[{"taxonomy":"product_brand","embeddable":true,"href":"https:\/\/muestra.ghistoursandtransfers.com\/fr\/wp-json\/wp\/v2\/product_brand?post=2718"},{"taxonomy":"product_cat","embeddable":true,"href":"https:\/\/muestra.ghistoursandtransfers.com\/fr\/wp-json\/wp\/v2\/product_cat?post=2718"},{"taxonomy":"product_tag","embeddable":true,"href":"https:\/\/muestra.ghistoursandtransfers.com\/fr\/wp-json\/wp\/v2\/product_tag?post=2718"}],"curies":[{"name":"wp","href":"https:\/\/api.w.org\/{rel}","templated":true}]}}