{"id":2716,"date":"2024-07-10T19:08:20","date_gmt":"2024-07-11T00:08:20","guid":{"rendered":"https:\/trip\/cite-perdue\/"},"modified":"2024-07-10T19:08:20","modified_gmt":"2024-07-11T00:08:20","slug":"cite-perdue","status":"publish","type":"product","link":"https:\/\/muestra.ghistoursandtransfers.com\/fr\/voyage\/cite-perdue\/","title":{"rendered":"Cit\u00e9 perdue"},"content":{"rendered":"<p>Lors du circuit Lost City (Teyuna) en Colombie, vous aurez l&rsquo;occasion de vous lancer dans une aventure unique qui vous m\u00e8nera \u00e0 travers la dense for\u00eat tropicale de la Sierra Nevada de Santa Marta. Au cours de plusieurs jours de randonn\u00e9e de difficult\u00e9 moyenne, vous traverserez des rivi\u00e8res aux eaux cristallines, gravirez d&rsquo;anciennes marches de pierre et vous plongerez dans un environnement naturel \u00e9poustouflant et diversifi\u00e9. Enfin, vous arriverez \u00e0 Teyuna, une ancienne ville construite par la civilisation Tayrona il y a plus de 1 000 ans. L\u00e0, vous explorerez des terrasses, des places et des sentiers pav\u00e9s entour\u00e9s d&rsquo;une v\u00e9g\u00e9tation tropicale luxuriante, tout en d\u00e9couvrant la riche histoire et la culture du peuple indig\u00e8ne Tayrona. L&rsquo;exp\u00e9rience culmine avec la vue depuis la Cit\u00e9 Perdue, o\u00f9 vous pourrez admirer les montagnes environnantes et ressentir la magie d&rsquo;avoir d\u00e9couvert l&rsquo;un des sites arch\u00e9ologiques les plus fascinants et myst\u00e9rieux de Colombie.    <\/p>\n\n    <div class=\"xs_social_share_widget xs_share_url after_content \t\tmain_content  wslu-style-1 wslu-share-box-shaped wslu-fill-colored wslu-none wslu-share-horizontal wslu-theme-font-no wslu-main_content\">\n\n\t\t\n        <ul>\n\t\t\t        <\/ul>\n    <\/div> \n","protected":false},"excerpt":{"rendered":"<p>Lors du circuit Lost City (Teyuna) en Colombie, vous aurez l&rsquo;occasion de vous lancer dans une aventure unique qui vous m\u00e8nera \u00e0 travers la dense for\u00eat tropicale de la Sierra Nevada de Santa Marta. Au cours de plusieurs jours de randonn\u00e9e de difficult\u00e9 moyenne, vous traverserez des rivi\u00e8res aux eaux cristallines, gravirez d&rsquo;anciennes marches de [&hellip;]<\/p>\n","protected":false},"featured_media":2113,"comment_status":"open","ping_status":"closed","template":"","meta":{"_joinchat":[]},"product_brand":[],"product_cat":[294,238],"product_tag":[259,261,257,263,277,241,243,244,240,267,265,258,269,245,242],"class_list":{"0":"post-2716","1":"product","2":"type-product","3":"status-publish","4":"has-post-thumbnail","6":"product_cat-sierra-nevada-santa-marta-fr","7":"product_cat-colombie","8":"product_tag-anniversaire","9":"product_tag-autres-celebrations","10":"product_tag-aventures-sportives","11":"product_tag-centres-commerciaux","12":"product_tag-des-vacances-passionnantes","13":"product_tag-excursions-dune-journee","14":"product_tag-experiences-sensorielles","15":"product_tag-fetes","16":"product_tag-ils-se-vendent-rapidement","17":"product_tag-location-de-yacht","18":"product_tag-louer-des-voitures","19":"product_tag-mariage-et-lune-de-miel","20":"product_tag-retraites-et-ceremonies-spirituelles","21":"product_tag-transferts","22":"product_tag-visites-nocturnes","24":"first","25":"instock","26":"shipping-taxable","27":"product-type-external"},"_links":{"self":[{"href":"https:\/\/muestra.ghistoursandtransfers.com\/fr\/wp-json\/wp\/v2\/product\/2716","targetHints":{"allow":["GET"]}}],"collection":[{"href":"https:\/\/muestra.ghistoursandtransfers.com\/fr\/wp-json\/wp\/v2\/product"}],"about":[{"href":"https:\/\/muestra.ghistoursandtransfers.com\/fr\/wp-json\/wp\/v2\/types\/product"}],"replies":[{"embeddable":true,"href":"https:\/\/muestra.ghistoursandtransfers.com\/fr\/wp-json\/wp\/v2\/comments?post=2716"}],"version-history":[{"count":0,"href":"https:\/\/muestra.ghistoursandtransfers.com\/fr\/wp-json\/wp\/v2\/product\/2716\/revisions"}],"wp:featuredmedia":[{"embeddable":true,"href":"https:\/\/muestra.ghistoursandtransfers.com\/fr\/wp-json\/wp\/v2\/media\/2113"}],"wp:attachment":[{"href":"https:\/\/muestra.ghistoursandtransfers.com\/fr\/wp-json\/wp\/v2\/media?parent=2716"}],"wp:term":[{"taxonomy":"product_brand","embeddable":true,"href":"https:\/\/muestra.ghistoursandtransfers.com\/fr\/wp-json\/wp\/v2\/product_brand?post=2716"},{"taxonomy":"product_cat","embeddable":true,"href":"https:\/\/muestra.ghistoursandtransfers.com\/fr\/wp-json\/wp\/v2\/product_cat?post=2716"},{"taxonomy":"product_tag","embeddable":true,"href":"https:\/\/muestra.ghistoursandtransfers.com\/fr\/wp-json\/wp\/v2\/product_tag?post=2716"}],"curies":[{"name":"wp","href":"https:\/\/api.w.org\/{rel}","templated":true}]}}