{"id":2566,"date":"2024-07-10T19:10:15","date_gmt":"2024-07-11T00:10:15","guid":{"rendered":"https:\/trip\/rosario-iles\/"},"modified":"2024-12-13T01:04:33","modified_gmt":"2024-12-13T06:04:33","slug":"rosario-iles","status":"publish","type":"product","link":"https:\/\/muestra.ghistoursandtransfers.com\/fr\/voyage\/rosario-iles\/","title":{"rendered":"\u00celes Rosario"},"content":{"rendered":"<p>Sur les \u00eeles Rosario, situ\u00e9es dans la mer des Cara\u00efbes au large de la c\u00f4te de Carthag\u00e8ne, en Colombie, vous profiterez d&rsquo;un paradis tropical aux eaux cristallines et au sable blanc. Cet archipel est compos\u00e9 de plusieurs petites \u00eeles et atolls coralliens, parfaits pour le snorkeling et la plong\u00e9e gr\u00e2ce \u00e0 leurs r\u00e9cifs coralliens regorgeant de vie marine color\u00e9e. Lors de votre visite, vous pourrez vous d\u00e9tendre sur des plages paradisiaques, explorer la riche biodiversit\u00e9 sous-marine et participer \u00e0 des activit\u00e9s nautiques telles que le kayak et le paddleboard. En outre, les \u00eeles offrent des services de vill\u00e9giature et des restaurants o\u00f9 vous pourrez d\u00e9guster une d\u00e9licieuse cuisine locale, en particulier des fruits de mer frais. Les \u00eeles Rosario sont une destination id\u00e9ale pour ceux qui souhaitent combiner la d\u00e9tente sur la plage et l&rsquo;aventure dans un cadre naturel \u00e9poustouflant, le tout \u00e0 proximit\u00e9 de la ville historique de Carthag\u00e8ne.<\/p>\n\n    <div class=\"xs_social_share_widget xs_share_url after_content \t\tmain_content  wslu-style-1 wslu-share-box-shaped wslu-fill-colored wslu-none wslu-share-horizontal wslu-theme-font-no wslu-main_content\">\n\n\t\t\n        <ul>\n\t\t\t        <\/ul>\n    <\/div> \n","protected":false},"excerpt":{"rendered":"<h1>\n            <strong>Bons cadeaux : <\/strong><br \/>\n          <\/h1>\n<blockquote><p>ASLOP &#8211; 2&#215;1 en entr\u00e9es<\/p>\n<p>885TTks &#8211; 30% de r\u00e9duction<\/p><\/blockquote>\n<h6>\n            <em>(copier-coller sur le site du tour op\u00e9rateur apr\u00e8s devis)<\/em><br \/>\n          <\/h6>\n","protected":false},"featured_media":2105,"comment_status":"open","ping_status":"closed","template":"","meta":{"_joinchat":[]},"product_brand":[],"product_cat":[238,239],"product_tag":[259,261,257,263,277,241,243,244,240,267,265,258,269,245,242],"class_list":{"0":"post-2566","1":"product","2":"type-product","3":"status-publish","4":"has-post-thumbnail","6":"product_cat-colombie","7":"product_cat-carthagene","8":"product_tag-anniversaire","9":"product_tag-autres-celebrations","10":"product_tag-aventures-sportives","11":"product_tag-centres-commerciaux","12":"product_tag-des-vacances-passionnantes","13":"product_tag-excursions-dune-journee","14":"product_tag-experiences-sensorielles","15":"product_tag-fetes","16":"product_tag-ils-se-vendent-rapidement","17":"product_tag-location-de-yacht","18":"product_tag-louer-des-voitures","19":"product_tag-mariage-et-lune-de-miel","20":"product_tag-retraites-et-ceremonies-spirituelles","21":"product_tag-transferts","22":"product_tag-visites-nocturnes","24":"first","25":"instock","26":"shipping-taxable","27":"product-type-external"},"_links":{"self":[{"href":"https:\/\/muestra.ghistoursandtransfers.com\/fr\/wp-json\/wp\/v2\/product\/2566","targetHints":{"allow":["GET"]}}],"collection":[{"href":"https:\/\/muestra.ghistoursandtransfers.com\/fr\/wp-json\/wp\/v2\/product"}],"about":[{"href":"https:\/\/muestra.ghistoursandtransfers.com\/fr\/wp-json\/wp\/v2\/types\/product"}],"replies":[{"embeddable":true,"href":"https:\/\/muestra.ghistoursandtransfers.com\/fr\/wp-json\/wp\/v2\/comments?post=2566"}],"version-history":[{"count":3,"href":"https:\/\/muestra.ghistoursandtransfers.com\/fr\/wp-json\/wp\/v2\/product\/2566\/revisions"}],"predecessor-version":[{"id":4084,"href":"https:\/\/muestra.ghistoursandtransfers.com\/fr\/wp-json\/wp\/v2\/product\/2566\/revisions\/4084"}],"wp:featuredmedia":[{"embeddable":true,"href":"https:\/\/muestra.ghistoursandtransfers.com\/fr\/wp-json\/wp\/v2\/media\/2105"}],"wp:attachment":[{"href":"https:\/\/muestra.ghistoursandtransfers.com\/fr\/wp-json\/wp\/v2\/media?parent=2566"}],"wp:term":[{"taxonomy":"product_brand","embeddable":true,"href":"https:\/\/muestra.ghistoursandtransfers.com\/fr\/wp-json\/wp\/v2\/product_brand?post=2566"},{"taxonomy":"product_cat","embeddable":true,"href":"https:\/\/muestra.ghistoursandtransfers.com\/fr\/wp-json\/wp\/v2\/product_cat?post=2566"},{"taxonomy":"product_tag","embeddable":true,"href":"https:\/\/muestra.ghistoursandtransfers.com\/fr\/wp-json\/wp\/v2\/product_tag?post=2566"}],"curies":[{"name":"wp","href":"https:\/\/api.w.org\/{rel}","templated":true}]}}