{"id":4131,"date":"2024-06-04T00:33:02","date_gmt":"2024-06-04T05:33:02","guid":{"rendered":"https:\/emploi\/"},"modified":"2025-01-27T21:20:47","modified_gmt":"2025-01-28T02:20:47","slug":"emploi","status":"publish","type":"page","link":"https:\/\/muestra.ghistoursandtransfers.com\/fr\/emploi\/","title":{"rendered":"Emploi"},"content":{"rendered":"\t\t<div data-elementor-type=\"wp-page\" data-elementor-id=\"4131\" class=\"elementor elementor-4131 elementor-461\" data-elementor-post-type=\"page\">\n\t\t\t\t<div class=\"elementor-element elementor-element-0491c63 e-flex e-con-boxed e-con e-parent\" data-id=\"0491c63\" data-element_type=\"container\" data-settings=\"{&quot;background_background&quot;:&quot;classic&quot;}\">\n\t\t\t\t\t<div class=\"e-con-inner\">\n\t\t\t\t<div class=\"elementor-element elementor-element-d3dcdce elementor-widget elementor-widget-heading\" data-id=\"d3dcdce\" data-element_type=\"widget\" data-widget_type=\"heading.default\">\n\t\t\t\t<div class=\"elementor-widget-container\">\n\t\t\t\t\t<h2 class=\"elementor-heading-title elementor-size-default\">Rejoignez notre \u00e9quipe! <\/h2>\t\t\t\t<\/div>\n\t\t\t\t<\/div>\n\t\t\t\t\t<\/div>\n\t\t\t\t<\/div>\n\t\t<div class=\"elementor-element elementor-element-3315828 e-flex e-con-boxed e-con e-parent\" data-id=\"3315828\" data-element_type=\"container\">\n\t\t\t\t\t<div class=\"e-con-inner\">\n\t\t\t\t<div class=\"elementor-element elementor-element-268e736 elementor-widget elementor-widget-spacer\" data-id=\"268e736\" data-element_type=\"widget\" data-widget_type=\"spacer.default\">\n\t\t\t\t<div class=\"elementor-widget-container\">\n\t\t\t\t\t\t\t<div class=\"elementor-spacer\">\n\t\t\t<div class=\"elementor-spacer-inner\"><\/div>\n\t\t<\/div>\n\t\t\t\t\t\t<\/div>\n\t\t\t\t<\/div>\n\t\t\t\t\t<\/div>\n\t\t\t\t<\/div>\n\t\t<div class=\"elementor-element elementor-element-7a50ec6 e-flex e-con-boxed e-con e-parent\" data-id=\"7a50ec6\" data-element_type=\"container\">\n\t\t\t\t\t<div class=\"e-con-inner\">\n\t\t<div class=\"elementor-element elementor-element-2dd4813 e-con-full e-flex e-con e-child\" data-id=\"2dd4813\" data-element_type=\"container\">\n\t\t\t\t<div class=\"elementor-element elementor-element-3fb0e12 elementor-widget elementor-widget-text-editor\" data-id=\"3fb0e12\" data-element_type=\"widget\" data-widget_type=\"text-editor.default\">\n\t\t\t\t<div class=\"elementor-widget-container\">\n\t\t\t\t\t\t\t\t\t<p>\u00cates-vous une personne passionn\u00e9e, talentueuse et motiv\u00e9e ? Nous vous recherchons ! Chez GHIS Tours et Transfers, nous recherchons des personnes comme vous pour rejoindre notre \u00e9quipe dynamique et en pleine croissance. Si vous \u00eates quelqu\u2019un qui cherche \u00e0 exprimer vos talents et votre d\u00e9veloppement professionnel, c\u2019est votre opportunit\u00e9.<\/p>\n\t\t\t\t\t\t\t\t<\/div>\n\t\t\t\t<\/div>\n\t\t\t\t<\/div>\n\t\t<div class=\"elementor-element elementor-element-9ab55b9 e-con-full e-flex e-con e-child\" data-id=\"9ab55b9\" data-element_type=\"container\">\n\t\t\t\t<div class=\"elementor-element elementor-element-f03bdd9 elementor-widget elementor-widget-text-editor\" data-id=\"f03bdd9\" data-element_type=\"widget\" data-widget_type=\"text-editor.default\">\n\t\t\t\t<div class=\"elementor-widget-container\">\n\t\t\t\t\t\t\t\t\t<p><strong>Pourquoi GHIS Tours et Transfers ? <\/strong><\/p>\n<p>Parce que nous valorisons la diversit\u00e9, la cr\u00e9ativit\u00e9 et l\u2019engagement dans le monde du tourisme. Nous croyons que notre succ\u00e8s d\u00e9pend des personnes qui font partie de notre \u00e9quipe.<\/p>\n<p>Nous travaillons ensemble pour surmonter les d\u00e9fis et c\u00e9l\u00e9brer les succ\u00e8s.<\/p>\n\t\t\t\t\t\t\t\t<\/div>\n\t\t\t\t<\/div>\n\t\t\t\t<\/div>\n\t\t\t\t\t<\/div>\n\t\t\t\t<\/div>\n\t\t<div class=\"elementor-element elementor-element-73a0c9e e-flex e-con-boxed e-con e-parent\" data-id=\"73a0c9e\" data-element_type=\"container\">\n\t\t\t\t\t<div class=\"e-con-inner\">\n\t\t\t\t<div class=\"elementor-element elementor-element-13e669a elementor-widget elementor-widget-heading\" data-id=\"13e669a\" data-element_type=\"widget\" data-widget_type=\"heading.default\">\n\t\t\t\t<div class=\"elementor-widget-container\">\n\t\t\t\t\t<h2 class=\"elementor-heading-title elementor-size-default\">Postes vacants disponibles :<\/h2>\t\t\t\t<\/div>\n\t\t\t\t<\/div>\n\t\t\t\t\t<\/div>\n\t\t\t\t<\/div>\n\t\t<div class=\"elementor-element elementor-element-667d378 e-flex e-con-boxed e-con e-parent\" data-id=\"667d378\" data-element_type=\"container\">\n\t\t\t\t\t<div class=\"e-con-inner\">\n\t\t\t\t\t<\/div>\n\t\t\t\t<\/div>\n\t\t<div class=\"elementor-element elementor-element-7302ae6 e-flex e-con-boxed e-con e-parent\" data-id=\"7302ae6\" data-element_type=\"container\">\n\t\t\t\t\t<div class=\"e-con-inner\">\n\t\t\t\t<div class=\"elementor-element elementor-element-f5c2671 elementor-widget elementor-widget-spacer\" data-id=\"f5c2671\" data-element_type=\"widget\" data-widget_type=\"spacer.default\">\n\t\t\t\t<div class=\"elementor-widget-container\">\n\t\t\t\t\t\t\t<div class=\"elementor-spacer\">\n\t\t\t<div class=\"elementor-spacer-inner\"><\/div>\n\t\t<\/div>\n\t\t\t\t\t\t<\/div>\n\t\t\t\t<\/div>\n\t\t\t\t\t<\/div>\n\t\t\t\t<\/div>\n\t\t\t\t<\/div>\n\t\t\n    <div class=\"xs_social_share_widget xs_share_url after_content \t\tmain_content  wslu-style-1 wslu-share-box-shaped wslu-fill-colored wslu-none wslu-share-horizontal wslu-theme-font-no wslu-main_content\">\n\n\t\t\n        <ul>\n\t\t\t        <\/ul>\n    <\/div> \n","protected":false},"excerpt":{"rendered":"<p>Rejoignez notre \u00e9quipe! \u00cates-vous une personne passionn\u00e9e, talentueuse et motiv\u00e9e ? Nous vous recherchons ! Chez GHIS Tours et Transfers, nous recherchons des personnes comme vous pour rejoindre notre \u00e9quipe dynamique et en pleine croissance. Si vous \u00eates quelqu\u2019un qui cherche \u00e0 exprimer vos talents et votre d\u00e9veloppement professionnel, c\u2019est votre opportunit\u00e9. Pourquoi GHIS Tours [&hellip;]<\/p>\n","protected":false},"author":1,"featured_media":0,"parent":0,"menu_order":0,"comment_status":"closed","ping_status":"closed","template":"","meta":{"_joinchat":[],"footnotes":""},"class_list":["post-4131","page","type-page","status-publish","hentry"],"_links":{"self":[{"href":"https:\/\/muestra.ghistoursandtransfers.com\/fr\/wp-json\/wp\/v2\/pages\/4131","targetHints":{"allow":["GET"]}}],"collection":[{"href":"https:\/\/muestra.ghistoursandtransfers.com\/fr\/wp-json\/wp\/v2\/pages"}],"about":[{"href":"https:\/\/muestra.ghistoursandtransfers.com\/fr\/wp-json\/wp\/v2\/types\/page"}],"author":[{"embeddable":true,"href":"https:\/\/muestra.ghistoursandtransfers.com\/fr\/wp-json\/wp\/v2\/users\/1"}],"replies":[{"embeddable":true,"href":"https:\/\/muestra.ghistoursandtransfers.com\/fr\/wp-json\/wp\/v2\/comments?post=4131"}],"version-history":[{"count":1,"href":"https:\/\/muestra.ghistoursandtransfers.com\/fr\/wp-json\/wp\/v2\/pages\/4131\/revisions"}],"predecessor-version":[{"id":4132,"href":"https:\/\/muestra.ghistoursandtransfers.com\/fr\/wp-json\/wp\/v2\/pages\/4131\/revisions\/4132"}],"wp:attachment":[{"href":"https:\/\/muestra.ghistoursandtransfers.com\/fr\/wp-json\/wp\/v2\/media?parent=4131"}],"curies":[{"name":"wp","href":"https:\/\/api.w.org\/{rel}","templated":true}]}}