{"id":2854,"date":"2024-06-22T03:00:11","date_gmt":"2024-06-22T08:00:11","guid":{"rendered":"https:\/trip\/monastery-of-the-jeronimos\/"},"modified":"2024-06-22T03:00:11","modified_gmt":"2024-06-22T08:00:11","slug":"monastery-of-the-jeronimos","status":"publish","type":"product","link":"https:\/\/muestra.ghistoursandtransfers.com\/en\/trip\/monastery-of-the-jeronimos\/","title":{"rendered":"Monastery of the Jer\u00f3nimos"},"content":{"rendered":"<p>When you visit the Jer\u00f3nimos Monastery in Lisbon, you will marvel at a masterpiece of the Manueline style, a unique fusion of late Gothic architecture with Renaissance elements and intricate decorations. This impressive monastery, built in the 16th century to commemorate the success of the Portuguese discoveries, is known for its elaborate fa\u00e7ade decorated with maritime motifs and religious symbols. Upon entering, you will discover an equally impressive interior with a wide and high central nave, intricately carved columns and star-shaped vaults that give a sense of grandeur and spirituality. The monastery also houses the tombs of important historical figures, such as the navigator Vasco de Gama. Additionally, you can visit the Church of Santa Maria de Bel\u00e9m, adjacent to the monastery, where the tombs of Fernando Pessoa and Lu\u00eds de Cam\u00f5es, among others, are located. The Jer\u00f3nimos Monastery is a testament to Portugal&#8217;s power and wealth in the Age of Discovery, as well as an enduring symbol of Lisbon&#8217;s cultural and religious importance.     <\/p>\n\n    <div class=\"xs_social_share_widget xs_share_url after_content \t\tmain_content  wslu-style-1 wslu-share-box-shaped wslu-fill-colored wslu-none wslu-share-horizontal wslu-theme-font-no wslu-main_content\">\n\n\t\t\n        <ul>\n\t\t\t        <\/ul>\n    <\/div> \n","protected":false},"excerpt":{"rendered":"<p>When you visit the Jer\u00f3nimos Monastery in Lisbon, you will marvel at a masterpiece of the Manueline style, a unique fusion of late Gothic architecture with Renaissance elements and intricate decorations. This impressive monastery, built in the 16th century to commemorate the success of the Portuguese discoveries, is known for its elaborate fa\u00e7ade decorated with [&hellip;]<\/p>\n","protected":false},"featured_media":1862,"comment_status":"open","ping_status":"closed","template":"","meta":{"_joinchat":[]},"product_brand":[],"product_cat":[425,426],"product_tag":[256,249,276,250,260,252,264,251,262,268,254,248,253,255,266],"class_list":{"0":"post-2854","1":"product","2":"type-product","3":"status-publish","4":"has-post-thumbnail","6":"product_cat-lisboa-en","7":"product_cat-portugal-en","8":"product_tag-birthday","9":"product_tag-day-tours","10":"product_tag-exciting-holidays","11":"product_tag-night-tours","12":"product_tag-other-celebrations","13":"product_tag-party","14":"product_tag-rent-a-car","15":"product_tag-sensory-experiences","16":"product_tag-shopping-malls","17":"product_tag-spiritual-retreats-and-ceremonies","18":"product_tag-sports-adventures","19":"product_tag-they-sell-out-quickly","20":"product_tag-transfers","21":"product_tag-wedding-and-honeymoon","22":"product_tag-yacht-rental","24":"first","25":"instock","26":"shipping-taxable","27":"product-type-external"},"_links":{"self":[{"href":"https:\/\/muestra.ghistoursandtransfers.com\/en\/wp-json\/wp\/v2\/product\/2854","targetHints":{"allow":["GET"]}}],"collection":[{"href":"https:\/\/muestra.ghistoursandtransfers.com\/en\/wp-json\/wp\/v2\/product"}],"about":[{"href":"https:\/\/muestra.ghistoursandtransfers.com\/en\/wp-json\/wp\/v2\/types\/product"}],"replies":[{"embeddable":true,"href":"https:\/\/muestra.ghistoursandtransfers.com\/en\/wp-json\/wp\/v2\/comments?post=2854"}],"version-history":[{"count":0,"href":"https:\/\/muestra.ghistoursandtransfers.com\/en\/wp-json\/wp\/v2\/product\/2854\/revisions"}],"wp:featuredmedia":[{"embeddable":true,"href":"https:\/\/muestra.ghistoursandtransfers.com\/en\/wp-json\/wp\/v2\/media\/1862"}],"wp:attachment":[{"href":"https:\/\/muestra.ghistoursandtransfers.com\/en\/wp-json\/wp\/v2\/media?parent=2854"}],"wp:term":[{"taxonomy":"product_brand","embeddable":true,"href":"https:\/\/muestra.ghistoursandtransfers.com\/en\/wp-json\/wp\/v2\/product_brand?post=2854"},{"taxonomy":"product_cat","embeddable":true,"href":"https:\/\/muestra.ghistoursandtransfers.com\/en\/wp-json\/wp\/v2\/product_cat?post=2854"},{"taxonomy":"product_tag","embeddable":true,"href":"https:\/\/muestra.ghistoursandtransfers.com\/en\/wp-json\/wp\/v2\/product_tag?post=2854"}],"curies":[{"name":"wp","href":"https:\/\/api.w.org\/{rel}","templated":true}]}}